{"id":128,"date":"2011-08-03T10:14:13","date_gmt":"2011-08-03T08:14:13","guid":{"rendered":"http:\/\/histoirencours.fr\/blog\/?page_id=128"},"modified":"2011-08-05T11:13:07","modified_gmt":"2011-08-05T09:13:07","slug":"quiz-de-troisieme","status":"publish","type":"page","link":"https:\/\/histoirencours.fr\/blog\/?page_id=128","title":{"rendered":"Quiz et mots crois\u00e9s de 3\u00e8me"},"content":{"rendered":"<p>Dans ces pages, quelques quiz d&#8217;Histoire et des mots crois\u00e9s d&#8217;Education civique et d&#8217;Histoire. Egalement un exercice interactif sous Didapages d&#8217;entrainement au Brevet.<\/p>\n<p style=\"text-align: center;\"><a title=\"Quiz d\u2019Histoire de 3\u00e8me\" href=\"http:\/\/histoirencours.fr\/blog\/?page_id=135\">2 quiz sur la Seconde guerre mondiale et des mots crois\u00e9s d&#8217;Histoire<\/a><\/p>\n<p style=\"text-align: center;\"><a href=\"http:\/\/histoirencours.fr\/blog\/wp-content\/uploads\/2011\/08\/HPIM3219.jpg\"><img loading=\"lazy\" decoding=\"async\" class=\"aligncenter size-medium wp-image-129\" title=\"char en exposition sur le haut d'Arromanches (Normandie)\" src=\"http:\/\/histoirencours.fr\/blog\/wp-content\/uploads\/2011\/08\/HPIM3219-300x224.jpg\" alt=\"\" width=\"300\" height=\"224\" srcset=\"https:\/\/histoirencours.fr\/blog\/wp-content\/uploads\/2011\/08\/HPIM3219-300x224.jpg 300w, https:\/\/histoirencours.fr\/blog\/wp-content\/uploads\/2011\/08\/HPIM3219-1024x764.jpg 1024w\" sizes=\"auto, (max-width: 300px) 100vw, 300px\" \/><\/a><\/p>\n<p>&nbsp;<\/p>\n<p style=\"text-align: center;\"><a title=\"Mots crois\u00e9s d\u2019Education civique de 3\u00e8me\" href=\"http:\/\/histoirencours.fr\/blog\/?page_id=145\">Mots crois\u00e9s d&#8217;Education civique<\/a><\/p>\n<p style=\"text-align: center;\"><a href=\"http:\/\/histoirencours.fr\/blog\/wp-content\/uploads\/2011\/08\/illustration-de-la-R\u00e9publique-fran\u00e7aise-.png\"><img loading=\"lazy\" decoding=\"async\" class=\"aligncenter size-medium wp-image-132\" title=\"illustration-de-la-R\u00e9publique-fran\u00e7aise-\" src=\"http:\/\/histoirencours.fr\/blog\/wp-content\/uploads\/2011\/08\/illustration-de-la-R\u00e9publique-fran\u00e7aise--300x176.png\" alt=\"\" width=\"300\" height=\"176\" srcset=\"https:\/\/histoirencours.fr\/blog\/wp-content\/uploads\/2011\/08\/illustration-de-la-R\u00e9publique-fran\u00e7aise--300x176.png 300w, https:\/\/histoirencours.fr\/blog\/wp-content\/uploads\/2011\/08\/illustration-de-la-R\u00e9publique-fran\u00e7aise-.png 800w\" sizes=\"auto, (max-width: 300px) 100vw, 300px\" \/><\/a><\/p>\n<p>Views: 432<\/p>","protected":false},"excerpt":{"rendered":"<p>Dans ces pages, quelques quiz d&#8217;Histoire et des mots crois\u00e9s d&#8217;Education civique et d&#8217;Histoire. Egalement un exercice interactif sous Didapages d&#8217;entrainement au Brevet. 2 quiz sur la Seconde guerre mondiale et des mots crois\u00e9s d&#8217;Histoire &nbsp; Mots crois\u00e9s d&#8217;Education civique &hellip; <a href=\"https:\/\/histoirencours.fr\/blog\/?page_id=128\">Continuer la lecture <span class=\"meta-nav\">&rarr;<\/span><\/a><\/p>\n","protected":false},"author":1,"featured_media":0,"parent":23,"menu_order":0,"comment_status":"closed","ping_status":"open","template":"","meta":{"_monsterinsights_skip_tracking":false,"_monsterinsights_sitenote_active":false,"_monsterinsights_sitenote_note":"","_monsterinsights_sitenote_category":0,"ngg_post_thumbnail":0,"footnotes":""},"class_list":["post-128","page","type-page","status-publish","hentry"],"aioseo_notices":[],"amp_enabled":true,"_links":{"self":[{"href":"https:\/\/histoirencours.fr\/blog\/index.php?rest_route=\/wp\/v2\/pages\/128","targetHints":{"allow":["GET"]}}],"collection":[{"href":"https:\/\/histoirencours.fr\/blog\/index.php?rest_route=\/wp\/v2\/pages"}],"about":[{"href":"https:\/\/histoirencours.fr\/blog\/index.php?rest_route=\/wp\/v2\/types\/page"}],"author":[{"embeddable":true,"href":"https:\/\/histoirencours.fr\/blog\/index.php?rest_route=\/wp\/v2\/users\/1"}],"replies":[{"embeddable":true,"href":"https:\/\/histoirencours.fr\/blog\/index.php?rest_route=%2Fwp%2Fv2%2Fcomments&post=128"}],"version-history":[{"count":4,"href":"https:\/\/histoirencours.fr\/blog\/index.php?rest_route=\/wp\/v2\/pages\/128\/revisions"}],"predecessor-version":[{"id":131,"href":"https:\/\/histoirencours.fr\/blog\/index.php?rest_route=\/wp\/v2\/pages\/128\/revisions\/131"}],"up":[{"embeddable":true,"href":"https:\/\/histoirencours.fr\/blog\/index.php?rest_route=\/wp\/v2\/pages\/23"}],"wp:attachment":[{"href":"https:\/\/histoirencours.fr\/blog\/index.php?rest_route=%2Fwp%2Fv2%2Fmedia&parent=128"}],"curies":[{"name":"wp","href":"https:\/\/api.w.org\/{rel}","templated":true}]}}