{"id":135,"date":"2011-08-03T10:29:35","date_gmt":"2011-08-03T08:29:35","guid":{"rendered":"http:\/\/histoirencours.fr\/blog\/?page_id=135"},"modified":"2013-03-13T18:22:04","modified_gmt":"2013-03-13T17:22:04","slug":"quiz-dhistoire-de-3eme","status":"publish","type":"page","link":"https:\/\/histoirencours.fr\/blog\/?page_id=135","title":{"rendered":"Quiz d&#8217;Histoire de 3\u00e8me"},"content":{"rendered":"<p>&nbsp;<\/p>\n<div style=\"width: 172px\" class=\"wp-caption aligncenter\"><img loading=\"lazy\" decoding=\"async\" class=\"  \" title=\"Hiroshima\" alt=\"\" src=\"http:\/\/0.tqn.com\/d\/history1900s\/1\/0\/u\/U\/hn10.gif\" width=\"162\" height=\"216\" \/><p class=\"wp-caption-text\">Picture courtesy of the National Archives and Records Administration.<\/p><\/div>\n<p><strong><span style=\"color: #ff0000;\">Dans cette page seront regroup\u00e9s les exercices r\u00e9alis\u00e9s pour les \u00e9l\u00e8ves de Troisi\u00e8me.\u00a0<\/span><\/strong><span style=\"color: #ff0000;\"><span style=\"color: #000000;\">J&#8217;esp\u00e8re avoir le temps d&#8217;en faire pour tous les chapitres de du nouveau programme, mais ce sera peut-\u00eatre difficile!<\/span><\/span><\/p>\n<ul>\n<li><span style=\"color: #000000;\"><strong><span style=\"text-decoration: underline;\">Chapitre 1<\/span> : Les grandes innovations scientifiques et technologiques<\/strong><\/span><\/li>\n<\/ul>\n<p><a href=\"http:\/\/histoirencours.fr\/quizz\/Quizz3eme\/Les-innovations-scientifiqu-Web\/index.html\" target=\"_blank\">Un quiz<\/a> plut\u00f4t bas\u00e9 sur la tuberculose, mais accessible \u00e0 tous les \u00e9l\u00e8ves de 3\u00e8me sur ce chapitre.<\/p>\n<ul>\n<li><strong><span style=\"text-decoration: underline;\">Chapitre 2<\/span> : L&#8217;\u00e9volution du syst\u00e8me de production et ses cons\u00e9quences sociales<\/strong><\/li>\n<\/ul>\n<p><a href=\"http:\/\/histoirencours.fr\/quizz\/Quizz3eme\/systeme-de-production-Web\/index.html\" target=\"_blank\">Le quiz<\/a> qui aborde les principaux points du chapitre.<\/p>\n<p>&nbsp;<\/p>\n<ul>\n<li><strong><span style=\"text-decoration: underline;\">Chapitre 7<\/span> (ou 10 selon l&#8217;ordre du programme) : La France entre les deux guerres<\/strong><\/li>\n<\/ul>\n<p><a href=\"http:\/\/histoirencours.fr\/quizz\/Quizz3eme\/France-1917-1936-Web\/index.html\" target=\"_blank\">Le quiz<\/a> en 30 questions qui aborde les connaissances essentielles du chapitre.<\/p>\n<p><strong><span style=\"color: #ff0000;\">Ci-dessous, tous les quiz et mots crois\u00e9s concernant l&#8217;ancien programme de 3\u00e8me (les questions de connaissances y sont encore utiles!)<\/span><\/strong><\/p>\n<p><span style=\"color: #800000;\"><span style=\"text-decoration: underline;\">\u00a0Chapitre 3<\/span> : Les crises des ann\u00e9es 1930<\/span><\/p>\n<h3><span style=\"color: #003366;\">Un <a href=\"http:\/\/histoirencours.fr\/quizz\/Quizz3eme\/sujet%20brevet%20nazisme\/index.html\" target=\"_blank\">devoir type brevet<\/a>\u00a0sur l&#8217;Allemagne nazie r\u00e9alis\u00e9 sous <span style=\"color: #ff0000;\">Didapages<\/span>\u00a0(Ce n&#8217;est plus ce typa de devoir qui est demand\u00e9, mais l&#8217;exercice, notamment les questions sur document conserve quelque int\u00e9r\u00eat).<\/span><\/h3>\n<h3><span style=\"color: #003366;\"><strong><span style=\"text-decoration: underline;\"><span style=\"color: #333399; text-decoration: underline;\">U<\/span><span style=\"color: #333399; text-decoration: underline;\">ne grille de mots crois\u00e9s sur l&#8217;Allemagne nazie<\/span><\/span><\/strong><\/span><\/h3>\n<h3><a href=\"http:\/\/histoirencours.fr\/quizz\/mots3eme\/grille_nazisme_html_1\/default.html\" target=\"_blank\"><img loading=\"lazy\" decoding=\"async\" class=\"aligncenter size-full wp-image-61\" title=\"Netquiz Pro_Francais\" alt=\"\" src=\"http:\/\/histoirencours.fr\/blog\/wp-content\/uploads\/2011\/07\/Netquiz-Pro_Francais.png\" width=\"64\" height=\"64\" \/><\/a><\/h3>\n<p>&nbsp;<\/p>\n<h3><span style=\"color: #800000;\"><span style=\"text-decoration: underline;\">Chapitre 4<\/span> : La seconde guerre mondiale<\/span><\/h3>\n<h3><span style=\"text-decoration: underline;\"><strong><span style=\"color: #333399; text-decoration: underline;\">Deux quiz et quatre grilles de mots crois\u00e9s sur la Seconde guerre mondiale<\/span><\/strong><\/span><\/h3>\n<p><a href=\"http:\/\/histoirencours.fr\/blog\/wp-content\/uploads\/2011\/07\/Netquiz-Pro_Francais.png\"><img loading=\"lazy\" decoding=\"async\" class=\"aligncenter size-full wp-image-61\" title=\"Netquiz Pro_Francais\" alt=\"\" src=\"http:\/\/histoirencours.fr\/blog\/wp-content\/uploads\/2011\/07\/Netquiz-Pro_Francais.png\" width=\"64\" height=\"64\" \/><\/a><\/p>\n<p>Le premier quiz sur <a href=\"http:\/\/histoirencours.fr\/quizz\/Quizz3eme\/France-2GM-Web\/index.html\" target=\"_blank\">la France pendant la guerre<\/a><\/p>\n<p>Le second quiz sur <a href=\"http:\/\/histoirencours.fr\/quizz\/Quizz3eme\/Bilan-de-la-guerre-Web\/index.html\" target=\"_blank\">le bilan de la guerre<\/a><\/p>\n<p><a href=\"http:\/\/histoirencours.fr\/blog\/wp-content\/uploads\/2011\/07\/image-grille.jpg\"><img loading=\"lazy\" decoding=\"async\" class=\"aligncenter size-thumbnail wp-image-42\" title=\"image grille\" alt=\"\" src=\"http:\/\/histoirencours.fr\/blog\/wp-content\/uploads\/2011\/07\/image-grille-150x150.jpg\" width=\"150\" height=\"150\" \/><\/a><\/p>\n<p>La premi\u00e8re grille sur <a href=\"http:\/\/histoirencours.fr\/quizz\/mots3eme\/grille_phasesguerre_html_1\/default.html\" target=\"_blank\">les phases de la guerre<\/a><\/p>\n<p>La deuxi\u00e8me grille sur <a href=\"http:\/\/histoirencours.fr\/quizz\/mots3eme\/grille_France_html_1\/default.html\" target=\"_blank\">la France pendant la guerre<\/a><\/p>\n<p>La troisi\u00e8me grille sur <a title=\"ESSAI FICHIER SWF\" href=\"http:\/\/histoirencours.fr\/quizz\/mots3eme\/grille_europenazie_html_1\/default.html\" target=\"_blank\">l&#8217;Europe occup\u00e9e par les nazis<\/a><\/p>\n<p>La derni\u00e8re grille sur <a href=\"http:\/\/histoirencours.fr\/quizz\/mots3eme\/grille_bilanguerre_html_1\/default.html\" target=\"_blank\">le bilan de la guerre<\/a><\/p>\n<p>&nbsp;<\/p>\n<p><a title=\"Quiz et mots crois\u00e9s de 3\u00e8me\" href=\"http:\/\/histoirencours.fr\/blog\/?page_id=128\">Retour \u00e0 la page Quiz et mots crois\u00e9s de 3\u00e8me<\/a><\/p>\n<p>Views: 707<\/p>","protected":false},"excerpt":{"rendered":"<p>&nbsp; Dans cette page seront regroup\u00e9s les exercices r\u00e9alis\u00e9s pour les \u00e9l\u00e8ves de Troisi\u00e8me.\u00a0J&#8217;esp\u00e8re avoir le temps d&#8217;en faire pour tous les chapitres de du nouveau programme, mais ce sera peut-\u00eatre difficile! Chapitre 1 : Les grandes innovations scientifiques et &hellip; <a href=\"https:\/\/histoirencours.fr\/blog\/?page_id=135\">Continuer la lecture <span class=\"meta-nav\">&rarr;<\/span><\/a><\/p>\n","protected":false},"author":1,"featured_media":0,"parent":128,"menu_order":0,"comment_status":"closed","ping_status":"open","template":"","meta":{"_monsterinsights_skip_tracking":false,"_monsterinsights_sitenote_active":false,"_monsterinsights_sitenote_note":"","_monsterinsights_sitenote_category":0,"ngg_post_thumbnail":0,"footnotes":""},"class_list":["post-135","page","type-page","status-publish","hentry"],"aioseo_notices":[],"amp_enabled":true,"_links":{"self":[{"href":"https:\/\/histoirencours.fr\/blog\/index.php?rest_route=\/wp\/v2\/pages\/135","targetHints":{"allow":["GET"]}}],"collection":[{"href":"https:\/\/histoirencours.fr\/blog\/index.php?rest_route=\/wp\/v2\/pages"}],"about":[{"href":"https:\/\/histoirencours.fr\/blog\/index.php?rest_route=\/wp\/v2\/types\/page"}],"author":[{"embeddable":true,"href":"https:\/\/histoirencours.fr\/blog\/index.php?rest_route=\/wp\/v2\/users\/1"}],"replies":[{"embeddable":true,"href":"https:\/\/histoirencours.fr\/blog\/index.php?rest_route=%2Fwp%2Fv2%2Fcomments&post=135"}],"version-history":[{"count":18,"href":"https:\/\/histoirencours.fr\/blog\/index.php?rest_route=\/wp\/v2\/pages\/135\/revisions"}],"predecessor-version":[{"id":140,"href":"https:\/\/histoirencours.fr\/blog\/index.php?rest_route=\/wp\/v2\/pages\/135\/revisions\/140"}],"up":[{"embeddable":true,"href":"https:\/\/histoirencours.fr\/blog\/index.php?rest_route=\/wp\/v2\/pages\/128"}],"wp:attachment":[{"href":"https:\/\/histoirencours.fr\/blog\/index.php?rest_route=%2Fwp%2Fv2%2Fmedia&parent=135"}],"curies":[{"name":"wp","href":"https:\/\/api.w.org\/{rel}","templated":true}]}}