{"id":145,"date":"2011-08-03T14:42:59","date_gmt":"2011-08-03T12:42:59","guid":{"rendered":"http:\/\/histoirencours.fr\/blog\/?page_id=145"},"modified":"2011-10-10T17:43:05","modified_gmt":"2011-10-10T15:43:05","slug":"mots-croises-deducation-civique-de-3eme","status":"publish","type":"page","link":"https:\/\/histoirencours.fr\/blog\/?page_id=145","title":{"rendered":"Mots crois\u00e9s d&#8217;Education civique de 3\u00e8me"},"content":{"rendered":"<p><img loading=\"lazy\" decoding=\"async\" class=\"aligncenter\" src=\"http:\/\/streetgeneration.fr\/news\/wp-content\/uploads\/2010\/06\/elys%C3%A9e1.jpg\" alt=\"\" width=\"336\" height=\"252\" \/><\/p>\n<h2><span style=\"color: #ff0000;\">Voici quelques grilles de mots crois\u00e9s sur le programme d&#8217;Education civique de 3\u00e8me :<\/span><\/h2>\n<p>&nbsp;<\/p>\n<p>Une grille sur <a href=\"http:\/\/histoirencours.fr\/quizz\/mots3eme\/grille_5emeRep_html_1\/default.html\" target=\"_blank\">la Cinqui\u00e8me R\u00e9publique<\/a><\/p>\n<p>Une grille sur <a href=\"http:\/\/histoirencours.fr\/quizz\/mots3eme\/grille_colterr_html_1\/default.html\" target=\"_blank\">les collectivit\u00e9s territoriales<\/a><\/p>\n<p>Une grille sur <a href=\"http:\/\/histoirencours.fr\/quizz\/mots3eme\/grille_elections_html_1\/default.html\" target=\"_blank\">les \u00e9lections\u00a0<\/a><\/p>\n<p>&nbsp;<\/p>\n<p><a title=\"Quiz et mots crois\u00e9s de 3\u00e8me\" href=\"http:\/\/histoirencours.fr\/blog\/?page_id=128\">Retour \u00e0 la page Quiz et mots crois\u00e9s de 3\u00e8me<\/a><\/p>\n<p>Views: 325<\/p>","protected":false},"excerpt":{"rendered":"<p>Voici quelques grilles de mots crois\u00e9s sur le programme d&#8217;Education civique de 3\u00e8me : &nbsp; Une grille sur la Cinqui\u00e8me R\u00e9publique Une grille sur les collectivit\u00e9s territoriales Une grille sur les \u00e9lections\u00a0 &nbsp; Retour \u00e0 la page Quiz et mots &hellip; <a href=\"https:\/\/histoirencours.fr\/blog\/?page_id=145\">Continuer la lecture <span class=\"meta-nav\">&rarr;<\/span><\/a><\/p>\n","protected":false},"author":1,"featured_media":0,"parent":128,"menu_order":0,"comment_status":"closed","ping_status":"open","template":"","meta":{"_monsterinsights_skip_tracking":false,"_monsterinsights_sitenote_active":false,"_monsterinsights_sitenote_note":"","_monsterinsights_sitenote_category":0,"ngg_post_thumbnail":0,"footnotes":""},"class_list":["post-145","page","type-page","status-publish","hentry"],"aioseo_notices":[],"amp_enabled":true,"_links":{"self":[{"href":"https:\/\/histoirencours.fr\/blog\/index.php?rest_route=\/wp\/v2\/pages\/145","targetHints":{"allow":["GET"]}}],"collection":[{"href":"https:\/\/histoirencours.fr\/blog\/index.php?rest_route=\/wp\/v2\/pages"}],"about":[{"href":"https:\/\/histoirencours.fr\/blog\/index.php?rest_route=\/wp\/v2\/types\/page"}],"author":[{"embeddable":true,"href":"https:\/\/histoirencours.fr\/blog\/index.php?rest_route=\/wp\/v2\/users\/1"}],"replies":[{"embeddable":true,"href":"https:\/\/histoirencours.fr\/blog\/index.php?rest_route=%2Fwp%2Fv2%2Fcomments&post=145"}],"version-history":[{"count":6,"href":"https:\/\/histoirencours.fr\/blog\/index.php?rest_route=\/wp\/v2\/pages\/145\/revisions"}],"predecessor-version":[{"id":147,"href":"https:\/\/histoirencours.fr\/blog\/index.php?rest_route=\/wp\/v2\/pages\/145\/revisions\/147"}],"up":[{"embeddable":true,"href":"https:\/\/histoirencours.fr\/blog\/index.php?rest_route=\/wp\/v2\/pages\/128"}],"wp:attachment":[{"href":"https:\/\/histoirencours.fr\/blog\/index.php?rest_route=%2Fwp%2Fv2%2Fmedia&parent=145"}],"curies":[{"name":"wp","href":"https:\/\/api.w.org\/{rel}","templated":true}]}}