{"id":1858,"date":"2012-09-09T08:35:55","date_gmt":"2012-09-09T06:35:55","guid":{"rendered":"http:\/\/histoirencours.fr\/blog\/?page_id=1858"},"modified":"2012-09-09T08:35:55","modified_gmt":"2012-09-09T06:35:55","slug":"le-manuel-en-ligne","status":"publish","type":"page","link":"https:\/\/histoirencours.fr\/blog\/?page_id=1858","title":{"rendered":"Le manuel en ligne"},"content":{"rendered":"<p>Le manuel d&#8217;Histoire-G\u00e9ographie peut \u00eatre lue directement sur Internet. Vous le trouvez \u00e0 cette adresse :<\/p>\n<p><a href=\"http:\/\/medias.editions-hatier.fr\/hatier\/flipnew\/94614\/index.htm\">http:\/\/medias.editions-hatier.fr\/hatier\/flipnew\/94614\/index.htm<\/a><\/p>\n<p><iframe loading=\"lazy\" src=\"http:\/\/medias.editions-hatier.fr\/hatier\/flipnew\/94614\/index.htm\" width=\"600\" height=\"450\"><\/iframe><\/p>\n<p>Views: 1967<\/p>","protected":false},"excerpt":{"rendered":"<p>Le manuel d&#8217;Histoire-G\u00e9ographie peut \u00eatre lue directement sur Internet. Vous le trouvez \u00e0 cette adresse : http:\/\/medias.editions-hatier.fr\/hatier\/flipnew\/94614\/index.htm Views: 1967<\/p>\n","protected":false},"author":1,"featured_media":0,"parent":0,"menu_order":0,"comment_status":"open","ping_status":"open","template":"","meta":{"_monsterinsights_skip_tracking":false,"_monsterinsights_sitenote_active":false,"_monsterinsights_sitenote_note":"","_monsterinsights_sitenote_category":0,"ngg_post_thumbnail":0,"footnotes":""},"class_list":["post-1858","page","type-page","status-publish","hentry"],"aioseo_notices":[],"amp_enabled":true,"_links":{"self":[{"href":"https:\/\/histoirencours.fr\/blog\/index.php?rest_route=\/wp\/v2\/pages\/1858","targetHints":{"allow":["GET"]}}],"collection":[{"href":"https:\/\/histoirencours.fr\/blog\/index.php?rest_route=\/wp\/v2\/pages"}],"about":[{"href":"https:\/\/histoirencours.fr\/blog\/index.php?rest_route=\/wp\/v2\/types\/page"}],"author":[{"embeddable":true,"href":"https:\/\/histoirencours.fr\/blog\/index.php?rest_route=\/wp\/v2\/users\/1"}],"replies":[{"embeddable":true,"href":"https:\/\/histoirencours.fr\/blog\/index.php?rest_route=%2Fwp%2Fv2%2Fcomments&post=1858"}],"version-history":[{"count":1,"href":"https:\/\/histoirencours.fr\/blog\/index.php?rest_route=\/wp\/v2\/pages\/1858\/revisions"}],"predecessor-version":[{"id":1859,"href":"https:\/\/histoirencours.fr\/blog\/index.php?rest_route=\/wp\/v2\/pages\/1858\/revisions\/1859"}],"wp:attachment":[{"href":"https:\/\/histoirencours.fr\/blog\/index.php?rest_route=%2Fwp%2Fv2%2Fmedia&parent=1858"}],"curies":[{"name":"wp","href":"https:\/\/api.w.org\/{rel}","templated":true}]}}