{"id":1861,"date":"2012-09-11T15:42:15","date_gmt":"2012-09-11T13:42:15","guid":{"rendered":"http:\/\/histoirencours.fr\/blog\/?page_id=1861"},"modified":"2012-09-11T15:44:13","modified_gmt":"2012-09-11T13:44:13","slug":"le-manuel-de-3eme-en-ligne","status":"publish","type":"page","link":"https:\/\/histoirencours.fr\/blog\/?page_id=1861","title":{"rendered":"Le manuel de 3\u00e8me en ligne"},"content":{"rendered":"<p><strong><span style=\"color: #ff0000;\">Le nouveau manuel de Troisi\u00e8me est \u00e9galement un manuel num\u00e9rique.<\/span><\/strong> Il est donc consultable sur Internet gratuitement.<\/p>\n<p><a href=\"http:\/\/histoirencours.fr\/blog\/wp-content\/uploads\/2012\/09\/couverture-LLS-3\u00e8me.jpg\"><img loading=\"lazy\" decoding=\"async\" class=\"alignleft size-medium wp-image-1874\" title=\"couverture LLS 3\u00e8me\" src=\"http:\/\/histoirencours.fr\/blog\/wp-content\/uploads\/2012\/09\/couverture-LLS-3\u00e8me-222x300.jpg\" alt=\"\" width=\"222\" height=\"300\" srcset=\"https:\/\/histoirencours.fr\/blog\/wp-content\/uploads\/2012\/09\/couverture-LLS-3\u00e8me-222x300.jpg 222w, https:\/\/histoirencours.fr\/blog\/wp-content\/uploads\/2012\/09\/couverture-LLS-3\u00e8me.jpg 580w\" sizes=\"auto, (max-width: 222px) 100vw, 222px\" \/><\/a><\/p>\n<p>Son \u00e9diteur, Le Livre Scolaire, a ajout\u00e9 de nombreuses fonctions \u00e0 ce manuel num\u00e9rique. Ainsi, vous pouvez y retrouver :<\/p>\n<ul>\n<li>des <span style=\"color: #008080;\">pages 100% Web<\/span> qui ne sont pas sur le manuel papier.<\/li>\n<li>des vid\u00e9os et des liens vers d&#8217;autres sites internet.<\/li>\n<\/ul>\n<div><span style=\"font-size: medium;\"><span style=\"line-height: 24px;\">Ce manuel permet <strong><span style=\"color: #008080;\">l&#8217;interactivit\u00e9<\/span><\/strong>, notamment avec votre professeur :<\/span><\/span><\/div>\n<ul>\n<li>Vous pouvez faire les exercices du manuel et en demander la correction et la notation.<\/li>\n<li>D&#8217;autres exercices cr\u00e9\u00e9s par des professeurs de coll\u00e8ge peuvent \u00eatre faits.<\/li>\n<\/ul>\n<p>Cela vous permet de travailler des types d&#8217;exercice particuliers pour vous entra\u00eener notamment pour le Brevet.<\/p>\n<p>Pour profiter de tout cela, vous devez vous connecter au site du manuel :<\/p>\n<p><a href=\"http:\/\/lelivrescolaire.fr\/\">http:\/\/lelivrescolaire.fr\/<\/a><\/p>\n<p>Pour apprendre \u00e0 l&#8217;utiliser, lisez ces deux tutoriels :<\/p>\n<p><a href=\"http:\/\/lelivrescolaire.fr\/files\/pdf\/Tutoriel%20Eleves%20naviguez%20dans%20le%20manuel.pdf\" target=\"_blank\">Se connecter et naviguer dans le manuel en ligne.<\/a><\/p>\n<p><a href=\"http:\/\/lelivrescolaire.fr\/files\/pdf\/Tutoriel%20Eleves%20consultez%20les%20corrections.pdf\" target=\"_blank\">Faire un exercice et en demander la correction.<\/a><\/p>\n<p>Views: 385<\/p>","protected":false},"excerpt":{"rendered":"<p>Le nouveau manuel de Troisi\u00e8me est \u00e9galement un manuel num\u00e9rique. Il est donc consultable sur Internet gratuitement. Son \u00e9diteur, Le Livre Scolaire, a ajout\u00e9 de nombreuses fonctions \u00e0 ce manuel num\u00e9rique. Ainsi, vous pouvez y retrouver : des pages 100% &hellip; <a href=\"https:\/\/histoirencours.fr\/blog\/?page_id=1861\">Continuer la lecture <span class=\"meta-nav\">&rarr;<\/span><\/a><\/p>\n","protected":false},"author":1,"featured_media":0,"parent":0,"menu_order":0,"comment_status":"open","ping_status":"open","template":"","meta":{"_monsterinsights_skip_tracking":false,"_monsterinsights_sitenote_active":false,"_monsterinsights_sitenote_note":"","_monsterinsights_sitenote_category":0,"ngg_post_thumbnail":0,"footnotes":""},"class_list":["post-1861","page","type-page","status-publish","hentry"],"aioseo_notices":[],"amp_enabled":true,"_links":{"self":[{"href":"https:\/\/histoirencours.fr\/blog\/index.php?rest_route=\/wp\/v2\/pages\/1861","targetHints":{"allow":["GET"]}}],"collection":[{"href":"https:\/\/histoirencours.fr\/blog\/index.php?rest_route=\/wp\/v2\/pages"}],"about":[{"href":"https:\/\/histoirencours.fr\/blog\/index.php?rest_route=\/wp\/v2\/types\/page"}],"author":[{"embeddable":true,"href":"https:\/\/histoirencours.fr\/blog\/index.php?rest_route=\/wp\/v2\/users\/1"}],"replies":[{"embeddable":true,"href":"https:\/\/histoirencours.fr\/blog\/index.php?rest_route=%2Fwp%2Fv2%2Fcomments&post=1861"}],"version-history":[{"count":4,"href":"https:\/\/histoirencours.fr\/blog\/index.php?rest_route=\/wp\/v2\/pages\/1861\/revisions"}],"predecessor-version":[{"id":1878,"href":"https:\/\/histoirencours.fr\/blog\/index.php?rest_route=\/wp\/v2\/pages\/1861\/revisions\/1878"}],"wp:attachment":[{"href":"https:\/\/histoirencours.fr\/blog\/index.php?rest_route=%2Fwp%2Fv2%2Fmedia&parent=1861"}],"curies":[{"name":"wp","href":"https:\/\/api.w.org\/{rel}","templated":true}]}}