{"id":2142,"date":"2013-01-06T14:51:28","date_gmt":"2013-01-06T13:51:28","guid":{"rendered":"http:\/\/histoirencours.fr\/blog\/?page_id=2142"},"modified":"2013-01-06T16:38:13","modified_gmt":"2013-01-06T15:38:13","slug":"3eme-concours-de-la-resistance-2012-2013","status":"publish","type":"page","link":"https:\/\/histoirencours.fr\/blog\/?page_id=2142","title":{"rendered":"3\u00e8me : Concours de la R\u00e9sistance 2012-2013"},"content":{"rendered":"<p><img loading=\"lazy\" decoding=\"async\" class=\"alignleft\" alt=\"\" src=\"http:\/\/md0.libe.com\/photo\/410031\/?modified_at=1334156991\" width=\"376\" height=\"462\" \/>Pour l\u2019ann\u00e9e 2012-2013, le jury national a choisi le th\u00e8me suivant :<\/p>\n<p><strong>\u00ab Communiquer pour r\u00e9sister (1940-1945). <\/strong><\/p>\n<p>Source : Une du journal clandestin &#8220;Lib\u00e9ration&#8221; du 1er mars 1943.<\/p>\n<p>&nbsp;<\/p>\n<p>&nbsp;<\/p>\n<p>&nbsp;<\/p>\n<p>&nbsp;<\/p>\n<p>&nbsp;<\/p>\n<p><strong><em>On insistera sur l\u2019importance de la communication pour les r\u00e9sistants. On \u00e9tudiera le r\u00f4le jou\u00e9 par la presse clandestine, les tracts, la radio\u2026 dans leur combat. On pourra \u00e9tablir des liens avec des \u00e9v\u00e8nements post\u00e9rieurs qui ont montr\u00e9 l\u2019importance de la communication dans la lutte pour la libert\u00e9. \u00bb<\/em><\/strong><\/p>\n<p><strong>En quoi consiste le concours :\u00a0<\/strong><\/p>\n<p>&#8220;Ce concours a pour objectif de perp\u00e9tuer chez les jeunes Fran\u00e7ais la m\u00e9moire de la R\u00e9sistance et de la d\u00e9portation afin de leur permettre de s\u2019en inspirer et d\u2019en tirer des le\u00e7ons civiques dans leur vie d\u2019aujourd\u2019hui.<\/p>\n<p>Ce concours consiste selon la cat\u00e9gorie \u00e0 r\u00e9aliser :<\/p>\n<ul>\n<li>un devoir individuel en classe (date des \u00e9preuves : le vendredi 22 mars 2013) ;<\/li>\n<li>un travail collectif qui peut \u00eatre un m\u00e9moire, associ\u00e9 ou non \u00e0 d&#8217;autres supports ;<\/li>\n<li>un travail collectif exclusivement audiovisuel (film, documentaire sonore).<\/li>\n<\/ul>\n<p>Les \u00e9tablissements doivent \u00a0adresser les copies individuelles et les travaux collectifs le\u00a0<strong>vendredi 29 mars 2013<\/strong>\u00a0au plus tard. &#8221; (Source :\u00a0http:\/\/www.ac-versailles.fr\/public\/)<\/p>\n<p>Le bulletin officiel qui d\u00e9taille l&#8217;organisation du concours est <a href=\"http:\/\/www.education.gouv.fr\/pid25535\/bulletin_officiel.html?cid_bo=60512\" target=\"_blank\">ici<\/a>.<\/p>\n<p><strong>Pour vous aider \u00e0 pr\u00e9parer le concours :<\/strong><\/p>\n<p>Premier site indispensable pour travailler le sujet, celui du CRDP de Cr\u00e9teil qui r\u00e9alise un <a href=\"http:\/\/www.cndp.fr\/crdp-creteil\/index.php\/animation\/concours\/concours-de-la-resistance\" target=\"_blank\">portail de ressources<\/a> pour le concours. On y trouve les liens vers les documents d&#8217;aide con\u00e7us sp\u00e9cialement pour l&#8217;occasion (revues, t\u00e9moignages&#8230;).<\/p>\n<p>On y trouve le dossier p\u00e9dagogique &#8220;R\u00e9sistance&#8221; qui est tr\u00e8s complet, interactif, et qui est associ\u00e9 \u00e0 des ressources (documents d&#8217;\u00e9poque notamment) class\u00e9es en 4 th\u00e8mes.<\/p>\n<p><a href=\"http:\/\/www.cndp.fr\/crdp-creteil\/telechargements\/crdp\/resistance\/resistance-2012-13.pdf\" target=\"_blank\"><img loading=\"lazy\" decoding=\"async\" class=\"size-thumbnail wp-image-2231 aligncenter\" alt=\"R\u00e9sistance\" src=\"http:\/\/histoirencours.fr\/blog\/wp-content\/uploads\/2013\/01\/R\u00e9sistance-150x150.jpg\" width=\"150\" height=\"150\" \/><\/a><\/p>\n<p>&nbsp;<\/p>\n<p>Egalement sur ce site, <a href=\"http:\/\/www.cndp.fr\/crdp-creteil\/resistance\/743-la-rencontre-temoins-eleves\" target=\"_blank\">4 t\u00e9moignages<\/a> de r\u00e9sistants en vid\u00e9os.<\/p>\n<p>La lettre de la fondation de la R\u00e9sistance (dont nous avons quelques exemplaires papier au coll\u00e8ge) est ici en version interactive avec des documents compl\u00e9mentaires :<\/p>\n<p><a href=\"http:\/\/www.fondationresistance.org\/catalogue\/appli.htm\" target=\"_blank\"><img decoding=\"async\" class=\"aligncenter\" alt=\"2013-brochure-fdr\" src=\"http:\/\/www.cndp.fr\/crdp-creteil\/images\/stories\/resistance\/vignettes\/2013-brochure-fdr.png\" \/><\/a><\/p>\n<p><strong>Voici quelques liens fournis par le CLEMI <\/strong><strong>:\u00a0<\/strong><\/p>\n<p><a href=\"http:\/\/www.lesite.tv\/videotheque\/\" target=\"_blank\">Lesitetv <\/a>\u00a0(Lucie Aubrac: La r\u00e9sistance, r\u00e9sister c&#8217;est informer ; 5&#8217;21<br \/>\n; n\u00e9cessit\u00e9 d&#8217;\u00eatre abonn\u00e9 au site)<\/p>\n<p><a href=\"http:\/\/www.cndp.fr\/crdp-besancon\/index.php?id=1625\" target=\"_blank\">CRDP de Besan\u00e7on<\/a><\/p>\n<p><a href=\"http:\/\/www.cheminsdememoire.gouv.fr\/fr\/la-presse-clandestine\" target=\"_blank\">Chemins de m\u00e9moire<\/a><\/p>\n<p>L&#8217;ECPAD, organisme du minist\u00e8re de la D\u00e9fense, a post\u00e9 quelques documents vid\u00e9os de l&#8217;\u00e9poque <a href=\"http:\/\/www.ecpad.fr\/tag\/cnrd\" target=\"_blank\">ici<\/a>.<\/p>\n<p>Enfin, 30 vid\u00e9os mises en ligne par l&#8217;INA, documents de propagande pour la plupart, datant de la guerre \u00e0 voir <a href=\"http:\/\/blogs.ina.fr\/edu\/categories\/educatif\/concours-national-de-la-resistance-2012-2013\/\" target=\"_blank\">ici<\/a>.<\/p>\n<p>Views: 137<\/p>","protected":false},"excerpt":{"rendered":"<p>Pour l\u2019ann\u00e9e 2012-2013, le jury national a choisi le th\u00e8me suivant : \u00ab Communiquer pour r\u00e9sister (1940-1945). Source : Une du journal clandestin &#8220;Lib\u00e9ration&#8221; du 1er mars 1943. &nbsp; &nbsp; &nbsp; &nbsp; &nbsp; On insistera sur l\u2019importance de la communication &hellip; <a href=\"https:\/\/histoirencours.fr\/blog\/?page_id=2142\">Continuer la lecture <span class=\"meta-nav\">&rarr;<\/span><\/a><\/p>\n","protected":false},"author":1,"featured_media":0,"parent":0,"menu_order":0,"comment_status":"open","ping_status":"open","template":"","meta":{"_monsterinsights_skip_tracking":false,"_monsterinsights_sitenote_active":false,"_monsterinsights_sitenote_note":"","_monsterinsights_sitenote_category":0,"ngg_post_thumbnail":0,"footnotes":""},"class_list":["post-2142","page","type-page","status-publish","hentry"],"aioseo_notices":[],"amp_enabled":true,"_links":{"self":[{"href":"https:\/\/histoirencours.fr\/blog\/index.php?rest_route=\/wp\/v2\/pages\/2142","targetHints":{"allow":["GET"]}}],"collection":[{"href":"https:\/\/histoirencours.fr\/blog\/index.php?rest_route=\/wp\/v2\/pages"}],"about":[{"href":"https:\/\/histoirencours.fr\/blog\/index.php?rest_route=\/wp\/v2\/types\/page"}],"author":[{"embeddable":true,"href":"https:\/\/histoirencours.fr\/blog\/index.php?rest_route=\/wp\/v2\/users\/1"}],"replies":[{"embeddable":true,"href":"https:\/\/histoirencours.fr\/blog\/index.php?rest_route=%2Fwp%2Fv2%2Fcomments&post=2142"}],"version-history":[{"count":10,"href":"https:\/\/histoirencours.fr\/blog\/index.php?rest_route=\/wp\/v2\/pages\/2142\/revisions"}],"predecessor-version":[{"id":2236,"href":"https:\/\/histoirencours.fr\/blog\/index.php?rest_route=\/wp\/v2\/pages\/2142\/revisions\/2236"}],"wp:attachment":[{"href":"https:\/\/histoirencours.fr\/blog\/index.php?rest_route=%2Fwp%2Fv2%2Fmedia&parent=2142"}],"curies":[{"name":"wp","href":"https:\/\/api.w.org\/{rel}","templated":true}]}}