{"id":23,"date":"2011-07-13T16:03:51","date_gmt":"2011-07-13T14:03:51","guid":{"rendered":"http:\/\/histoirencours.fr\/blog\/?page_id=23"},"modified":"2016-09-13T22:27:30","modified_gmt":"2016-09-13T20:27:30","slug":"reviser-ses-cours","status":"publish","type":"page","link":"https:\/\/histoirencours.fr\/blog\/?page_id=23","title":{"rendered":"R\u00e9viser ses cours"},"content":{"rendered":"<p style=\"text-align: left;\">A partir de cette page, vous retrouvez tous les quiz et les mots crois\u00e9s cr\u00e9\u00e9s pour r\u00e9viser les le\u00e7ons vues en classe. Ils sont cr\u00e9\u00e9s respectivement avec le logiciel <a title=\"lien vers le site de l'\u00e9diteur du logiciel\" href=\"http:\/\/www.ccdmd.qc.ca\/ressources\/?id=1320\" target=\"_blank\">Netquiz Pro 4<\/a> qui permet des exercices vari\u00e9s (QCM, textes \u00e0 trous, localisation, r\u00e9daction&#8230;) et le logiciel <a href=\"http:\/\/www.ccdmd.qc.ca\/ressources\/?id=1103\" target=\"_blank\">Mots entrecrois\u00e9s<\/a>.<\/p>\n<p style=\"text-align: left;\"><a href=\"http:\/\/histoirencours.fr\/blog\/wp-content\/uploads\/2011\/07\/revision.jpg\"><img loading=\"lazy\" decoding=\"async\" class=\"alignleft size-full wp-image-152\" title=\"http:\/\/mixwords.wordpress.com\/\" src=\"http:\/\/histoirencours.fr\/blog\/wp-content\/uploads\/2011\/07\/revision.jpg\" alt=\"\" width=\"300\" height=\"230\" \/><\/a><\/p>\n<p style=\"text-align: left;\">Vous \u00eates pr\u00eats \u00e0 vous agiter les neurones ?<\/p>\n<p style=\"text-align: left;\"><a title=\"Quiz de Sixi\u00e8me\" href=\"http:\/\/histoirencours.fr\/blog\/?page_id=27\">Les quiz et mots crois\u00e9s sur les chapitres de Sixi\u00e8me<\/a><\/p>\n<p><a href=\"http:\/\/histoirencours.fr\/blog\/?page_id=360\">Les quiz et mots crois\u00e9s de Quatri\u00e8me<\/a><\/p>\n<p><a title=\"Quiz et mots crois\u00e9s de 3\u00e8me\" href=\"http:\/\/histoirencours.fr\/blog\/?page_id=128\">Les quiz et mots crois\u00e9s sur les chapitres de Troisi\u00e8me<\/a><\/p>\n<p><span style=\"color: #800080;\"><span style=\"text-decoration: underline;\">Remarque<\/span> : avec la r\u00e9forme du coll\u00e8ge 2016, les ressources de ces pages ne sont plus totalement conformes au nouveau programme et au Brevet. Elles seront mises \u00e0 jour au fur et \u00e0 mesure de l&#8217;ann\u00e9e et des ann\u00e9es suivantes.<\/span><\/p>\n<p>Views: 53<\/p>","protected":false},"excerpt":{"rendered":"<p>A partir de cette page, vous retrouvez tous les quiz et les mots crois\u00e9s cr\u00e9\u00e9s pour r\u00e9viser les le\u00e7ons vues en classe. Ils sont cr\u00e9\u00e9s respectivement avec le logiciel Netquiz Pro 4 qui permet des exercices vari\u00e9s (QCM, textes \u00e0 &hellip; <a href=\"https:\/\/histoirencours.fr\/blog\/?page_id=23\">Continuer la lecture <span class=\"meta-nav\">&rarr;<\/span><\/a><\/p>\n","protected":false},"author":1,"featured_media":0,"parent":0,"menu_order":0,"comment_status":"open","ping_status":"open","template":"","meta":{"_monsterinsights_skip_tracking":false,"_monsterinsights_sitenote_active":false,"_monsterinsights_sitenote_note":"","_monsterinsights_sitenote_category":0,"ngg_post_thumbnail":0,"footnotes":""},"class_list":["post-23","page","type-page","status-publish","hentry"],"aioseo_notices":[],"amp_enabled":true,"_links":{"self":[{"href":"https:\/\/histoirencours.fr\/blog\/index.php?rest_route=\/wp\/v2\/pages\/23","targetHints":{"allow":["GET"]}}],"collection":[{"href":"https:\/\/histoirencours.fr\/blog\/index.php?rest_route=\/wp\/v2\/pages"}],"about":[{"href":"https:\/\/histoirencours.fr\/blog\/index.php?rest_route=\/wp\/v2\/types\/page"}],"author":[{"embeddable":true,"href":"https:\/\/histoirencours.fr\/blog\/index.php?rest_route=\/wp\/v2\/users\/1"}],"replies":[{"embeddable":true,"href":"https:\/\/histoirencours.fr\/blog\/index.php?rest_route=%2Fwp%2Fv2%2Fcomments&post=23"}],"version-history":[{"count":12,"href":"https:\/\/histoirencours.fr\/blog\/index.php?rest_route=\/wp\/v2\/pages\/23\/revisions"}],"predecessor-version":[{"id":3864,"href":"https:\/\/histoirencours.fr\/blog\/index.php?rest_route=\/wp\/v2\/pages\/23\/revisions\/3864"}],"wp:attachment":[{"href":"https:\/\/histoirencours.fr\/blog\/index.php?rest_route=%2Fwp%2Fv2%2Fmedia&parent=23"}],"curies":[{"name":"wp","href":"https:\/\/api.w.org\/{rel}","templated":true}]}}