{"id":2467,"date":"2013-04-03T11:04:10","date_gmt":"2013-04-03T09:04:10","guid":{"rendered":"http:\/\/histoirencours.fr\/blog\/?page_id=2467"},"modified":"2017-06-21T15:54:53","modified_gmt":"2017-06-21T13:54:53","slug":"reviser-lepreuve-du-brevet-en-histoire-geo","status":"publish","type":"page","link":"https:\/\/histoirencours.fr\/blog\/?page_id=2467","title":{"rendered":"R\u00e9viser le Brevet!"},"content":{"rendered":"<p><strong><span style=\"color: #ff0000;\"><img loading=\"lazy\" decoding=\"async\" class=\"alignleft\" src=\"http:\/\/idata.over-blog.com\/0\/08\/73\/00\/Biblioth-que-blog\/revision-for-exams.gif\" alt=\"\" width=\"210\" height=\"210\"><\/span><\/strong><\/p>\n<p><span style=\"color: #800080;\"><span style=\"text-decoration: underline;\">Remarque<\/span> : avec la r\u00e9forme du coll\u00e8ge 2016, les ressources de ces pages ne sont plus totalement conformes au nouveau programme et au Brevet. Elles seront mises \u00e0 jour au fur et \u00e0 mesure de l&#8217;ann\u00e9e et des ann\u00e9es suivantes.<\/span><\/p>\n<p><strong><span style=\"color: #ff0000;\">Ce<\/span><\/strong><strong><span style=\"color: #ff0000;\">tte page est destin\u00e9e \u00e0 compiler l&#8217;ensemble des ressources pour r\u00e9viser l&#8217;\u00e9preuve du Brevet en Histoire-G\u00e9ographie-Education Morale et Civique.<\/span><\/strong><\/p>\n<p>Elle regroupe les liens vers tous les articles de r\u00e9vision cr\u00e9\u00e9s sur ce blog (avec les cours, les quiz, les vid\u00e9os et les podcasts&#8230;).<\/p>\n<p>Mais pour plus d&#8217;efficacit\u00e9, y seront compil\u00e9s au fur et \u00e0 mesure tous les exercices de r\u00e9vision que j&#8217;ai r\u00e9alis\u00e9s ou que j&#8217;ai trouv\u00e9 chez des coll\u00e8gues du net.<\/p>\n<p><strong><span style=\"color: #ff0000;\">Les 7 liens suivants vous emm\u00e8nent vers le paradis des r\u00e9visions pour les 3 mati\u00e8res que j&#8217;enseigne pour le Brevet!<\/span><\/strong><\/p>\n<p><a href=\"http:\/\/histoirencours.fr\/blog\/?page_id=3136\" target=\"_blank\" rel=\"noopener noreferrer\">Toutes les vid\u00e9os des cours<\/a><\/p>\n<p><a href=\"http:\/\/histoirencours.fr\/blog\/?page_id=3138\" target=\"_blank\" rel=\"noopener noreferrer\">Tous les podcasts des cours<\/a><\/p>\n<p><a href=\"http:\/\/histoirencours.fr\/blog\/?page_id=2475\" target=\"_blank\" rel=\"noopener noreferrer\">R\u00e9viser l&#8217;Histoire au Brevet<\/a><\/p>\n<p><a href=\"http:\/\/histoirencours.fr\/blog\/?page_id=2491\" target=\"_blank\" rel=\"noopener noreferrer\">R\u00e9viser la G\u00e9ographie au Brevet<\/a><\/p>\n<p><a href=\"http:\/\/histoirencours.fr\/blog\/?page_id=2497\" target=\"_blank\" rel=\"noopener noreferrer\">R\u00e9viser l&#8217;Education civique au Brevet<\/a><\/p>\n<p><a href=\"http:\/\/histoirencours.fr\/blog\/?page_id=2506\" target=\"_blank\" rel=\"noopener noreferrer\">R\u00e9viser les rep\u00e8res chronologiques<\/a><\/p>\n<p><a href=\"http:\/\/histoirencours.fr\/blog\/?page_id=2511\" target=\"_blank\" rel=\"noopener noreferrer\">R\u00e9viser les rep\u00e8res g\u00e9ographiques<\/a><\/p>\n<p><script type=\"text\/javascript\">\/\/ <![CDATA[ google_ad_client = \"ca-pub-6437540693984315\"; \/* Pages Brevet *\/ google_ad_slot = \"3231663086\"; google_ad_width = 336; google_ad_height = 280; \/\/ ]]><\/script><br \/>\n<script type=\"text\/javascript\" src=\"http:\/\/pagead2.googlesyndication.com\/pagead\/show_ads.js\">\/\/ <![CDATA[ \/\/ ]]><\/script><\/p>\n<p>Views: 1048<\/p>","protected":false},"excerpt":{"rendered":"<p>Remarque : avec la r\u00e9forme du coll\u00e8ge 2016, les ressources de ces pages ne sont plus totalement conformes au nouveau programme et au Brevet. Elles seront mises \u00e0 jour au fur et \u00e0 mesure de l&#8217;ann\u00e9e et des ann\u00e9es suivantes. &hellip; <a href=\"https:\/\/histoirencours.fr\/blog\/?page_id=2467\">Continuer la lecture <span class=\"meta-nav\">&rarr;<\/span><\/a><\/p>\n","protected":false},"author":1,"featured_media":0,"parent":0,"menu_order":0,"comment_status":"open","ping_status":"open","template":"","meta":{"_monsterinsights_skip_tracking":false,"_monsterinsights_sitenote_active":false,"_monsterinsights_sitenote_note":"","_monsterinsights_sitenote_category":0,"ngg_post_thumbnail":0,"footnotes":""},"class_list":["post-2467","page","type-page","status-publish","hentry"],"aioseo_notices":[],"amp_enabled":true,"_links":{"self":[{"href":"https:\/\/histoirencours.fr\/blog\/index.php?rest_route=\/wp\/v2\/pages\/2467","targetHints":{"allow":["GET"]}}],"collection":[{"href":"https:\/\/histoirencours.fr\/blog\/index.php?rest_route=\/wp\/v2\/pages"}],"about":[{"href":"https:\/\/histoirencours.fr\/blog\/index.php?rest_route=\/wp\/v2\/types\/page"}],"author":[{"embeddable":true,"href":"https:\/\/histoirencours.fr\/blog\/index.php?rest_route=\/wp\/v2\/users\/1"}],"replies":[{"embeddable":true,"href":"https:\/\/histoirencours.fr\/blog\/index.php?rest_route=%2Fwp%2Fv2%2Fcomments&post=2467"}],"version-history":[{"count":14,"href":"https:\/\/histoirencours.fr\/blog\/index.php?rest_route=\/wp\/v2\/pages\/2467\/revisions"}],"predecessor-version":[{"id":4010,"href":"https:\/\/histoirencours.fr\/blog\/index.php?rest_route=\/wp\/v2\/pages\/2467\/revisions\/4010"}],"wp:attachment":[{"href":"https:\/\/histoirencours.fr\/blog\/index.php?rest_route=%2Fwp%2Fv2%2Fmedia&parent=2467"}],"curies":[{"name":"wp","href":"https:\/\/api.w.org\/{rel}","templated":true}]}}