{"id":2475,"date":"2014-06-13T11:49:29","date_gmt":"2014-06-13T09:49:29","guid":{"rendered":"http:\/\/histoirencours.fr\/blog\/?page_id=2475"},"modified":"2017-06-21T16:35:27","modified_gmt":"2017-06-21T14:35:27","slug":"reviser-le-brevet-en-histoire","status":"publish","type":"page","link":"https:\/\/histoirencours.fr\/blog\/?page_id=2475","title":{"rendered":"R\u00e9viser le Brevet en Histoire"},"content":{"rendered":"<p><span style=\"font-size: large;\"><strong><span style=\"color: #ff0000; background-color: #ffff99;\"><img loading=\"lazy\" decoding=\"async\" class=\"alignleft\" title=\"http:\/\/idata.over-blog.com\/0\/08\/73\/00\/Biblioth-que-blog\/revision-for-exams.gif\" src=\"http:\/\/idata.over-blog.com\/0\/08\/73\/00\/Biblioth-que-blog\/revision-for-exams.gif\" alt=\"\" width=\"210\" height=\"210\">Pour r\u00e9viser l&#8217;Histoire au Brevet, c&#8217;est ici. <\/span><\/strong><\/span><\/p>\n<p><span style=\"font-size: large;\"><strong><span style=\"color: #ff0000; background-color: #ffff99;\">Attention : un certain nombre de chapitres n&#8217;a pas beaucoup d&#8217;exercices de r\u00e9vision ou bien ils sont un peu anciens. Le temps a manqu\u00e9 pour cette premi\u00e8re ann\u00e9e de r\u00e9forme du coll\u00e8ge.<\/span><\/strong><\/span><\/p>\n<p>&nbsp;<\/p>\n<p>Pour chaque chapitre, un lien renvoie vers l&#8217;article du blog cr\u00e9\u00e9 dans l&#8217;ann\u00e9e pour le r\u00e9viser. Vous y retrouverez, les diaporamas des cours, les quiz, \u00e9ventuellement les vid\u00e9os et autres liens utiles.<\/p>\n<p><strong><span style=\"color: #800080;\">3H1 : Civils et militaires dans la Premi\u00e8re Guerre mondiale<\/span><\/strong><\/p>\n<blockquote class=\"wp-embedded-content\" data-secret=\"9SOWFtPOWC\"><p><a href=\"https:\/\/histoirencours.fr\/blog\/?p=3854\">3H1 : Civils et militaires dans la Premi\u00e8re Guerre mondiale<\/a><\/p><\/blockquote>\n<p><iframe loading=\"lazy\" class=\"wp-embedded-content\" sandbox=\"allow-scripts\" security=\"restricted\" style=\"position: absolute; clip: rect(1px, 1px, 1px, 1px);\" title=\"\u00ab\u00a03H1 : Civils et militaires dans la Premi\u00e8re Guerre mondiale\u00a0\u00bb &#8212; Histoire en cours\" src=\"https:\/\/histoirencours.fr\/blog\/?p=3854&#038;embed=true#?secret=6SwD9DBFeJ#?secret=9SOWFtPOWC\" data-secret=\"9SOWFtPOWC\" width=\"600\" height=\"338\" frameborder=\"0\" marginwidth=\"0\" marginheight=\"0\" scrolling=\"no\"><\/iframe><\/p>\n<p><strong><span style=\"color: #800080;\">3H2 : D\u00e9mocraties fragilis\u00e9es et exp\u00e9riences totalitaires dans l\u2019Europe de l\u2019entre-deux-guerres.<\/span><\/strong><\/p>\n<blockquote class=\"wp-embedded-content\" data-secret=\"ovzDqzCIhg\"><p><a href=\"https:\/\/histoirencours.fr\/blog\/?p=3882\">3H2 : D\u00e9mocraties fragilis\u00e9es et exp\u00e9riences totalitaires dans l&#8217;Europe de l\u2019entre-deux-guerres.<\/a><\/p><\/blockquote>\n<p><iframe loading=\"lazy\" class=\"wp-embedded-content\" sandbox=\"allow-scripts\" security=\"restricted\" style=\"position: absolute; clip: rect(1px, 1px, 1px, 1px);\" title=\"\u00ab\u00a03H2 : D\u00e9mocraties fragilis\u00e9es et exp\u00e9riences totalitaires dans l&#8217;Europe de l\u2019entre-deux-guerres.\u00a0\u00bb &#8212; Histoire en cours\" src=\"https:\/\/histoirencours.fr\/blog\/?p=3882&#038;embed=true#?secret=60JLk7T1jX#?secret=ovzDqzCIhg\" data-secret=\"ovzDqzCIhg\" width=\"600\" height=\"338\" frameborder=\"0\" marginwidth=\"0\" marginheight=\"0\" scrolling=\"no\"><\/iframe><\/p>\n<p><strong><span style=\"color: #800080;\">3H3 : La seconde guerre mondiale : une guerre d\u2019an\u00e9antissement<\/span><\/strong><\/p>\n<blockquote class=\"wp-embedded-content\" data-secret=\"KG2upjCrQl\"><p><a href=\"https:\/\/histoirencours.fr\/blog\/?p=3954\">3H3 : La seconde guerre mondiale : une guerre d&#8217;an\u00e9antissement<\/a><\/p><\/blockquote>\n<p><iframe loading=\"lazy\" class=\"wp-embedded-content\" sandbox=\"allow-scripts\" security=\"restricted\" style=\"position: absolute; clip: rect(1px, 1px, 1px, 1px);\" title=\"\u00ab\u00a03H3 : La seconde guerre mondiale : une guerre d&#8217;an\u00e9antissement\u00a0\u00bb &#8212; Histoire en cours\" src=\"https:\/\/histoirencours.fr\/blog\/?p=3954&#038;embed=true#?secret=LyUrPhaXwy#?secret=KG2upjCrQl\" data-secret=\"KG2upjCrQl\" width=\"600\" height=\"338\" frameborder=\"0\" marginwidth=\"0\" marginheight=\"0\" scrolling=\"no\"><\/iframe><\/p>\n<p><strong><span style=\"color: #800080;\">3H4 : La France d\u00e9faite et occup\u00e9e (1940-1944)<\/span><\/strong><\/p>\n<blockquote class=\"wp-embedded-content\" data-secret=\"8OiTc0ar7A\"><p><a href=\"https:\/\/histoirencours.fr\/blog\/?p=3974\">3H4 : La France d\u00e9faite et occup\u00e9e (1940-1944)<\/a><\/p><\/blockquote>\n<p><iframe loading=\"lazy\" class=\"wp-embedded-content\" sandbox=\"allow-scripts\" security=\"restricted\" style=\"position: absolute; clip: rect(1px, 1px, 1px, 1px);\" title=\"\u00ab\u00a03H4 : La France d\u00e9faite et occup\u00e9e (1940-1944)\u00a0\u00bb &#8212; Histoire en cours\" src=\"https:\/\/histoirencours.fr\/blog\/?p=3974&#038;embed=true#?secret=byK0Nr6mVq#?secret=8OiTc0ar7A\" data-secret=\"8OiTc0ar7A\" width=\"600\" height=\"338\" frameborder=\"0\" marginwidth=\"0\" marginheight=\"0\" scrolling=\"no\"><\/iframe><\/p>\n<p><strong><span style=\"color: #800080;\">3H5 : Le monde depuis 1945<\/span><\/strong><\/p>\n<p>Les quatre sous-parties ont \u00e9t\u00e9 r\u00e9unies par moi en un seul chapitre.<\/p>\n<blockquote class=\"wp-embedded-content\" data-secret=\"O6sSG0O8wA\"><p><a href=\"https:\/\/histoirencours.fr\/blog\/?p=4000\">3H5 : Le monde depuis 1945<\/a><\/p><\/blockquote>\n<p><iframe loading=\"lazy\" class=\"wp-embedded-content\" sandbox=\"allow-scripts\" security=\"restricted\" style=\"position: absolute; clip: rect(1px, 1px, 1px, 1px);\" title=\"\u00ab\u00a03H5 : Le monde depuis 1945\u00a0\u00bb &#8212; Histoire en cours\" src=\"https:\/\/histoirencours.fr\/blog\/?p=4000&#038;embed=true#?secret=13Wd99vtjN#?secret=O6sSG0O8wA\" data-secret=\"O6sSG0O8wA\" width=\"600\" height=\"338\" frameborder=\"0\" marginwidth=\"0\" marginheight=\"0\" scrolling=\"no\"><\/iframe><\/p>\n<p><strong><span style=\"color: #800080;\">3H6 : Fran\u00e7aises et Fran\u00e7ais dans une R\u00e9publique repens\u00e9e<\/span><\/strong><\/p>\n<p>De m\u00eame, 3 chapitres r\u00e9unis en un seul pour conclure l&#8217;ann\u00e9e (trop) rapidement.<\/p>\n<blockquote class=\"wp-embedded-content\" data-secret=\"Sn7CvdpjxU\"><p><a href=\"https:\/\/histoirencours.fr\/blog\/?p=4016\">3H6 : Fran\u00e7aises et Fran\u00e7ais dans une R\u00e9publique repens\u00e9e<\/a><\/p><\/blockquote>\n<p><iframe loading=\"lazy\" class=\"wp-embedded-content\" sandbox=\"allow-scripts\" security=\"restricted\" style=\"position: absolute; clip: rect(1px, 1px, 1px, 1px);\" title=\"\u00ab\u00a03H6 : Fran\u00e7aises et Fran\u00e7ais dans une R\u00e9publique repens\u00e9e\u00a0\u00bb &#8212; Histoire en cours\" src=\"https:\/\/histoirencours.fr\/blog\/?p=4016&#038;embed=true#?secret=gNFL6h72aN#?secret=Sn7CvdpjxU\" data-secret=\"Sn7CvdpjxU\" width=\"600\" height=\"338\" frameborder=\"0\" marginwidth=\"0\" marginheight=\"0\" scrolling=\"no\"><\/iframe><\/p>\n<p><span style=\"color: #000000;\"><b>Ancien programme :<\/b><\/span><\/p>\n<ul>\n<li><strong>&nbsp;Les grandes innovations scientifiques et technologiques&nbsp; (chapitre qui a disparu du programme en septembre 2016)<\/strong><\/li>\n<\/ul>\n<p><a href=\"http:\/\/histoirencours.fr\/quizz\/Quizz3eme\/Les-innovations-scientifiqu-Web\/index.html\" target=\"_blank\" rel=\"noopener noreferrer\">Mon quiz<\/a> plut\u00f4t bas\u00e9 sur la tuberculose, mais accessible \u00e0 tous les \u00e9l\u00e8ves de 3\u00e8me sur ce chapitre.<\/p>\n<ul>\n<li><strong>&nbsp;L&#8217;\u00e9volution du syst\u00e8me de production et ses cons\u00e9quences sociales (chapitre qui a disparu du programme en septembre 2013)<\/strong><\/li>\n<\/ul>\n<p><a href=\"http:\/\/histoirencours.fr\/quizz\/Quizz3eme\/systeme-de-production-Web\/index.html\" target=\"_blank\" rel=\"noopener noreferrer\">Mon quiz<\/a> qui aborde les principaux points du chapitre.<\/p>\n<p>Views: 3177<\/p>","protected":false},"excerpt":{"rendered":"<p>Pour r\u00e9viser l&#8217;Histoire au Brevet, c&#8217;est ici. Attention : un certain nombre de chapitres n&#8217;a pas beaucoup d&#8217;exercices de r\u00e9vision ou bien ils sont un peu anciens. Le temps a manqu\u00e9 pour cette premi\u00e8re ann\u00e9e de r\u00e9forme du coll\u00e8ge. &nbsp; &hellip; <a href=\"https:\/\/histoirencours.fr\/blog\/?page_id=2475\">Continuer la lecture <span class=\"meta-nav\">&rarr;<\/span><\/a><\/p>\n","protected":false},"author":1,"featured_media":0,"parent":2467,"menu_order":5,"comment_status":"open","ping_status":"open","template":"","meta":{"_monsterinsights_skip_tracking":false,"_monsterinsights_sitenote_active":false,"_monsterinsights_sitenote_note":"","_monsterinsights_sitenote_category":0,"ngg_post_thumbnail":0,"footnotes":""},"class_list":["post-2475","page","type-page","status-publish","hentry"],"aioseo_notices":[],"amp_enabled":true,"_links":{"self":[{"href":"https:\/\/histoirencours.fr\/blog\/index.php?rest_route=\/wp\/v2\/pages\/2475","targetHints":{"allow":["GET"]}}],"collection":[{"href":"https:\/\/histoirencours.fr\/blog\/index.php?rest_route=\/wp\/v2\/pages"}],"about":[{"href":"https:\/\/histoirencours.fr\/blog\/index.php?rest_route=\/wp\/v2\/types\/page"}],"author":[{"embeddable":true,"href":"https:\/\/histoirencours.fr\/blog\/index.php?rest_route=\/wp\/v2\/users\/1"}],"replies":[{"embeddable":true,"href":"https:\/\/histoirencours.fr\/blog\/index.php?rest_route=%2Fwp%2Fv2%2Fcomments&post=2475"}],"version-history":[{"count":18,"href":"https:\/\/histoirencours.fr\/blog\/index.php?rest_route=\/wp\/v2\/pages\/2475\/revisions"}],"predecessor-version":[{"id":4019,"href":"https:\/\/histoirencours.fr\/blog\/index.php?rest_route=\/wp\/v2\/pages\/2475\/revisions\/4019"}],"up":[{"embeddable":true,"href":"https:\/\/histoirencours.fr\/blog\/index.php?rest_route=\/wp\/v2\/pages\/2467"}],"wp:attachment":[{"href":"https:\/\/histoirencours.fr\/blog\/index.php?rest_route=%2Fwp%2Fv2%2Fmedia&parent=2475"}],"curies":[{"name":"wp","href":"https:\/\/api.w.org\/{rel}","templated":true}]}}