{"id":2491,"date":"2014-06-22T21:38:59","date_gmt":"2014-06-22T19:38:59","guid":{"rendered":"http:\/\/histoirencours.fr\/blog\/?page_id=2491"},"modified":"2014-06-22T21:39:00","modified_gmt":"2014-06-22T19:39:00","slug":"reviser-le-brevet-en-geo","status":"publish","type":"page","link":"https:\/\/histoirencours.fr\/blog\/?page_id=2491","title":{"rendered":"R\u00e9viser le Brevet en G\u00e9o"},"content":{"rendered":"<p><strong><img loading=\"lazy\" decoding=\"async\" class=\"alignleft\" src=\"http:\/\/idata.over-blog.com\/0\/08\/73\/00\/Biblioth-que-blog\/revision-for-exams.gif\" alt=\"\" width=\"210\" height=\"210\" \/><span style=\"color: #ff0000; background-color: #ffff00; font-size: large;\">Tout ce qu\u2019il faut pour r\u00e9viser la G\u00e9ographie au Brevet est ici (ou presque).<\/span><\/strong><\/p>\n<p>Les chapitres sont num\u00e9rot\u00e9s dans l\u2019ordre du programme.<\/p>\n<p>Pour chaque chapitre, un lien renvoie vers l\u2019article du blog cr\u00e9\u00e9 dans l\u2019ann\u00e9e pour le r\u00e9viser. Vous y retrouverez, les diaporamas des cours, les vid\u00e9os, le podcast de la le\u00e7on et autres liens utiles.<\/p>\n<p>Vous pouvez aussi acc\u00e9der \u00e0 tous les pdcasts et \u00e0 toutes les vid\u00e9os directement avec l&#8217;onglet &#8220;R\u00e9viser le Brevet&#8221;, puis &#8220;toutes les vid\u00e9os&#8221; ou &#8220;tous les podcasts&#8221;.<\/p>\n<p><strong><span style=\"color: #800000; background-color: #ffff99;\">Partie 1 : Habiter la France<\/span><\/strong><\/p>\n<p><strong><span style=\"color: #800080;\">Chapitre 1 : Un territoire sous influence urbaine<\/span><\/strong><\/p>\n<p>L&#8217;article <a href=\"http:\/\/histoirencours.fr\/blog\/?p=2912\" target=\"_blank\">R\u00e9viser<\/a>\u00a0du blog consacr\u00e9 \u00e0 ce chapitre.<\/p>\n<p>Un <span style=\"color: #000000;\">quiz sur l&#8217;influence urbaine<\/span> de la France <a href=\"http:\/\/histoirencours.fr\/quizz\/Quizz3eme\/3G1-urbain-Web\/index.html\" target=\"_blank\">ici<\/a>. Et un 2\u00e8me r\u00e9alis\u00e9 par M. Berthot <a href=\"http:\/\/martial.berthot.free.fr\/questionnairenetquiz\/3emegeo\/reviserruralurbain\/main.html\" target=\"_blank\">ici<\/a>.<\/p>\n<p>Un <span style=\"color: #000000;\">quiz sur le territoire national<\/span> <a href=\"http:\/\/martial.berthot.free.fr\/questionnairenetquiz\/3emegeo\/reviserpopulation\/main.html#\" target=\"_blank\">ici <\/a>(par Martial Berthot).<\/p>\n<p><strong><span style=\"color: #800080;\">Chapitre 2 : La r\u00e9gion Champagne-Ardenne<\/span><\/strong><\/p>\n<p>L&#8217;article <a href=\"http:\/\/histoirencours.fr\/blog\/?p=2138\" target=\"_blank\">R\u00e9viser <\/a>du blog consacr\u00e9 \u00e0 ce chapitre. Retrouvez-y le podcast, le diapo vid\u00e9o et des cartes interactives.<\/p>\n<p>&nbsp;<\/p>\n<p><span style=\"background-color: #ffff99;\"><strong><span style=\"color: #800000;\">Partie 2 : Am\u00e9nagements et d\u00e9veloppement du territoire fran\u00e7ais\u00a0<\/span><\/strong><\/span><\/p>\n<p><strong><span style=\"color: #800080;\">Chapitre 3 : Les espaces productifs<\/span><\/strong><\/p>\n<p>L&#8217;article <a href=\"http:\/\/histoirencours.fr\/blog\/?p=3244\" target=\"_blank\">R\u00e9viser <\/a>du blog consacr\u00e9 \u00e0 ce chapitre.<\/p>\n<p>Pas de quiz r\u00e9alis\u00e9 par moi pour ce chapitre, mais celui de Martial Berthot convient tr\u00e8s bien. Quelques questions n&#8217;ont pas \u00e9t\u00e9 vus de la m\u00eame fa\u00e7on, mais dans l&#8217;ensemble, ils vous aideront \u00e0 r\u00e9viser efficacement!<\/p>\n<p><a href=\"http:\/\/martial.berthot.free.fr\/questionnairenetquiz\/3emegeo\/reviserespacesprod\/main.html#\" target=\"_blank\">Le quiz<\/a>\u00a0du chapitre 3.<\/p>\n<p>Un autre quiz plus simple\u00a0<a href=\"http:\/\/www.quizz.biz\/quizz-389570.html\" target=\"_blank\">ici<\/a>.<\/p>\n<p><strong><span style=\"color: #800080;\">Chapitre 4 : L&#8217;organisation du territoire fran\u00e7ais<\/span><\/strong><\/p>\n<p style=\"color: #333333;\"><em style=\"font-style: italic;\">La fiche d\u2019objectifs<\/em>\u00a0distribu\u00e9e en classe est\u00a0<a style=\"color: #743399;\" href=\"http:\/\/histoirencours.fr\/blog\/wp-content\/uploads\/saison%202\/3%C3%A8me\/3G5%20objectifs.docx\" target=\"_blank\">ici<\/a>.<\/p>\n<p style=\"color: #333333;\"><em style=\"font-style: italic;\">Les 2 parties<\/em>\u00a0de la le\u00e7on sont sur le blog :\u00a0<a style=\"color: #743399;\" href=\"http:\/\/histoirencours.fr\/blog\/?p=2649\" target=\"_blank\">1\u00a0<\/a>et\u00a0<a style=\"color: #743399;\" href=\"http:\/\/histoirencours.fr\/blog\/?p=2656\" target=\"_blank\">2<\/a>.<\/p>\n<p style=\"color: #333333;\"><a style=\"color: #743399;\" href=\"http:\/\/martial.berthot.free.fr\/questionnairenetquiz\/3emegeo\/reviserorgespace\/main.html#\" target=\"_blank\">Le quiz<\/a>\u00a0du chapitre 5 par Martial Berthot.<\/p>\n<p style=\"color: #333333;\">Un autre quiz plus simple\u00a0<a style=\"color: #743399;\" href=\"http:\/\/www.quizz.biz\/quizz-393883.html\" target=\"_blank\">ici<\/a>.<\/p>\n<p><span style=\"background-color: #ffff99;\"><strong><span style=\"color: #800000;\">Partie 3 : Le r\u00f4le mondial de la France et l&#8217;Union europ\u00e9enne<\/span><\/strong><\/span><\/p>\n<p><strong><span style=\"color: #800080;\">Chapitre 5 : L&#8217;Union europ\u00e9enne, une union d&#8217;Etats<\/span><\/strong><\/p>\n<p><strong><span style=\"color: #800080;\">Chapitre 6 : La France et l&#8217;Union europ\u00e9enne,\u00a0influence mondiale, puissance incompl\u00e8te<\/span><\/strong><\/p>\n<p>Les deux chapitres ont \u00e9t\u00e9 faits ensemble en classe.<\/p>\n<p><em style=\"font-style: italic;\">Les 2 parties<\/em><span style=\"color: #333333;\">\u00a0de la le\u00e7on sont sur le blog et elles sont \u00e0 retrouver <a href=\"http:\/\/histoirencours.fr\/blog\/?p=3412\" target=\"_blank\">ici<\/a>.\u00a0<\/span><\/p>\n<p>Le quiz sur l&#8217;UE est <a href=\"http:\/\/martial.berthot.free.fr\/questionnairenetquiz\/3emegeo\/reviserueunionetats\/index.html\" target=\"_blank\">ici<\/a>. Celui sur l&#8217;influence mondiale de la France est <a href=\"http:\/\/martial.berthot.free.fr\/quiz24.html\" target=\"_blank\">ici<\/a>.<\/p>\n<p><script src=\"http:\/\/pagead2.googlesyndication.com\/pagead\/show_ads.js\">\/\/ <![CDATA[\n\n\n\/\/ ]]><\/script><\/p>\n<p>Views: 1808<\/p>","protected":false},"excerpt":{"rendered":"<p>Tout ce qu\u2019il faut pour r\u00e9viser la G\u00e9ographie au Brevet est ici (ou presque). Les chapitres sont num\u00e9rot\u00e9s dans l\u2019ordre du programme. Pour chaque chapitre, un lien renvoie vers l\u2019article du blog cr\u00e9\u00e9 dans l\u2019ann\u00e9e pour le r\u00e9viser. Vous y &hellip; <a href=\"https:\/\/histoirencours.fr\/blog\/?page_id=2491\">Continuer la lecture <span class=\"meta-nav\">&rarr;<\/span><\/a><\/p>\n","protected":false},"author":1,"featured_media":0,"parent":2467,"menu_order":2,"comment_status":"open","ping_status":"open","template":"","meta":{"_monsterinsights_skip_tracking":false,"_monsterinsights_sitenote_active":false,"_monsterinsights_sitenote_note":"","_monsterinsights_sitenote_category":0,"ngg_post_thumbnail":0,"footnotes":""},"class_list":["post-2491","page","type-page","status-publish","hentry"],"aioseo_notices":[],"amp_enabled":true,"_links":{"self":[{"href":"https:\/\/histoirencours.fr\/blog\/index.php?rest_route=\/wp\/v2\/pages\/2491","targetHints":{"allow":["GET"]}}],"collection":[{"href":"https:\/\/histoirencours.fr\/blog\/index.php?rest_route=\/wp\/v2\/pages"}],"about":[{"href":"https:\/\/histoirencours.fr\/blog\/index.php?rest_route=\/wp\/v2\/types\/page"}],"author":[{"embeddable":true,"href":"https:\/\/histoirencours.fr\/blog\/index.php?rest_route=\/wp\/v2\/users\/1"}],"replies":[{"embeddable":true,"href":"https:\/\/histoirencours.fr\/blog\/index.php?rest_route=%2Fwp%2Fv2%2Fcomments&post=2491"}],"version-history":[{"count":10,"href":"https:\/\/histoirencours.fr\/blog\/index.php?rest_route=\/wp\/v2\/pages\/2491\/revisions"}],"predecessor-version":[{"id":3428,"href":"https:\/\/histoirencours.fr\/blog\/index.php?rest_route=\/wp\/v2\/pages\/2491\/revisions\/3428"}],"up":[{"embeddable":true,"href":"https:\/\/histoirencours.fr\/blog\/index.php?rest_route=\/wp\/v2\/pages\/2467"}],"wp:attachment":[{"href":"https:\/\/histoirencours.fr\/blog\/index.php?rest_route=%2Fwp%2Fv2%2Fmedia&parent=2491"}],"curies":[{"name":"wp","href":"https:\/\/api.w.org\/{rel}","templated":true}]}}