{"id":2497,"date":"2014-06-22T21:48:30","date_gmt":"2014-06-22T19:48:30","guid":{"rendered":"http:\/\/histoirencours.fr\/blog\/?page_id=2497"},"modified":"2014-06-22T21:48:23","modified_gmt":"2014-06-22T19:48:23","slug":"reviser-le-brevet-en-education-civique","status":"publish","type":"page","link":"https:\/\/histoirencours.fr\/blog\/?page_id=2497","title":{"rendered":"R\u00e9viser le Brevet en Education civique"},"content":{"rendered":"<p><strong><img loading=\"lazy\" decoding=\"async\" class=\"alignleft\" src=\"http:\/\/idata.over-blog.com\/0\/08\/73\/00\/Biblioth-que-blog\/revision-for-exams.gif\" alt=\"\" width=\"210\" height=\"210\" \/><span style=\"color: #ff0000; background-color: #ffff00; font-size: large;\">Tout ce qu\u2019il faut pour r\u00e9viser l&#8217;Education civique au Brevet est ici (ou presque).<\/span><\/strong><\/p>\n<p>Les chapitres sont num\u00e9rot\u00e9s dans l\u2019ordre du programme.<\/p>\n<p>Pour chaque chapitre, un lien renvoie vers l\u2019article du blog cr\u00e9\u00e9 dans l\u2019ann\u00e9e pour le r\u00e9viser. Vous y retrouverez, les diaporamas des cours, les vid\u00e9os et autres liens utiles.<\/p>\n<p>J&#8217;ai compil\u00e9 les chapitres de chaque partie en un seul chapitre, synth\u00e9tisant ainsi le programme en trois gros chapitres.<\/p>\n<p><strong><span style=\"color: #800000; background-color: #ffff99;\">Partie 1 : La R\u00e9publique et la citoyennet\u00e9<\/span><\/strong><\/p>\n<p>Ma grille de mots crois\u00e9s sur \u00a0<a href=\"http:\/\/histoirencours.fr\/quizz\/mots3eme\/grille_elections_html_1\/default.html\" target=\"_blank\">les \u00e9lections<\/a>. Je n&#8217;ai pas fait de quiz.<\/p>\n<p>Le\u00a0<a href=\"http:\/\/martial.berthot.free.fr\/questionnairenetquiz\/3emedcivique\/revisereducivique\/citoyenrepublique\/index.html\" target=\"_blank\">quiz\u00a0<\/a>sur la R\u00e9publique\u00a0de Martial Berthot \u00a0et son\u00a0<a href=\"http:\/\/martial.berthot.free.fr\/questionnairenetquiz\/3emedcivique\/citoyennete\/index.html\" target=\"_blank\">2\u00e8me\u00a0<\/a>sur la nationalit\u00e9 et le droit de vote.<\/p>\n<p>L&#8217;article <a href=\"http:\/\/histoirencours.fr\/blog\/?p=2302\">R\u00e9viser<\/a>\u00a0du blog sur ce chapitre.<\/p>\n<p><strong>\u00a0<\/strong><\/p>\n<p><strong><span style=\"color: #800000; background-color: #ffff99;\">Partie 2 : La vie d\u00e9mocratique<\/span><\/strong><\/p>\n<p><a href=\"http:\/\/histoirencours.fr\/quizz\/mots3eme\/grille_5emeRep_html_1\/default.html\" target=\"_blank\">Mes mots crois\u00e9s<\/a> sur la V\u00e8me R\u00e9publique et <a href=\"http:\/\/histoirencours.fr\/quizz\/mots3eme\/grille_colterr_html_1\/default.html\" target=\"_blank\">ceux <\/a>sur les collectivit\u00e9s territoriales (la d\u00e9centralisation).<\/p>\n<p>Les articles sur les cinq\u00a0parties du cours sont <a href=\"http:\/\/histoirencours.fr\/blog\/?p=2431\" target=\"_blank\">ici<\/a>,\u00a0<a href=\"http:\/\/histoirencours.fr\/blog\/?p=2482\" target=\"_blank\">l\u00e0<\/a>, <a href=\"http:\/\/histoirencours.fr\/blog\/?p=2589\" target=\"_blank\">l\u00e0<\/a>, <a href=\"http:\/\/histoirencours.fr\/blog\/?p=2592\" target=\"_blank\">l\u00e0<\/a>, <a href=\"http:\/\/histoirencours.fr\/blog\/?p=3352\" target=\"_blank\">l\u00e0<\/a>. Tralalala.<\/p>\n<p>Un <a href=\"http:\/\/martial.berthot.free.fr\/minisite\/index.html\" target=\"_blank\">mini-site<\/a> de Martial Berthot (encore lui!) pour s&#8217;entra\u00eener sur les institutions.<\/p>\n<p><script>\/\/ <![CDATA[\ngoogle_ad_client = \"ca-pub-6437540693984315\"; \/* Pages Brevet *\/ google_ad_slot = \"3231663086\"; google_ad_width = 336; google_ad_height = 280;\n\/\/ ]]><\/script>L&#8217;article\u00a0<a href=\"http:\/\/histoirencours.fr\/blog\/?p=2588\" target=\"_blank\">R\u00e9viser\u00a0<\/a>du blog sur ce chapitre.<\/p>\n<p>&nbsp;<\/p>\n<p><strong><span style=\"color: #800080;\">Partie 3 : La D\u00e9fense et la paix<\/span><\/strong><\/p>\n<p>L&#8217;article avec le diaporama du cours <a href=\"http:\/\/histoirencours.fr\/blog\/?p=2699\" target=\"_blank\">ici<\/a>. Le diaporama vid\u00e9o <a href=\"https:\/\/www.youtube.com\/watch?v=TcTDgO9fcu4\" target=\"_blank\">ici<\/a>.<\/p>\n<p>Le quiz de Martial Berthot (Que ferait-on sans lui ?) <a href=\"http:\/\/martial.berthot.free.fr\/questionnairenetquiz\/3emedcivique\/defensesecurite\/index.html\" target=\"_blank\">ici<\/a>.<\/p>\n<p><script src=\"http:\/\/pagead2.googlesyndication.com\/pagead\/show_ads.js\">\/\/ <![CDATA[\n\n\n\/\/ ]]><\/script><\/p>\n<p>Views: 196<\/p>","protected":false},"excerpt":{"rendered":"<p>Tout ce qu\u2019il faut pour r\u00e9viser l&#8217;Education civique au Brevet est ici (ou presque). Les chapitres sont num\u00e9rot\u00e9s dans l\u2019ordre du programme. Pour chaque chapitre, un lien renvoie vers l\u2019article du blog cr\u00e9\u00e9 dans l\u2019ann\u00e9e pour le r\u00e9viser. Vous y &hellip; <a href=\"https:\/\/histoirencours.fr\/blog\/?page_id=2497\">Continuer la lecture <span class=\"meta-nav\">&rarr;<\/span><\/a><\/p>\n","protected":false},"author":1,"featured_media":0,"parent":2467,"menu_order":3,"comment_status":"open","ping_status":"open","template":"","meta":{"_monsterinsights_skip_tracking":false,"_monsterinsights_sitenote_active":false,"_monsterinsights_sitenote_note":"","_monsterinsights_sitenote_category":0,"ngg_post_thumbnail":0,"footnotes":""},"class_list":["post-2497","page","type-page","status-publish","hentry"],"aioseo_notices":[],"amp_enabled":true,"_links":{"self":[{"href":"https:\/\/histoirencours.fr\/blog\/index.php?rest_route=\/wp\/v2\/pages\/2497","targetHints":{"allow":["GET"]}}],"collection":[{"href":"https:\/\/histoirencours.fr\/blog\/index.php?rest_route=\/wp\/v2\/pages"}],"about":[{"href":"https:\/\/histoirencours.fr\/blog\/index.php?rest_route=\/wp\/v2\/types\/page"}],"author":[{"embeddable":true,"href":"https:\/\/histoirencours.fr\/blog\/index.php?rest_route=\/wp\/v2\/users\/1"}],"replies":[{"embeddable":true,"href":"https:\/\/histoirencours.fr\/blog\/index.php?rest_route=%2Fwp%2Fv2%2Fcomments&post=2497"}],"version-history":[{"count":9,"href":"https:\/\/histoirencours.fr\/blog\/index.php?rest_route=\/wp\/v2\/pages\/2497\/revisions"}],"predecessor-version":[{"id":3429,"href":"https:\/\/histoirencours.fr\/blog\/index.php?rest_route=\/wp\/v2\/pages\/2497\/revisions\/3429"}],"up":[{"embeddable":true,"href":"https:\/\/histoirencours.fr\/blog\/index.php?rest_route=\/wp\/v2\/pages\/2467"}],"wp:attachment":[{"href":"https:\/\/histoirencours.fr\/blog\/index.php?rest_route=%2Fwp%2Fv2%2Fmedia&parent=2497"}],"curies":[{"name":"wp","href":"https:\/\/api.w.org\/{rel}","templated":true}]}}