{"id":2511,"date":"2013-04-07T09:51:14","date_gmt":"2013-04-07T07:51:14","guid":{"rendered":"http:\/\/histoirencours.fr\/blog\/?page_id=2511"},"modified":"2018-05-09T16:11:40","modified_gmt":"2018-05-09T14:11:40","slug":"reviser-les-reperes-geographiques","status":"publish","type":"page","link":"https:\/\/histoirencours.fr\/blog\/?page_id=2511","title":{"rendered":"R\u00e9viser les rep\u00e8res g\u00e9ographiques"},"content":{"rendered":"<p><img loading=\"lazy\" decoding=\"async\" class=\"alignleft\" src=\"http:\/\/p1.storage.canalblog.com\/18\/41\/720149\/77085704_p.jpg\" alt=\"we_can_do_it\" width=\"206\" height=\"270\"><span style=\"background-color: #ffff99;\"><strong><span style=\"color: #ff0000;\">R\u00e9viser tous les r\u00e9p\u00e8res g\u00e9ographiques vus depuis la 6\u00e8me demande un peu de travail m\u00eame si certains sont tr\u00e8s simples!<\/span><\/strong><\/span><\/p>\n<p>Voici donc des liens utiles pour vous aider \u00e0 le faire!<\/p>\n<p>&nbsp;<\/p>\n<p><span style=\"background-color: #ffff99;\"><strong><span style=\"color: #800080;\">R\u00e9viser les cartes du premier chapitre sur la France<\/span><\/strong><\/span><\/p>\n<p><strong><span style=\"color: #008080;\">Localiser les DROM-COM :<\/span><\/strong><br \/>\n<object id=\"objSwf\" name=\"objSwf\" width=\"640\" height=\"550\" classid=\"clsid:d27cdb6e-ae6d-11cf-96b8-444553540000\" codebase=\"http:\/\/download.macromedia.com\/pub\/shockwave\/cabs\/flash\/swflash.cab#version=6,0,40,0\"><param name=\"quality\" value=\"high\"><param name=\"allowFullScreen\" value=\"true\"><param name=\"FlashVars\" value=\"actividad=1068332\"><param name=\"src\" value=\"http:\/\/fr.educaplay.com\/fr\/actividades\/1068332\/actividad.swf?time=1382802336\"><param name=\"allowfullscreen\" value=\"true\"><param name=\"pluginspage\" value=\"http:\/\/www.adobe.com\/shockwave\/download\/download.cgi?P1_Prod_Version=ShockwaveFlash\"><param name=\"flashvars\" value=\"actividad=1068332\"><span data-mce-type=\"bookmark\" style=\"display: inline-block; width: 0px; overflow: hidden; line-height: 0;\" class=\"mce_SELRES_start\">\ufeff<\/span><embed id=\"objSwf\" width=\"640\" height=\"550\" type=\"application\/x-shockwave-flash\" src=\"http:\/\/fr.educaplay.com\/fr\/actividades\/1068332\/actividad.swf?time=1382802336\" quality=\"high\" allowfullscreen=\"allowfullscreen\" flashvars=\"actividad=1068332\" pluginspage=\"http:\/\/www.adobe.com\/shockwave\/download\/download.cgi?P1_Prod_Version=ShockwaveFlash\" name=\"objSwf\"><span data-mce-type=\"bookmark\" style=\"display: inline-block; width: 0px; overflow: hidden; line-height: 0;\" class=\"mce_SELRES_end\">\ufeff<\/span><\/object><\/p>\n<p><strong><span style=\"color: #008080;\">Localiser les montagnes et les fleuves :<\/span><\/strong><br \/>\n<object id=\"objSwf\" name=\"objSwf\" width=\"640\" height=\"550\" classid=\"clsid:d27cdb6e-ae6d-11cf-96b8-444553540000\" codebase=\"http:\/\/download.macromedia.com\/pub\/shockwave\/cabs\/flash\/swflash.cab#version=6,0,40,0\"><param name=\"quality\" value=\"high\"><param name=\"allowFullScreen\" value=\"true\"><param name=\"FlashVars\" value=\"actividad=1068340\"><param name=\"src\" value=\"http:\/\/fr.educaplay.com\/fr\/actividades\/1068340\/actividad.swf?time=1382802454\"><param name=\"allowfullscreen\" value=\"true\"><param name=\"pluginspage\" value=\"http:\/\/www.adobe.com\/shockwave\/download\/download.cgi?P1_Prod_Version=ShockwaveFlash\"><param name=\"flashvars\" value=\"actividad=1068340\"><embed id=\"objSwf\" width=\"640\" height=\"550\" type=\"application\/x-shockwave-flash\" src=\"http:\/\/fr.educaplay.com\/fr\/actividades\/1068340\/actividad.swf?time=1382802454\" quality=\"high\" allowfullscreen=\"allowfullscreen\" flashvars=\"actividad=1068340\" pluginspage=\"http:\/\/www.adobe.com\/shockwave\/download\/download.cgi?P1_Prod_Version=ShockwaveFlash\" name=\"objSwf\"><\/object><\/p>\n<p><strong><span style=\"color: #008080;\">Localiser les domaines bioclimatiques :<\/span><\/strong><br \/>\n<object id=\"objSwf\" name=\"objSwf\" width=\"640\" height=\"550\" classid=\"clsid:d27cdb6e-ae6d-11cf-96b8-444553540000\" codebase=\"http:\/\/download.macromedia.com\/pub\/shockwave\/cabs\/flash\/swflash.cab#version=6,0,40,0\"><param name=\"quality\" value=\"high\"><param name=\"allowFullScreen\" value=\"true\"><param name=\"FlashVars\" value=\"actividad=1068370\"><param name=\"src\" value=\"http:\/\/fr.educaplay.com\/fr\/actividades\/1068370\/actividad.swf?time=1382802475\"><param name=\"allowfullscreen\" value=\"true\"><param name=\"pluginspage\" value=\"http:\/\/www.adobe.com\/shockwave\/download\/download.cgi?P1_Prod_Version=ShockwaveFlash\"><param name=\"flashvars\" value=\"actividad=1068370\"><embed id=\"objSwf\" width=\"640\" height=\"550\" type=\"application\/x-shockwave-flash\" src=\"http:\/\/fr.educaplay.com\/fr\/actividades\/1068370\/actividad.swf?time=1382802475\" quality=\"high\" allowfullscreen=\"allowfullscreen\" flashvars=\"actividad=1068370\" pluginspage=\"http:\/\/www.adobe.com\/shockwave\/download\/download.cgi?P1_Prod_Version=ShockwaveFlash\" name=\"objSwf\"><\/object><\/p>\n<p><strong><span style=\"color: #008080;\">Localiser les grandes aires urbaines :<\/span><\/strong><br \/>\n<object id=\"objSwf\" name=\"objSwf\" width=\"640\" height=\"550\" classid=\"clsid:d27cdb6e-ae6d-11cf-96b8-444553540000\" codebase=\"http:\/\/download.macromedia.com\/pub\/shockwave\/cabs\/flash\/swflash.cab#version=6,0,40,0\"><param name=\"quality\" value=\"high\"><param name=\"allowFullScreen\" value=\"true\"><param name=\"FlashVars\" value=\"actividad=1068393\"><param name=\"src\" value=\"http:\/\/fr.educaplay.com\/fr\/actividades\/1068393\/actividad.swf?time=1382802509\"><param name=\"allowfullscreen\" value=\"true\"><param name=\"pluginspage\" value=\"http:\/\/www.adobe.com\/shockwave\/download\/download.cgi?P1_Prod_Version=ShockwaveFlash\"><param name=\"flashvars\" value=\"actividad=1068393\"><embed id=\"objSwf\" width=\"640\" height=\"550\" type=\"application\/x-shockwave-flash\" src=\"http:\/\/fr.educaplay.com\/fr\/actividades\/1068393\/actividad.swf?time=1382802509\" quality=\"high\" allowfullscreen=\"allowfullscreen\" flashvars=\"actividad=1068393\" pluginspage=\"http:\/\/www.adobe.com\/shockwave\/download\/download.cgi?P1_Prod_Version=ShockwaveFlash\" name=\"objSwf\"><\/object><\/p>\n<p>Un exercice de Fred Sauzeau pour r\u00e9viser <strong><span style=\"color: #008080;\">le croquis de la p\u00e9riurbanisation<\/span><\/strong> :<br \/>\n<iframe loading=\"lazy\" src=\"http:\/\/fr.educaplay.com\/fr\/activiteeducatives\/1070080\/html5\/aire_urbaine.htm\" width=\"640\" height=\"640\" frameborder=\"0\"><\/iframe><a href=\"http:\/\/fr.educaplay.com\/fr\/activiteeducatives\/1070080\/aire_urbaine.htm\">Aire urbaine<\/a><\/p>\n<p>De nombreuses autres&nbsp;<a href=\"http:\/\/mapasinteractivos.didactalia.net\/comunidad\/mapasflashinteractivos\/Mapas#search=france|dc:language=fran%C3%A7ais\" target=\"_blank\" rel=\"noopener\">cartes interactives<\/a>&nbsp;sur la France (choisissez celles qui sont au programme).<\/p>\n<p><span style=\"background-color: #ffff99;\"><strong><span style=\"color: #800080;\">R\u00e9viser les r\u00e9gions<\/span><\/strong><\/span> \u00e0 l&#8217;aide de cette carte :<\/p>\n<p><iframe loading=\"lazy\" src=\"https:\/\/fr.educaplay.com\/fr\/activiteeducatives\/3713252\/html5\/les_regions_metropolitaines.htm\" width=\"640\" height=\"550\" frameborder=\"0\"><span data-mce-type=\"bookmark\" style=\"display: inline-block; width: 0px; overflow: hidden; line-height: 0;\" class=\"mce_SELRES_start\">\ufeff<\/span><\/iframe><a href=\"https:\/\/fr.educaplay.com\/fr\/activiteeducatives\/3713252\/les_regions_metropolitaines.htm\">Les r\u00e9gions m\u00e9tropolitaines<\/a><\/p>\n<p>Elle n&#8217;est plus \u00e0 conna\u00eetre, mais je la laisse pour le plaisir : les 22 anciennes r\u00e9gions :<\/p>\n<p><object id=\"objSwf\" name=\"objSwf\" width=\"770\" height=\"550\" classid=\"clsid:d27cdb6e-ae6d-11cf-96b8-444553540000\" codebase=\"http:\/\/download.macromedia.com\/pub\/shockwave\/cabs\/flash\/swflash.cab#version=6,0,40,0\"><param name=\"quality\" value=\"high\"><param name=\"allowFullScreen\" value=\"true\"><param name=\"FlashVars\" value=\"actividad=1068397\"><param name=\"src\" value=\"http:\/\/fr.educaplay.com\/fr\/actividades\/1068397\/actividad.swf?time=1391851820\"><param name=\"allowfullscreen\" value=\"true\"><param name=\"pluginspage\" value=\"http:\/\/www.adobe.com\/shockwave\/download\/download.cgi?P1_Prod_Version=ShockwaveFlash\"><param name=\"flashvars\" value=\"actividad=1068397\"><embed id=\"objSwf\" width=\"640\" height=\"550\" type=\"application\/x-shockwave-flash\" src=\"http:\/\/fr.educaplay.com\/fr\/actividades\/1068397\/actividad.swf?time=1391851820\" quality=\"high\" allowfullscreen=\"allowfullscreen\" flashvars=\"actividad=1068397\" pluginspage=\"http:\/\/www.adobe.com\/shockwave\/download\/download.cgi?P1_Prod_Version=ShockwaveFlash\" name=\"objSwf\"><\/object><\/p>\n<p>Et de nombreuses cartes interactives fournies dans un article du blog:&nbsp;<a href=\"http:\/\/histoirencours.fr\/blog\/?p=2138\" target=\"_blank\" rel=\"noopener\">ici<\/a>.<\/p>\n<p>&nbsp;<\/p>\n<p><span style=\"background-color: #ffff99;\"><strong><span style=\"color: #800080;\">R\u00e9viser planisph\u00e8res, oc\u00e9ans, continents et grandes villes du monde<\/span><\/strong><\/span> :&nbsp;<a href=\"http:\/\/mapasinteractivos.didactalia.net\/comunidad\/mapasflashinteractivos\/recurso\/Continents-et-oceans-Ou-se-trouve--\/064b9db3-1e95-4c5f-b72f-08eaf4b40360\" target=\"_blank\" rel=\"noopener\">oc\u00e9ans et continents<\/a>&nbsp;; <a href=\"http:\/\/etablissements.ac-amiens.fr\/0020687l\/articles.php?lng=fr&amp;pg=551#rpm\" target=\"_blank\" rel=\"noopener\">diff\u00e9rents planisph\u00e8res<\/a>&nbsp;; &nbsp;<a href=\"http:\/\/www.curiosphere.tv\/CartesInteractives\/cartes\/B13-completer-populationMondiale\/carte.cfm\" target=\"_blank\" rel=\"noopener\">la population<\/a>.<\/p>\n<p><span style=\"color: #800080; background-color: #ffff99;\">R\u00e9viser sur d&#8217;excellentes cartes<\/span> avec&nbsp;<a href=\"http:\/\/www.jeux-geographiques.com\/jeux-en-ligne-revisions-brevet_pageid292.html#.UZjPNrX0F8E\" target=\"_blank\" rel=\"noopener\">jeux g\u00e9ographiques<\/a>. Cet excellent site a mis en place cette ann\u00e9e 9 cartes avec seulement les rep\u00e8res du Brevet! Int\u00e9r\u00eat suppl\u00e9mentaire, on peut s&#8217;inscrire et voir ses progr\u00e8s par l&#8217;interm\u00e9diaire des scores enregistr\u00e9s.<\/p>\n<p>Deux didapages avec tous les rep\u00e8res de G\u00e9o : <a href=\"http:\/\/samtris.free.fr\/6e\/reperesnathalie\/index.html\" target=\"_blank\" rel=\"noopener\">1 <\/a>et <a href=\"http:\/\/clg-republique-49.ac-nantes.fr\/pedagogie\/matieres\/hist-geo\/Livres\/Reperes_geo\/index-reperes_geo_college.html\" target=\"_blank\" rel=\"noopener\">2<\/a>.<\/p>\n<p>Des exercices de rep\u00e9rages pour l&#8217;ensemble du programme <a href=\"http:\/\/hist-geo.ac-rouen.fr\/site\/sequence\/troisieme\/geo\/geo.swf\" target=\"_blank\" rel=\"noopener\">ici<\/a>,&nbsp;<a href=\"http:\/\/soshistoire.free.fr\/jeux\/accueiljeux.html\" target=\"_blank\" rel=\"noopener\">ici<\/a>, <a href=\"http:\/\/www.clg-fontdaurumy.ac-aix-marseille.fr\/exercices_de_reperages.htm\" target=\"_blank\" rel=\"noopener\">ici<\/a>, et <a href=\"http:\/\/www.histoireguibo.net\/geoexo.html\" target=\"_blank\" rel=\"noopener\">l\u00e0<\/a>.<\/p>\n<p>D&#8217;autres <a href=\"http:\/\/www.discip.crdp.ac-caen.fr\/histgeo\/brevetgeo\/menusp1.htm\" target=\"_blank\" rel=\"noopener\">cartes <\/a>interactives du site de Caen sur l&#8217;ensemble du programme.<\/p>\n<p><span style=\"background-color: #ffff99;\"><strong><span style=\"color: #800080;\">R\u00e9viser les rep\u00e8res sur l&#8217;Europe :<\/span><\/strong><\/span><\/p>\n<p>Une <a href=\"http:\/\/colleges.ac-rouen.fr\/dunant-evreux\/SPIP\/html\/revision-brevet\/eur-pays-v-p\/europe.html\" target=\"_blank\" rel=\"noopener\">carte <\/a>interactive pour les apprendre et s&#8217;entra\u00eener.<\/p>\n<p><a href=\"http:\/\/www.clg-tillion-lardy.ac-versailles.fr\/spip.php?article323\" target=\"_blank\" rel=\"noopener\">un quiz<\/a><\/p>\n<p><object id=\"objSwf\" name=\"objSwf\" width=\"770\" height=\"550\" classid=\"clsid:d27cdb6e-ae6d-11cf-96b8-444553540000\" codebase=\"http:\/\/download.macromedia.com\/pub\/shockwave\/cabs\/flash\/swflash.cab#version=6,0,40,0\"><param name=\"quality\" value=\"high\"><param name=\"allowFullScreen\" value=\"true\"><param name=\"FlashVars\" value=\"actividad=1153413\"><param name=\"src\" value=\"http:\/\/fr.educaplay.com\/fr\/actividades\/1153413\/actividad_vactividad.swf?time=1391852978?idColeccion=17215\"><param name=\"allowfullscreen\" value=\"true\"><param name=\"pluginspage\" value=\"http:\/\/www.adobe.com\/shockwave\/download\/download.cgi?P1_Prod_Version=ShockwaveFlash\"><param name=\"flashvars\" value=\"actividad=1153413\"><embed id=\"objSwf\" width=\"770\" height=\"550\" type=\"application\/x-shockwave-flash\" src=\"http:\/\/fr.educaplay.com\/fr\/actividades\/1153413\/actividad_vactividad.swf?time=1391852978?idColeccion=17215\" quality=\"high\" allowfullscreen=\"allowfullscreen\" flashvars=\"actividad=1153413\" pluginspage=\"http:\/\/www.adobe.com\/shockwave\/download\/download.cgi?P1_Prod_Version=ShockwaveFlash\" name=\"objSwf\"><\/object><\/p>\n<p><object id=\"objSwf\" name=\"objSwf\" width=\"770\" height=\"550\" classid=\"clsid:d27cdb6e-ae6d-11cf-96b8-444553540000\" codebase=\"http:\/\/download.macromedia.com\/pub\/shockwave\/cabs\/flash\/swflash.cab#version=6,0,40,0\"><param name=\"quality\" value=\"high\"><param name=\"allowFullScreen\" value=\"true\"><param name=\"FlashVars\" value=\"actividad=1153751\"><param name=\"src\" value=\"http:\/\/fr.educaplay.com\/fr\/actividades\/1153751\/actividad.swf?time=1391853086\"><param name=\"allowfullscreen\" value=\"true\"><param name=\"pluginspage\" value=\"http:\/\/www.adobe.com\/shockwave\/download\/download.cgi?P1_Prod_Version=ShockwaveFlash\"><param name=\"flashvars\" value=\"actividad=1153751\"><embed id=\"objSwf\" width=\"770\" height=\"550\" type=\"application\/x-shockwave-flash\" src=\"http:\/\/fr.educaplay.com\/fr\/actividades\/1153751\/actividad.swf?time=1391853086\" quality=\"high\" allowfullscreen=\"allowfullscreen\" flashvars=\"actividad=1153751\" pluginspage=\"http:\/\/www.adobe.com\/shockwave\/download\/download.cgi?P1_Prod_Version=ShockwaveFlash\" name=\"objSwf\"><\/object><\/p>\n<p><a href=\"http:\/\/www.ac-grenoble.fr\/college\/frontenex\/file\/enseignement\/HGEC\/CHUZEL\/Hotpotatoes\/reperes\/2008carte5ex9.htm\" target=\"_blank\" rel=\"noopener\">rep\u00e9rer<\/a>&nbsp;les 28 pays de l&#8217;UE, et <a href=\"http:\/\/www.europe.learningtogether.net\/1.html\" target=\"_blank\" rel=\"noopener\">ici<\/a>. (Certaines des cartes ne prennent pas encore en compte l&#8217;entr\u00e9e de la Croatie dans l&#8217;UE en 2013.<\/p>\n<p>R\u00e9p\u00e9rer les <a href=\"http:\/\/www.clg-tillion-lardy.ac-versailles.fr\/IMG\/html\/QCMCapitalesUE-2.html\" target=\"_blank\" rel=\"noopener\">capitales <\/a>de l&#8217;UE.<\/p>\n<p>Juste pour s&#8217;amuser, un jeu de voyage dans le monde bas\u00e9 sur la vitesse et les connaissances&nbsp;<a href=\"http:\/\/www.travelpod.com\/traveler-iq\" target=\"_blank\" rel=\"noopener\">ici<\/a>.<\/p>\n<p><script type=\"text\/javascript\">\/\/ <![CDATA[ google_ad_client = \"ca-pub-6437540693984315\"; \/* Pages Brevet *\/ google_ad_slot = \"3231663086\"; google_ad_width = 336; google_ad_height = 280; \/\/ ]]><\/script><br \/>\n<script type=\"text\/javascript\" src=\"http:\/\/pagead2.googlesyndication.com\/pagead\/show_ads.js\">\/\/ <![CDATA[ \/\/ ]]><\/script><\/p>\n<p>Views: 573<\/p>","protected":false},"excerpt":{"rendered":"<p>R\u00e9viser tous les r\u00e9p\u00e8res g\u00e9ographiques vus depuis la 6\u00e8me demande un peu de travail m\u00eame si certains sont tr\u00e8s simples! Voici donc des liens utiles pour vous aider \u00e0 le faire! &nbsp; R\u00e9viser les cartes du premier chapitre sur la &hellip; <a href=\"https:\/\/histoirencours.fr\/blog\/?page_id=2511\">Continuer la lecture <span class=\"meta-nav\">&rarr;<\/span><\/a><\/p>\n","protected":false},"author":1,"featured_media":0,"parent":2467,"menu_order":5,"comment_status":"open","ping_status":"open","template":"","meta":{"_monsterinsights_skip_tracking":false,"_monsterinsights_sitenote_active":false,"_monsterinsights_sitenote_note":"","_monsterinsights_sitenote_category":0,"ngg_post_thumbnail":0,"footnotes":""},"class_list":["post-2511","page","type-page","status-publish","hentry"],"aioseo_notices":[],"amp_enabled":true,"_links":{"self":[{"href":"https:\/\/histoirencours.fr\/blog\/index.php?rest_route=\/wp\/v2\/pages\/2511","targetHints":{"allow":["GET"]}}],"collection":[{"href":"https:\/\/histoirencours.fr\/blog\/index.php?rest_route=\/wp\/v2\/pages"}],"about":[{"href":"https:\/\/histoirencours.fr\/blog\/index.php?rest_route=\/wp\/v2\/types\/page"}],"author":[{"embeddable":true,"href":"https:\/\/histoirencours.fr\/blog\/index.php?rest_route=\/wp\/v2\/users\/1"}],"replies":[{"embeddable":true,"href":"https:\/\/histoirencours.fr\/blog\/index.php?rest_route=%2Fwp%2Fv2%2Fcomments&post=2511"}],"version-history":[{"count":16,"href":"https:\/\/histoirencours.fr\/blog\/index.php?rest_route=\/wp\/v2\/pages\/2511\/revisions"}],"predecessor-version":[{"id":4157,"href":"https:\/\/histoirencours.fr\/blog\/index.php?rest_route=\/wp\/v2\/pages\/2511\/revisions\/4157"}],"up":[{"embeddable":true,"href":"https:\/\/histoirencours.fr\/blog\/index.php?rest_route=\/wp\/v2\/pages\/2467"}],"wp:attachment":[{"href":"https:\/\/histoirencours.fr\/blog\/index.php?rest_route=%2Fwp%2Fv2%2Fmedia&parent=2511"}],"curies":[{"name":"wp","href":"https:\/\/api.w.org\/{rel}","templated":true}]}}