{"id":264,"date":"2011-09-07T16:42:31","date_gmt":"2011-09-07T14:42:31","guid":{"rendered":"http:\/\/histoirencours.fr\/blog\/?page_id=264"},"modified":"2017-09-20T21:36:11","modified_gmt":"2017-09-20T19:36:11","slug":"pour-les-parents","status":"publish","type":"page","link":"https:\/\/histoirencours.fr\/blog\/?page_id=264","title":{"rendered":"Pour les parents"},"content":{"rendered":"<p><img loading=\"lazy\" decoding=\"async\" class=\"alignleft\" src=\"http:\/\/lewebpedagogique.com\/segpa94sucy\/files\/2010\/11\/famillle.gif\" alt=\"\" width=\"300\" height=\"272\">La rentr\u00e9e, \u00e7a concerne aussi les parents. Si votre enfant entre en Sixi\u00e8me, un certain nombre de questions vous taraudent s\u00fbrement. Pour les parents des plus grands, l&#8217;orientation \u00e0 la fin du coll\u00e8ge ou bien la r\u00e9ussite au Brevet les inqui\u00e8tent.<\/p>\n<p>Vous voulez tout savoir sur l&#8217;organisation du coll\u00e8ge, les programmes des diff\u00e9rentes mati\u00e8res, le socle de comp\u00e9tences&#8230; voici le lien vers le site minist\u00e9riel qui renseigne sur tous ces sujets :&nbsp;<a href=\"http:\/\/www.education.gouv.fr\/pid38\/college.html\">http:\/\/www.education.gouv.fr\/pid38\/college.html<\/a>&nbsp;et celui plus pr\u00e9cis intitul\u00e9 &#8220;Etre parent d&#8217;\u00e9l\u00e8ves au coll\u00e8ge&#8221; :&nbsp;<a href=\"http:\/\/www.education.gouv.fr\/pid24211\/etre-parent-d-eleves.html\">http:\/\/www.education.gouv.fr\/pid24211\/etre-parent-d-eleves.html<\/a><\/p>\n<p>Si vous voulez vous lancer dans la passionnante lecture des programmes officiels d&#8217;Histoire-G\u00e9ographie-Education civique du coll\u00e8ge, ils sont ici : <a href=\"http:\/\/eduscol.education.fr\/histoire-geographie\/sinformer\/textes-officiels\/les-programmes\/ecole-college.html\">&nbsp;<\/a><a href=\"http:\/\/www.education.gouv.fr\/cid22116\/mene0817481a.html\">http:\/\/www.education.gouv.fr\/cid22116\/mene0817481a.html&nbsp;<\/a><\/p>\n<p>Views: 49<\/p>","protected":false},"excerpt":{"rendered":"<p>La rentr\u00e9e, \u00e7a concerne aussi les parents. Si votre enfant entre en Sixi\u00e8me, un certain nombre de questions vous taraudent s\u00fbrement. Pour les parents des plus grands, l&#8217;orientation \u00e0 la fin du coll\u00e8ge ou bien la r\u00e9ussite au Brevet les &hellip; <a href=\"https:\/\/histoirencours.fr\/blog\/?page_id=264\">Continuer la lecture <span class=\"meta-nav\">&rarr;<\/span><\/a><\/p>\n","protected":false},"author":1,"featured_media":0,"parent":0,"menu_order":5,"comment_status":"closed","ping_status":"open","template":"","meta":{"_monsterinsights_skip_tracking":false,"_monsterinsights_sitenote_active":false,"_monsterinsights_sitenote_note":"","_monsterinsights_sitenote_category":0,"ngg_post_thumbnail":0,"footnotes":""},"class_list":["post-264","page","type-page","status-publish","hentry"],"aioseo_notices":[],"amp_enabled":true,"_links":{"self":[{"href":"https:\/\/histoirencours.fr\/blog\/index.php?rest_route=\/wp\/v2\/pages\/264","targetHints":{"allow":["GET"]}}],"collection":[{"href":"https:\/\/histoirencours.fr\/blog\/index.php?rest_route=\/wp\/v2\/pages"}],"about":[{"href":"https:\/\/histoirencours.fr\/blog\/index.php?rest_route=\/wp\/v2\/types\/page"}],"author":[{"embeddable":true,"href":"https:\/\/histoirencours.fr\/blog\/index.php?rest_route=\/wp\/v2\/users\/1"}],"replies":[{"embeddable":true,"href":"https:\/\/histoirencours.fr\/blog\/index.php?rest_route=%2Fwp%2Fv2%2Fcomments&post=264"}],"version-history":[{"count":10,"href":"https:\/\/histoirencours.fr\/blog\/index.php?rest_route=\/wp\/v2\/pages\/264\/revisions"}],"predecessor-version":[{"id":4113,"href":"https:\/\/histoirencours.fr\/blog\/index.php?rest_route=\/wp\/v2\/pages\/264\/revisions\/4113"}],"wp:attachment":[{"href":"https:\/\/histoirencours.fr\/blog\/index.php?rest_route=%2Fwp%2Fv2%2Fmedia&parent=264"}],"curies":[{"name":"wp","href":"https:\/\/api.w.org\/{rel}","templated":true}]}}