{"id":3136,"date":"2014-02-08T10:14:52","date_gmt":"2014-02-08T09:14:52","guid":{"rendered":"http:\/\/histoirencours.fr\/blog\/?page_id=3136"},"modified":"2014-02-08T10:14:52","modified_gmt":"2014-02-08T09:14:52","slug":"toutes-les-videos-des-cours","status":"publish","type":"page","link":"https:\/\/histoirencours.fr\/blog\/?page_id=3136","title":{"rendered":"Toutes les vid\u00e9os des cours"},"content":{"rendered":"<p><strong><span style=\"color: #ff0000;\">R\u00e9viser tout le programme de 3\u00e8me avec des vid\u00e9os comment\u00e9es des diaporamas de cours.<\/span><\/strong><\/p>\n<p>Ouvrez Prezi en plein \u00e9cran et suivez le chemin propos\u00e9 pour suivre le programme du premier au dernier chapitre de l&#8217;ann\u00e9e&#8230;<\/p>\n<p><iframe loading=\"lazy\" src=\"http:\/\/prezi.com\/embed\/dwoakxgjes_s\/?bgcolor=ffffff&amp;lock_to_path=0&amp;autoplay=0&amp;autohide_ctrls=0&amp;features=undefined&amp;disabled_features=undefined\" height=\"400\" width=\"550\" frameborder=\"0\"><\/iframe><\/p>\n<p>Views: 976<\/p>","protected":false},"excerpt":{"rendered":"<p>R\u00e9viser tout le programme de 3\u00e8me avec des vid\u00e9os comment\u00e9es des diaporamas de cours. Ouvrez Prezi en plein \u00e9cran et suivez le chemin propos\u00e9 pour suivre le programme du premier au dernier chapitre de l&#8217;ann\u00e9e&#8230; Views: 976<\/p>\n","protected":false},"author":1,"featured_media":0,"parent":2467,"menu_order":1,"comment_status":"open","ping_status":"open","template":"","meta":{"_monsterinsights_skip_tracking":false,"_monsterinsights_sitenote_active":false,"_monsterinsights_sitenote_note":"","_monsterinsights_sitenote_category":0,"ngg_post_thumbnail":0,"footnotes":""},"class_list":["post-3136","page","type-page","status-publish","hentry"],"aioseo_notices":[],"amp_enabled":true,"_links":{"self":[{"href":"https:\/\/histoirencours.fr\/blog\/index.php?rest_route=\/wp\/v2\/pages\/3136","targetHints":{"allow":["GET"]}}],"collection":[{"href":"https:\/\/histoirencours.fr\/blog\/index.php?rest_route=\/wp\/v2\/pages"}],"about":[{"href":"https:\/\/histoirencours.fr\/blog\/index.php?rest_route=\/wp\/v2\/types\/page"}],"author":[{"embeddable":true,"href":"https:\/\/histoirencours.fr\/blog\/index.php?rest_route=\/wp\/v2\/users\/1"}],"replies":[{"embeddable":true,"href":"https:\/\/histoirencours.fr\/blog\/index.php?rest_route=%2Fwp%2Fv2%2Fcomments&post=3136"}],"version-history":[{"count":1,"href":"https:\/\/histoirencours.fr\/blog\/index.php?rest_route=\/wp\/v2\/pages\/3136\/revisions"}],"predecessor-version":[{"id":3137,"href":"https:\/\/histoirencours.fr\/blog\/index.php?rest_route=\/wp\/v2\/pages\/3136\/revisions\/3137"}],"up":[{"embeddable":true,"href":"https:\/\/histoirencours.fr\/blog\/index.php?rest_route=\/wp\/v2\/pages\/2467"}],"wp:attachment":[{"href":"https:\/\/histoirencours.fr\/blog\/index.php?rest_route=%2Fwp%2Fv2%2Fmedia&parent=3136"}],"curies":[{"name":"wp","href":"https:\/\/api.w.org\/{rel}","templated":true}]}}