{"id":3138,"date":"2014-02-08T10:18:56","date_gmt":"2014-02-08T09:18:56","guid":{"rendered":"http:\/\/histoirencours.fr\/blog\/?page_id=3138"},"modified":"2014-05-02T10:34:57","modified_gmt":"2014-05-02T08:34:57","slug":"tous-les-podcasts-des-cours","status":"publish","type":"page","link":"https:\/\/histoirencours.fr\/blog\/?page_id=3138","title":{"rendered":"Tous les podcasts des cours"},"content":{"rendered":"<p><strong><span style=\"color: #ff0000;\">R\u00e9viser tout le programme de Troisi\u00e8me avec les podcasts des le\u00e7ons.\u00a0<\/span><\/strong><\/p>\n<p>Elles sont class\u00e9es par mati\u00e8re et vous pouvez les t\u00e9l\u00e9charger!<\/p>\n<p><strong><span style=\"color: #008080;\">Les podcasts d&#8217;Histoire :<\/span><\/strong><\/p>\n<p><iframe loading=\"lazy\" src=\"https:\/\/w.soundcloud.com\/player\/?url=https%3A\/\/api.soundcloud.com\/playlists\/21674285&amp;color=0066cc&amp;auto_play=false&amp;hide_related=false&amp;show_artwork=true\" width=\"100%\" height=\"450\" frameborder=\"no\" scrolling=\"no\"><\/iframe><\/p>\n<p><strong><span style=\"color: #008080;\">Les podcasts de G\u00e9ographie :<\/span><\/strong><\/p>\n<p><iframe loading=\"lazy\" src=\"https:\/\/w.soundcloud.com\/player\/?url=https%3A\/\/api.soundcloud.com\/playlists\/33011352&amp;color=00cc11&amp;auto_play=false&amp;hide_related=false&amp;show_artwork=true\" width=\"100%\" height=\"450\" frameborder=\"no\" scrolling=\"no\"><\/iframe><\/p>\n<p><strong><span style=\"color: #008080;\">Les podcasts d&#8217;Education civique :<\/span><\/strong><\/p>\n<p><iframe loading=\"lazy\" src=\"https:\/\/w.soundcloud.com\/player\/?url=https%3A\/\/api.soundcloud.com\/playlists\/33011729&amp;color=00aabb&amp;auto_play=false&amp;hide_related=false&amp;show_artwork=true\" width=\"100%\" height=\"450\" frameborder=\"no\" scrolling=\"no\"><\/iframe><\/p>\n<p>Views: 944<\/p>","protected":false},"excerpt":{"rendered":"<p>R\u00e9viser tout le programme de Troisi\u00e8me avec les podcasts des le\u00e7ons.\u00a0 Elles sont class\u00e9es par mati\u00e8re et vous pouvez les t\u00e9l\u00e9charger! Les podcasts d&#8217;Histoire : Les podcasts de G\u00e9ographie : Les podcasts d&#8217;Education civique : Views: 944<\/p>\n","protected":false},"author":1,"featured_media":0,"parent":2467,"menu_order":2,"comment_status":"open","ping_status":"open","template":"","meta":{"_monsterinsights_skip_tracking":false,"_monsterinsights_sitenote_active":false,"_monsterinsights_sitenote_note":"","_monsterinsights_sitenote_category":0,"ngg_post_thumbnail":0,"footnotes":""},"class_list":["post-3138","page","type-page","status-publish","hentry"],"aioseo_notices":[],"amp_enabled":true,"_links":{"self":[{"href":"https:\/\/histoirencours.fr\/blog\/index.php?rest_route=\/wp\/v2\/pages\/3138","targetHints":{"allow":["GET"]}}],"collection":[{"href":"https:\/\/histoirencours.fr\/blog\/index.php?rest_route=\/wp\/v2\/pages"}],"about":[{"href":"https:\/\/histoirencours.fr\/blog\/index.php?rest_route=\/wp\/v2\/types\/page"}],"author":[{"embeddable":true,"href":"https:\/\/histoirencours.fr\/blog\/index.php?rest_route=\/wp\/v2\/users\/1"}],"replies":[{"embeddable":true,"href":"https:\/\/histoirencours.fr\/blog\/index.php?rest_route=%2Fwp%2Fv2%2Fcomments&post=3138"}],"version-history":[{"count":3,"href":"https:\/\/histoirencours.fr\/blog\/index.php?rest_route=\/wp\/v2\/pages\/3138\/revisions"}],"predecessor-version":[{"id":3301,"href":"https:\/\/histoirencours.fr\/blog\/index.php?rest_route=\/wp\/v2\/pages\/3138\/revisions\/3301"}],"up":[{"embeddable":true,"href":"https:\/\/histoirencours.fr\/blog\/index.php?rest_route=\/wp\/v2\/pages\/2467"}],"wp:attachment":[{"href":"https:\/\/histoirencours.fr\/blog\/index.php?rest_route=%2Fwp%2Fv2%2Fmedia&parent=3138"}],"curies":[{"name":"wp","href":"https:\/\/api.w.org\/{rel}","templated":true}]}}