{"id":33,"date":"2011-07-13T16:42:34","date_gmt":"2011-07-13T14:42:34","guid":{"rendered":"http:\/\/histoirencours.fr\/blog\/?page_id=33"},"modified":"2016-09-13T22:31:33","modified_gmt":"2016-09-13T20:31:33","slug":"quiz-dhistoire-de-sixieme","status":"publish","type":"page","link":"https:\/\/histoirencours.fr\/blog\/?page_id=33","title":{"rendered":"Quiz d&#8217;Histoire de 6\u00e8me"},"content":{"rendered":"<p style=\"text-align: center;\">Cette page regroupe tous les quiz que j&#8217;ai r\u00e9alis\u00e9s pour r\u00e9viser les le\u00e7ons d&#8217;Histoire. Ils sont class\u00e9s en suivant les chapitres du programme.<\/p>\n<p><span style=\"color: #800080;\"><span style=\"text-decoration: underline;\">Remarque<\/span> : avec la r\u00e9forme du coll\u00e8ge 2016, les ressources de ces pages ne sont plus totalement conformes au nouveau programme. Elles seront mises \u00e0 jour au fur et \u00e0 mesure de l&#8217;ann\u00e9e et des ann\u00e9es suivantes.<\/span><\/p>\n<h1><\/h1>\n<h1><span style=\"text-decoration: underline; font-size: large;\"><strong><span style=\"color: #000080; text-decoration: underline;\">Chapitre 1 : Les d\u00e9buts de l&#8217;humanit\u00e9<\/span><\/strong><\/span><\/h1>\n<h1><span style=\"text-decoration: underline; font-size: large;\"><strong><span style=\"color: #000080; text-decoration: underline;\">Chapitre 1 : L&#8217;Orient ancien<\/span> (ancien programme)<\/strong><\/span><\/h1>\n<p>Un seul quiz sur ce chapitre qui concerne <a href=\"http:\/\/histoirencours.fr\/quizz\/Quizz6eme\/Orient-ancien-Web\/index.html\" target=\"_blank\">les premi\u00e8res cit\u00e9s et les les premi\u00e8res \u00e9critures<\/a>.<\/p>\n<p>&nbsp;<\/p>\n<h3><strong><span style=\"text-decoration: underline;\"><span style=\"color: #003366; text-decoration: underline;\">Chapitre 2 : le monde grec antique<\/span><\/span><\/strong><\/h3>\n<p>L<span style=\"color: #000000;\">e quiz sur la 1\u00e8re partie du chapitre :<\/span>\u00a0\u00a0<span style=\"color: #ff0000;\"><a href=\"http:\/\/histoirencours.fr\/quizz\/Quizz6eme\/le-monde-grec-antique-1-Web\/index.html\" target=\"_blank\">Des\u00a0cit\u00e9s tout autour de la mer M\u00e9diterran\u00e9e<\/a><\/span><\/p>\n<p style=\"text-align: center;\"><a href=\"http:\/\/histoirencours.fr\/quizz\/Quizz6eme\/le-monde-grec-antique-1-Web\/index.html\" target=\"_blank\"><img decoding=\"async\" src=\"http:\/\/www.co-belluard.ch\/2010\/softs\/LMAimages\/Netquiz%20Pro_Francais.png\" alt=\"\" \/><\/a><\/p>\n<p>Le quiz sur <span style=\"color: #000000;\">la 2\u00e8me partie du chapitre<\/span> :<span style=\"color: #ff0000;\"> <a href=\"http:\/\/histoirencours.fr\/quizz\/Quizz6eme\/Le-monde-grec-antique-2-Web\/index.html\" target=\"_blank\">Dieux, h\u00e9ros et mythes<\/a><\/span><\/p>\n<p style=\"text-align: center;\"><a href=\"http:\/\/histoirencours.fr\/quizz\/Quizz6eme\/Le-monde-grec-antique-2-Web\/index.html\" target=\"_blank\"><img decoding=\"async\" src=\"http:\/\/www.co-belluard.ch\/2010\/softs\/LMAimages\/Netquiz%20Pro_Francais.png\" alt=\"\" \/><\/a><\/p>\n<p>Le qu<span style=\"color: #000000;\">iz sur la 3\u00e8me partie du ch<\/span>apitre : <span style=\"color: #ff0000;\"><a href=\"http:\/\/histoirencours.fr\/quizz\/Quizz6eme\/Le-monde-grec-antique-3-Web\/index.html\" target=\"_blank\">Le sanctuaire panh\u00e9llenique d&#8217;Olympie<\/a><\/span><\/p>\n<p style=\"text-align: center;\"><a href=\"http:\/\/histoirencours.fr\/quizz\/Quizz6eme\/Le-monde-grec-antique-3-Web\/index.html\" target=\"_blank\"><img decoding=\"async\" src=\"http:\/\/www.co-belluard.ch\/2010\/softs\/LMAimages\/Netquiz%20Pro_Francais.png\" alt=\"\" \/><\/a><\/p>\n<p style=\"text-align: left;\" align=\"center\">Voici une grille de <a href=\"http:\/\/histoirencours.fr\/quizz\/mots6eme\/grille_Athenes_html_1\/index.html\" target=\"_blank\"><span style=\"color: #993366;\">mots crois\u00e9s<\/span> <\/a>pour r\u00e9viser le vocabulaire du chapitre sans faire de fautes&#8230; (Remarque\u00a0: pensez \u00e0 mettre les accents).<\/p>\n<p align=\"center\"><a href=\"http:\/\/histoirencours.fr\/quizz\/mots6eme\/grille_grece_html_1\/index.html\" target=\"_blank\"><img loading=\"lazy\" decoding=\"async\" class=\"alignnone size-full wp-image-42\" title=\"image grille\" src=\"http:\/\/histoirencours.fr\/blog\/wp-content\/uploads\/2011\/07\/image-grille.jpg\" alt=\"\" width=\"154\" height=\"116\" \/><\/a><\/p>\n<p style=\"text-align: center;\"><img decoding=\"async\" src=\"http:\/\/2.bp.blogspot.com\/_t4C4fhwIxBE\/TRqBchhOPeI\/AAAAAAAAABA\/Ff8PfXh2meE\/s1600\/singe_se_gratte_tete.gif\" alt=\"\" \/><\/p>\n<h3><strong><span style=\"text-decoration: underline;\"><span style=\"color: #000080; text-decoration: underline;\">Chapitre 3 : \u00a0La cit\u00e9 des Ath\u00e9niens<\/span><\/span><\/strong><\/h3>\n<p style=\"text-align: left;\" align=\"center\">Le premier quiz sur <span style=\"color: #ff0000;\"><a title=\"Athenes1\" href=\"http:\/\/histoirencours.fr\/quizz\/Quizz6eme\/Athenes1-Web\/index.html\" target=\"_blank\">la cit\u00e9 d&#8217;Ath\u00e8nes et la f\u00eate des Panath\u00e9n\u00e9es<\/a><\/span><\/p>\n<p style=\"text-align: left;\" align=\"center\">Le deuxi\u00e8me quiz sur <span style=\"color: #ff0000;\"><a title=\"athenes2\" href=\"http:\/\/histoirencours.fr\/quizz\/Quizz6eme\/Athenes2-Web\/index.html\" target=\"_blank\">les citoyens et la d\u00e9mocratie<\/a><\/span><\/p>\n<p style=\"text-align: left;\" align=\"center\">Le troisi\u00e8me quiz sur <span style=\"color: #ff0000;\"><a title=\"athenes3\" href=\"http:\/\/histoirencours.fr\/quizz\/Quizz6eme\/Athenes3-Web\/index.html\" target=\"_blank\">les citoyens et la guerre<\/a><\/span><\/p>\n<p style=\"text-align: left;\" align=\"center\">Une grille <span style=\"color: #800080;\"><span style=\"color: #000000;\">de<\/span><a href=\"http:\/\/histoirencours.fr\/quizz\/mots6eme\/grille_Athenes_html_1\/default.html\" target=\"_blank\"> mots crois\u00e9s<\/a>\u00a0<\/span>pour revoir ou apprendre le vocabulaire du chapitre<\/p>\n<p><strong><span style=\"text-decoration: underline;\"><img decoding=\"async\" class=\"aligncenter\" src=\"http:\/\/2.bp.blogspot.com\/_t4C4fhwIxBE\/TRqBchhOPeI\/AAAAAAAAABA\/Ff8PfXh2meE\/s1600\/singe_se_gratte_tete.gif\" alt=\"\" \/><br \/>\n<\/span><\/strong><\/p>\n<h3><span style=\"text-decoration: underline;\"><strong><span style=\"color: #333399; text-decoration: underline;\">Chapitre 4 : Alexandre le Grand<\/span><\/strong><\/span><\/h3>\n<p>Un seul quiz sur <a href=\"http:\/\/histoirencours.fr\/quizz\/Quizz6eme\/Alexandre-le-Grand-Web\/index.html\" target=\"_blank\">ce petit chapitre<\/a><\/p>\n<h3><img decoding=\"async\" class=\"aligncenter\" src=\"http:\/\/2.bp.blogspot.com\/_t4C4fhwIxBE\/TRqBchhOPeI\/AAAAAAAAABA\/Ff8PfXh2meE\/s1600\/singe_se_gratte_tete.gif\" alt=\"\" \/><\/h3>\n<h3><span style=\"text-decoration: underline; color: #0000ff;\"><strong><span style=\"color: #000080; text-decoration: underline;\">Cha<\/span><span style=\"color: #000080; text-decoration: underline;\">pitre\u00a05 : Rome, des origines \u00e0<\/span><span style=\"text-decoration: underline;\"><span style=\"color: #000080; text-decoration: underline;\">la R\u00e9publiqu<\/span><span style=\"color: #000080; text-decoration: underline;\">e<\/span><\/span><\/strong><\/span><\/h3>\n<p>Le quizz sur <span style=\"color: #ff0000;\"><a href=\"http:\/\/histoirencours.fr\/quizz\/Quizz6eme\/Rome-1-Web\/index.html\" target=\"_blank\">la fondation de Rome\u00a0<\/a><\/span><\/p>\n<p>Le quizz sur <span style=\"color: #ff0000;\"><a href=\"http:\/\/histoirencours.fr\/quizz\/Quizz6eme\/Rome-2-Web\/index.html\" target=\"_blank\">la R\u00e9publique romaine <\/a>\u00a0<\/span><\/p>\n<p>Le quizz sur <span style=\"color: #ff0000;\"><a href=\"http:\/\/histoirencours.fr\/quizz\/Quizz6eme\/Rome-3-Web\/index.html\" target=\"_blank\">les conqu\u00eates romaines<\/a>\u00a0<\/span><\/p>\n<p>Les <span style=\"color: #993366;\"><a href=\"http:\/\/histoirencours.fr\/quizz\/mots6eme\/grille_Rome_html_1\/default.html\" target=\"_blank\">mots crois\u00e9s<\/a><\/span><\/p>\n<p><img decoding=\"async\" class=\"aligncenter\" src=\"http:\/\/2.bp.blogspot.com\/_t4C4fhwIxBE\/TRqBchhOPeI\/AAAAAAAAABA\/Ff8PfXh2meE\/s1600\/singe_se_gratte_tete.gif\" alt=\"\" \/><\/p>\n<h3><span style=\"text-decoration: underline;\"><strong><span style=\"color: #000080; text-decoration: underline;\">C<\/span><span style=\"color: #000080; text-decoration: underline;\">hapitre\u00a06 : L&#8217;empire romain<\/span><\/strong><\/span><\/h3>\n<p align=\"left\"><span style=\"color: #000000;\">Le quizz sur <span style=\"color: #ff0000;\"><a title=\"rome1\" href=\"http:\/\/histoirencours.fr\/quizz\/Quizz6eme\/Empire-romain-1-Web\/index.html\" target=\"_blank\">l&#8217;empereur<\/a><\/span><\/span><\/p>\n<p align=\"left\"><span style=\"color: #000000;\">Le quizz sur <span style=\"color: #ff0000;\"><a title=\"rome2\" href=\"http:\/\/histoirencours.fr\/quizz\/Quizz6eme\/Empire-romain-2-Web\/index.html\" target=\"_blank\">la paix romaine<\/a><\/span><\/span><span class=\"Apple-style-span\" style=\"color: #ff0000;\">\u00a0<\/span><\/p>\n<p align=\"left\"><span style=\"color: #000000;\">Le quizz sur <span style=\"color: #ff0000;\"><a title=\"rome3\" href=\"http:\/\/histoirencours.fr\/quizz\/Quizz6eme\/Empire-romain-3-Web\/index.html\" target=\"_blank\">Rome, les monuments romains et la romanisation<\/a><\/span><\/span><\/p>\n<p>La grille de <span style=\"color: #800080;\"><a href=\"http:\/\/histoirencours.fr\/quizz\/mots6eme\/grille_Rome2_html_1\/default.html\" target=\"_blank\">mots crois\u00e9s<\/a><\/span><\/p>\n<p>&nbsp;<\/p>\n<p><a title=\"Quiz et mots crois\u00e9s de 6\u00e8me\" href=\"http:\/\/histoirencours.fr\/blog\/?page_id=27\">Retour \u00e0 la page Quiz et mots crois\u00e9s de 6\u00e8me<\/a><\/p>\n<p>Views: 2479<\/p>","protected":false},"excerpt":{"rendered":"<p>Cette page regroupe tous les quiz que j&#8217;ai r\u00e9alis\u00e9s pour r\u00e9viser les le\u00e7ons d&#8217;Histoire. Ils sont class\u00e9s en suivant les chapitres du programme. Remarque : avec la r\u00e9forme du coll\u00e8ge 2016, les ressources de ces pages ne sont plus totalement &hellip; <a href=\"https:\/\/histoirencours.fr\/blog\/?page_id=33\">Continuer la lecture <span class=\"meta-nav\">&rarr;<\/span><\/a><\/p>\n","protected":false},"author":1,"featured_media":0,"parent":27,"menu_order":0,"comment_status":"closed","ping_status":"open","template":"","meta":{"_monsterinsights_skip_tracking":false,"_monsterinsights_sitenote_active":false,"_monsterinsights_sitenote_note":"","_monsterinsights_sitenote_category":0,"ngg_post_thumbnail":0,"footnotes":""},"class_list":["post-33","page","type-page","status-publish","hentry"],"aioseo_notices":[],"amp_enabled":true,"_links":{"self":[{"href":"https:\/\/histoirencours.fr\/blog\/index.php?rest_route=\/wp\/v2\/pages\/33","targetHints":{"allow":["GET"]}}],"collection":[{"href":"https:\/\/histoirencours.fr\/blog\/index.php?rest_route=\/wp\/v2\/pages"}],"about":[{"href":"https:\/\/histoirencours.fr\/blog\/index.php?rest_route=\/wp\/v2\/types\/page"}],"author":[{"embeddable":true,"href":"https:\/\/histoirencours.fr\/blog\/index.php?rest_route=\/wp\/v2\/users\/1"}],"replies":[{"embeddable":true,"href":"https:\/\/histoirencours.fr\/blog\/index.php?rest_route=%2Fwp%2Fv2%2Fcomments&post=33"}],"version-history":[{"count":38,"href":"https:\/\/histoirencours.fr\/blog\/index.php?rest_route=\/wp\/v2\/pages\/33\/revisions"}],"predecessor-version":[{"id":3866,"href":"https:\/\/histoirencours.fr\/blog\/index.php?rest_route=\/wp\/v2\/pages\/33\/revisions\/3866"}],"up":[{"embeddable":true,"href":"https:\/\/histoirencours.fr\/blog\/index.php?rest_route=\/wp\/v2\/pages\/27"}],"wp:attachment":[{"href":"https:\/\/histoirencours.fr\/blog\/index.php?rest_route=%2Fwp%2Fv2%2Fmedia&parent=33"}],"curies":[{"name":"wp","href":"https:\/\/api.w.org\/{rel}","templated":true}]}}