{"id":3313,"date":"2014-05-08T20:58:00","date_gmt":"2014-05-08T18:58:00","guid":{"rendered":"http:\/\/histoirencours.fr\/blog\/?page_id=3313"},"modified":"2014-05-08T20:58:00","modified_gmt":"2014-05-08T18:58:00","slug":"cartes-mentales-en-video-par-les-3emes","status":"publish","type":"page","link":"https:\/\/histoirencours.fr\/blog\/?page_id=3313","title":{"rendered":"Cartes mentales en vid\u00e9o par les 3\u00e8mes"},"content":{"rendered":"<p><strong><span style=\"color: #008080;\">En janvier, mes \u00e9l\u00e8ves de 3\u00e8me 2 ont fait des cartes mentales en salle informatique r\u00e9sumant\u00a0les chapitres d\u00e9j\u00e0 \u00e9tudi\u00e9s en classe. Elles sont visibles <a href=\"http:\/\/histoirencours.fr\/blog\/?p=3123\" target=\"_blank\"><span style=\"color: #008080;\">ici<\/span><\/a>. Les plus rapides en ont fait des vid\u00e9os comment\u00e9es.<\/span><\/strong> J&#8217;ai enfin pris le temps de les mettre en ligne! Donc les voici&#8230;<\/p>\n<p>Les grandes innovations scientifiques par Marie et Adenise :<\/p>\n<p><video width=\"640\" height=\"480\" controls=\"controls\"><source src=\"http:\/\/histoirencours.fr\/blog\/wp-content\/uploads\/saison%203\/3eme\/MarieAdenise.mp4\" type=\"video\/mp4\" \/><\/video><\/p>\n<p>L&#8217;excellente 1\u00e8re guerre mondiale par Aude, Louise et la voix de Marie :<\/p>\n<p><video width=\"640\" height=\"480\" controls=\"controls\"><source src=\"http:\/\/histoirencours.fr\/blog\/wp-content\/uploads\/saison%203\/3eme\/triclin%20delaporte.mp4\" type=\"video\/mp4\" \/><\/video><\/p>\n<p>Les r\u00e9gimes totalitaires par Simon et Quentin :<\/p>\n<p><video width=\"640\" height=\"380\" controls=\"controls\"><source src=\"http:\/\/histoirencours.fr\/blog\/wp-content\/uploads\/saison%203\/3eme\/Fiche%20memoire%20Simon%20Quentin.mp4\" type=\"video\/mp4\" \/><\/video><\/p>\n<p>La R\u00e9publique entre les deux guerres d&#8217;Hicham et Vincent :<\/p>\n<p><video width=\"620\" height=\"480\" controls=\"controls\"><source src=\"http:\/\/histoirencours.fr\/blog\/wp-content\/uploads\/saison%203\/3eme\/hicham%20vincent%20de.mp4\" type=\"video\/mp4\" \/><\/video><\/p>\n<p>&nbsp;<\/p>\n<p>Views: 205<\/p>","protected":false},"excerpt":{"rendered":"<p>En janvier, mes \u00e9l\u00e8ves de 3\u00e8me 2 ont fait des cartes mentales en salle informatique r\u00e9sumant\u00a0les chapitres d\u00e9j\u00e0 \u00e9tudi\u00e9s en classe. Elles sont visibles ici. Les plus rapides en ont fait des vid\u00e9os comment\u00e9es. J&#8217;ai enfin pris le temps de &hellip; <a href=\"https:\/\/histoirencours.fr\/blog\/?page_id=3313\">Continuer la lecture <span class=\"meta-nav\">&rarr;<\/span><\/a><\/p>\n","protected":false},"author":1,"featured_media":0,"parent":2467,"menu_order":8,"comment_status":"open","ping_status":"open","template":"","meta":{"_monsterinsights_skip_tracking":false,"_monsterinsights_sitenote_active":false,"_monsterinsights_sitenote_note":"","_monsterinsights_sitenote_category":0,"ngg_post_thumbnail":0,"footnotes":""},"class_list":["post-3313","page","type-page","status-publish","hentry"],"aioseo_notices":[],"amp_enabled":true,"_links":{"self":[{"href":"https:\/\/histoirencours.fr\/blog\/index.php?rest_route=\/wp\/v2\/pages\/3313","targetHints":{"allow":["GET"]}}],"collection":[{"href":"https:\/\/histoirencours.fr\/blog\/index.php?rest_route=\/wp\/v2\/pages"}],"about":[{"href":"https:\/\/histoirencours.fr\/blog\/index.php?rest_route=\/wp\/v2\/types\/page"}],"author":[{"embeddable":true,"href":"https:\/\/histoirencours.fr\/blog\/index.php?rest_route=\/wp\/v2\/users\/1"}],"replies":[{"embeddable":true,"href":"https:\/\/histoirencours.fr\/blog\/index.php?rest_route=%2Fwp%2Fv2%2Fcomments&post=3313"}],"version-history":[{"count":13,"href":"https:\/\/histoirencours.fr\/blog\/index.php?rest_route=\/wp\/v2\/pages\/3313\/revisions"}],"predecessor-version":[{"id":3339,"href":"https:\/\/histoirencours.fr\/blog\/index.php?rest_route=\/wp\/v2\/pages\/3313\/revisions\/3339"}],"up":[{"embeddable":true,"href":"https:\/\/histoirencours.fr\/blog\/index.php?rest_route=\/wp\/v2\/pages\/2467"}],"wp:attachment":[{"href":"https:\/\/histoirencours.fr\/blog\/index.php?rest_route=%2Fwp%2Fv2%2Fmedia&parent=3313"}],"curies":[{"name":"wp","href":"https:\/\/api.w.org\/{rel}","templated":true}]}}