{"id":3345,"date":"2014-05-10T18:19:16","date_gmt":"2014-05-10T16:19:16","guid":{"rendered":"http:\/\/histoirencours.fr\/blog\/?page_id=3345"},"modified":"2014-05-10T18:19:16","modified_gmt":"2014-05-10T16:19:16","slug":"les-podcasts-des-cours","status":"publish","type":"page","link":"https:\/\/histoirencours.fr\/blog\/?page_id=3345","title":{"rendered":"Les podcasts des cours"},"content":{"rendered":"<p>Tous les podcasts que j&#8217;ai r\u00e9alis\u00e9s pour les cours de 6\u00e8me sont \u00e0 retrouver ici!<\/p>\n<p><strong><span style=\"color: #008080;\">Les podcasts d&#8217;Histoire :<\/span><\/strong><\/p>\n<p><iframe loading=\"lazy\" src=\"https:\/\/w.soundcloud.com\/player\/?url=https%3A\/\/api.soundcloud.com\/playlists\/34300501&amp;color=ff9900&amp;auto_play=false&amp;hide_related=false&amp;show_artwork=true\" width=\"100%\" height=\"450\" frameborder=\"no\" scrolling=\"no\"><\/iframe><\/p>\n<p><strong><span style=\"color: #008080;\">Les podcasts de G\u00e9ographie :<\/span><\/strong><\/p>\n<p><iframe loading=\"lazy\" src=\"https:\/\/w.soundcloud.com\/player\/?url=https%3A\/\/api.soundcloud.com\/playlists\/34300983&amp;color=1dba2a&amp;auto_play=false&amp;hide_related=false&amp;show_artwork=true\" width=\"100%\" height=\"450\" frameborder=\"no\" scrolling=\"no\"><\/iframe><\/p>\n<p><strong><span style=\"color: #008080;\">Un seul\u00a0podcast en Education civique :<\/span><\/strong><\/p>\n<p><iframe loading=\"lazy\" src=\"https:\/\/w.soundcloud.com\/player\/?url=https%3A\/\/api.soundcloud.com\/tracks\/141200984&amp;color=00aabb&amp;auto_play=false&amp;hide_related=false&amp;show_artwork=true\" width=\"100%\" height=\"166\" frameborder=\"no\" scrolling=\"no\"><\/iframe><\/p>\n<p>Views: 371<\/p>","protected":false},"excerpt":{"rendered":"<p>Tous les podcasts que j&#8217;ai r\u00e9alis\u00e9s pour les cours de 6\u00e8me sont \u00e0 retrouver ici! Les podcasts d&#8217;Histoire : Les podcasts de G\u00e9ographie : Un seul\u00a0podcast en Education civique : Views: 371<\/p>\n","protected":false},"author":1,"featured_media":0,"parent":0,"menu_order":0,"comment_status":"open","ping_status":"open","template":"","meta":{"_monsterinsights_skip_tracking":false,"_monsterinsights_sitenote_active":false,"_monsterinsights_sitenote_note":"","_monsterinsights_sitenote_category":0,"ngg_post_thumbnail":0,"footnotes":""},"class_list":["post-3345","page","type-page","status-publish","hentry"],"aioseo_notices":[],"amp_enabled":true,"_links":{"self":[{"href":"https:\/\/histoirencours.fr\/blog\/index.php?rest_route=\/wp\/v2\/pages\/3345","targetHints":{"allow":["GET"]}}],"collection":[{"href":"https:\/\/histoirencours.fr\/blog\/index.php?rest_route=\/wp\/v2\/pages"}],"about":[{"href":"https:\/\/histoirencours.fr\/blog\/index.php?rest_route=\/wp\/v2\/types\/page"}],"author":[{"embeddable":true,"href":"https:\/\/histoirencours.fr\/blog\/index.php?rest_route=\/wp\/v2\/users\/1"}],"replies":[{"embeddable":true,"href":"https:\/\/histoirencours.fr\/blog\/index.php?rest_route=%2Fwp%2Fv2%2Fcomments&post=3345"}],"version-history":[{"count":1,"href":"https:\/\/histoirencours.fr\/blog\/index.php?rest_route=\/wp\/v2\/pages\/3345\/revisions"}],"predecessor-version":[{"id":3346,"href":"https:\/\/histoirencours.fr\/blog\/index.php?rest_route=\/wp\/v2\/pages\/3345\/revisions\/3346"}],"wp:attachment":[{"href":"https:\/\/histoirencours.fr\/blog\/index.php?rest_route=%2Fwp%2Fv2%2Fmedia&parent=3345"}],"curies":[{"name":"wp","href":"https:\/\/api.w.org\/{rel}","templated":true}]}}