{"id":3349,"date":"2014-05-10T18:23:42","date_gmt":"2014-05-10T16:23:42","guid":{"rendered":"http:\/\/histoirencours.fr\/blog\/?page_id=3349"},"modified":"2014-05-10T18:23:42","modified_gmt":"2014-05-10T16:23:42","slug":"les-videos-des-cours-de-6eme","status":"publish","type":"page","link":"https:\/\/histoirencours.fr\/blog\/?page_id=3349","title":{"rendered":"Les vid\u00e9os des cours de 6\u00e8me"},"content":{"rendered":"<p>Toutes les vid\u00e9os r\u00e9alis\u00e9es \u00e0 partir des diaporamas des cours sont \u00e0 retrouver ici!<\/p>\n<p><iframe loading=\"lazy\" src=\"\/\/www.youtube.com\/embed\/pDiSeQF_fA8?list=PLJG11DztHdne4lkR4nifjo1Y-e_56L_ft\" width=\"560\" height=\"315\" frameborder=\"0\" allowfullscreen=\"allowfullscreen\"><\/iframe><\/p>\n<p>Views: 513<\/p>","protected":false},"excerpt":{"rendered":"<p>Toutes les vid\u00e9os r\u00e9alis\u00e9es \u00e0 partir des diaporamas des cours sont \u00e0 retrouver ici! Views: 513<\/p>\n","protected":false},"author":1,"featured_media":0,"parent":0,"menu_order":0,"comment_status":"open","ping_status":"open","template":"","meta":{"_monsterinsights_skip_tracking":false,"_monsterinsights_sitenote_active":false,"_monsterinsights_sitenote_note":"","_monsterinsights_sitenote_category":0,"ngg_post_thumbnail":0,"footnotes":""},"class_list":["post-3349","page","type-page","status-publish","hentry"],"aioseo_notices":[],"amp_enabled":true,"_links":{"self":[{"href":"https:\/\/histoirencours.fr\/blog\/index.php?rest_route=\/wp\/v2\/pages\/3349","targetHints":{"allow":["GET"]}}],"collection":[{"href":"https:\/\/histoirencours.fr\/blog\/index.php?rest_route=\/wp\/v2\/pages"}],"about":[{"href":"https:\/\/histoirencours.fr\/blog\/index.php?rest_route=\/wp\/v2\/types\/page"}],"author":[{"embeddable":true,"href":"https:\/\/histoirencours.fr\/blog\/index.php?rest_route=\/wp\/v2\/users\/1"}],"replies":[{"embeddable":true,"href":"https:\/\/histoirencours.fr\/blog\/index.php?rest_route=%2Fwp%2Fv2%2Fcomments&post=3349"}],"version-history":[{"count":1,"href":"https:\/\/histoirencours.fr\/blog\/index.php?rest_route=\/wp\/v2\/pages\/3349\/revisions"}],"predecessor-version":[{"id":3350,"href":"https:\/\/histoirencours.fr\/blog\/index.php?rest_route=\/wp\/v2\/pages\/3349\/revisions\/3350"}],"wp:attachment":[{"href":"https:\/\/histoirencours.fr\/blog\/index.php?rest_route=%2Fwp%2Fv2%2Fmedia&parent=3349"}],"curies":[{"name":"wp","href":"https:\/\/api.w.org\/{rel}","templated":true}]}}