{"id":3432,"date":"2015-06-22T09:22:37","date_gmt":"2015-06-22T07:22:37","guid":{"rendered":"http:\/\/histoirencours.fr\/blog\/?page_id=3432"},"modified":"2015-06-22T09:24:09","modified_gmt":"2015-06-22T07:24:09","slug":"annales-du-brevet-dhistoire-geo","status":"publish","type":"page","link":"https:\/\/histoirencours.fr\/blog\/?page_id=3432","title":{"rendered":"Annales du Brevet d&#8217;Histoire-G\u00e9o"},"content":{"rendered":"<p>La nouvelle \u00e9preuve du Brevet d&#8217;Histoire-G\u00e9o a \u00e9t\u00e9 mise en place en 2013. Voici les annales, non corrig\u00e9es.<\/p>\n<p><strong><span style=\"color: #008080;\">Les sujets de 2015 :<\/span><\/strong><\/p>\n<p>Le Brevet de Pondich\u00e9ry <a href=\"http:\/\/sem-informatique.fr\/lfp\/images\/sujets\/DNB_Histoire-Geographie_et_Education_Civique.pdf\" target=\"_blank\">ici<\/a>.<\/p>\n<p>Le Brevet d&#8217;Am\u00e9rique du Nord <a href=\"http:\/\/www.clg-st-exupery-andresy.ac-versailles.fr\/IMG\/pdf\/sujet_amerique_du_nord_dnb_juin_2014.pdf\" target=\"_blank\">ici<\/a>.<\/p>\n<p>Le Brevet du Liban <a href=\"http:\/\/www.histoire.ac-versailles.fr\/IMG\/pdf\/dnb_liban_18_juin_2014-1.pdf\" target=\"_blank\">ici<\/a>.<\/p>\n<p><strong><span style=\"color: #008080;\">Les sujets de 2014 :<\/span><\/strong><\/p>\n<p>Le sujet tomb\u00e9 en France m\u00e9tropolitaine en 2014 <a href=\"http:\/\/www.histoire.ac-versailles.fr\/IMG\/pdf\/sujet_dnb_college_juin_2014.pdf\" target=\"_blank\">ici<\/a>.<\/p>\n<p style=\"color: #333333;\">Le Brevet de Pondich\u00e9ry en Inde est visible\u00a0<a href=\"http:\/\/www.histoire.ac-versailles.fr\/IMG\/pdf\/sujet_pondichery_dnb_mai_2014.pdf\" target=\"_blank\">ici<\/a>.<\/p>\n<p style=\"color: #333333;\">Celui d\u2019Am\u00e9rique du Nord est\u00a0<a href=\"http:\/\/www.rochambeau.org\/enseignement\/examens\/brevet\/brevet2014\/DNBHISTOIREGEOGRAPHIE.pdf\" target=\"_blank\">ici<\/a>.<\/p>\n<p style=\"color: #333333;\">Celui de la r\u00e9gion Asie-Pacifique est <a href=\"http:\/\/kanaga.ridel.org\/wp-content\/uploads\/2014\/06\/DNB_Asie_Pacifique_2014.pdf\" target=\"_blank\">ici<\/a>.<\/p>\n<p style=\"color: #333333;\">Puis celui de Polyn\u00e9sie <a href=\"http:\/\/kanaga.ridel.org\/wp-content\/uploads\/2014\/06\/DNB_Polyn%C3%A9sie2014.pdf\" target=\"_blank\">l\u00e0<\/a>.<\/p>\n<p>Le 1er Brevet blanc du coll\u00e8ge de Signy-L&#8217;Abbaye de cette ann\u00e9e en version corrig\u00e9e\u00a0<a style=\"color: #743399;\" href=\"http:\/\/histoirencours.fr\/blog\/?p=3164\" target=\"_blank\">ici<\/a>.<\/p>\n<p>Le 2\u00e8me Brevet blanc, lui aussi corrig\u00e9\u00a0<a style=\"color: #743399;\" href=\"http:\/\/histoirencours.fr\/blog\/?p=3362\" target=\"_blank\">ici<\/a>.<\/p>\n<p style=\"color: #333333;\"><strong><span style=\"color: #008080;\">Les sujets de 2013 :<\/span><\/strong><\/p>\n<p style=\"color: #333333;\">Celui de France m\u00e9tropolitaine (qui \u00e9tait quand m\u00eame bien difficile) est\u00a0<a href=\"http:\/\/cache.media.eduscol.education.fr\/file\/Sujets_DNB_2013\/53\/6\/2013_dnb_gen_HGEC_291536.pdf\" target=\"_blank\">ici<\/a>.<\/p>\n<p style=\"color: #333333;\">Le brevet 2013 \u00e9galement, mais dans certains DROM,\u00a0<a href=\"http:\/\/cache.media.eduscol.education.fr\/file\/Sujets_DNB_2013\/55\/6\/2013_dnb_gen_HGEC_GGM_291556.pdf\" target=\"_blank\">ici<\/a>.<\/p>\n<p style=\"color: #333333;\">Le 1er Brevet blanc de cette ann\u00e9e en version corrig\u00e9e\u00a0<a href=\"http:\/\/histoirencours.fr\/blog\/?p=3164\" target=\"_blank\">ici<\/a>.<\/p>\n<p style=\"color: #333333;\">Le 2\u00e8me Brevet blanc, lui aussi corrig\u00e9\u00a0<a href=\"http:\/\/histoirencours.fr\/blog\/?p=3362\" target=\"_blank\">ici<\/a>.<\/p>\n<p>Views: 259<\/p>","protected":false},"excerpt":{"rendered":"<p>La nouvelle \u00e9preuve du Brevet d&#8217;Histoire-G\u00e9o a \u00e9t\u00e9 mise en place en 2013. Voici les annales, non corrig\u00e9es. Les sujets de 2015 : Le Brevet de Pondich\u00e9ry ici. Le Brevet d&#8217;Am\u00e9rique du Nord ici. Le Brevet du Liban ici. Les &hellip; <a href=\"https:\/\/histoirencours.fr\/blog\/?page_id=3432\">Continuer la lecture <span class=\"meta-nav\">&rarr;<\/span><\/a><\/p>\n","protected":false},"author":1,"featured_media":0,"parent":2467,"menu_order":8,"comment_status":"open","ping_status":"open","template":"","meta":{"_monsterinsights_skip_tracking":false,"_monsterinsights_sitenote_active":false,"_monsterinsights_sitenote_note":"","_monsterinsights_sitenote_category":0,"ngg_post_thumbnail":0,"footnotes":""},"class_list":["post-3432","page","type-page","status-publish","hentry"],"aioseo_notices":[],"amp_enabled":true,"_links":{"self":[{"href":"https:\/\/histoirencours.fr\/blog\/index.php?rest_route=\/wp\/v2\/pages\/3432","targetHints":{"allow":["GET"]}}],"collection":[{"href":"https:\/\/histoirencours.fr\/blog\/index.php?rest_route=\/wp\/v2\/pages"}],"about":[{"href":"https:\/\/histoirencours.fr\/blog\/index.php?rest_route=\/wp\/v2\/types\/page"}],"author":[{"embeddable":true,"href":"https:\/\/histoirencours.fr\/blog\/index.php?rest_route=\/wp\/v2\/users\/1"}],"replies":[{"embeddable":true,"href":"https:\/\/histoirencours.fr\/blog\/index.php?rest_route=%2Fwp%2Fv2%2Fcomments&post=3432"}],"version-history":[{"count":4,"href":"https:\/\/histoirencours.fr\/blog\/index.php?rest_route=\/wp\/v2\/pages\/3432\/revisions"}],"predecessor-version":[{"id":3670,"href":"https:\/\/histoirencours.fr\/blog\/index.php?rest_route=\/wp\/v2\/pages\/3432\/revisions\/3670"}],"up":[{"embeddable":true,"href":"https:\/\/histoirencours.fr\/blog\/index.php?rest_route=\/wp\/v2\/pages\/2467"}],"wp:attachment":[{"href":"https:\/\/histoirencours.fr\/blog\/index.php?rest_route=%2Fwp%2Fv2%2Fmedia&parent=3432"}],"curies":[{"name":"wp","href":"https:\/\/api.w.org\/{rel}","templated":true}]}}