{"id":362,"date":"2011-09-17T19:06:05","date_gmt":"2011-09-17T17:06:05","guid":{"rendered":"http:\/\/histoirencours.fr\/blog\/?page_id=362"},"modified":"2012-06-06T10:09:38","modified_gmt":"2012-06-06T08:09:38","slug":"quiz-et-mots-croises-dhistoire","status":"publish","type":"page","link":"https:\/\/histoirencours.fr\/blog\/?page_id=362","title":{"rendered":"Quiz et mots crois\u00e9s d&#8217;Histoire"},"content":{"rendered":"<p style=\"text-align: center;\"><span style=\"color: #ff0000;\">Les quiz d&#8217;Histoire de 4\u00e8me sont ici!<\/span><\/p>\n<p>&nbsp;<\/p>\n<p><img decoding=\"async\" class=\"aligncenter\" src=\"http:\/\/upload.wikimedia.org\/wikipedia\/commons\/thumb\/1\/1c\/StormingBastille.jpg\/300px-StormingBastille.jpg\" alt=\"\" \/><\/p>\n<p>Bonnes r\u00e9visions \u00e0 vous&#8230;<\/p>\n<p><span style=\"color: #0000ff;\"><span style=\"text-decoration: underline;\"><span style=\"color: #800080; text-decoration: underline;\">Chapitre 1 :<\/span><\/span> L&#8217;Europe dans le monde au d\u00e9but du XVIII\u00e8me si\u00e8cle\u00a0<\/span><\/p>\n<p><a href=\"http:\/\/histoirencours.fr\/blog\/wp-content\/uploads\/4eme\/LEurope-dans-le-monde-Web\/index.html\" target=\"_blank\"><img loading=\"lazy\" decoding=\"async\" class=\"aligncenter size-full wp-image-61\" title=\"Netquiz Pro_Francais\" src=\"http:\/\/histoirencours.fr\/blog\/wp-content\/uploads\/2011\/07\/Netquiz-Pro_Francais.png\" alt=\"\" width=\"64\" height=\"64\" \/><\/a><\/p>\n<p>&nbsp;<\/p>\n<p><span style=\"text-decoration: underline;\"><span style=\"color: #800080; text-decoration: underline;\">Chapitre 2 :<\/span><\/span> <span style=\"color: #0000ff;\">Les traites n\u00e9gri\u00e8res et l&#8217;esclavage<\/span><\/p>\n<p><a href=\"http:\/\/histoirencours.fr\/quizz\/Quizz4eme\/Traites-esclavage-Web\/index.html\" target=\"_blank\"><img loading=\"lazy\" decoding=\"async\" class=\"aligncenter size-full wp-image-61\" title=\"Netquiz Pro_Francais\" src=\"http:\/\/histoirencours.fr\/blog\/wp-content\/uploads\/2011\/07\/Netquiz-Pro_Francais.png\" alt=\"\" width=\"64\" height=\"64\" \/><\/a><\/p>\n<p>&nbsp;<\/p>\n<p><span style=\"text-decoration: underline;\"><span style=\"color: #993366; text-decoration: underline;\">Chapitre 3 :<\/span><\/span> pas de quiz pour l&#8217;instant !<\/p>\n<p><span style=\"text-decoration: underline;\"><span style=\"color: #993366; text-decoration: underline;\">Chapitre 4<\/span><\/span> \u00a0:<span style=\"color: #0000ff;\"> Les difficult\u00e9s de la monarchie sous Louis XVI<\/span><\/p>\n<p>Le <a href=\"http:\/\/histoirencours.fr\/quizz\/Quizz4eme\/revolution-americaine-Web\/index.html\" target=\"_blank\">1er quiz<\/a> sur l&#8217;impact de la r\u00e9volution am\u00e9ricaine.<\/p>\n<p>Le <a href=\"http:\/\/histoirencours.fr\/quizz\/Quizz4eme\/difficultes-financieres-Web\/index.html\" target=\"_blank\">2\u00e8me quiz <\/a>concerne les difficult\u00e9s financi\u00e8res de l&#8217;Etat.<\/p>\n<p>Le <a href=\"http:\/\/histoirencours.fr\/quizz\/Quizz4eme\/doleances-Web\/index.html\" target=\"_blank\">3\u00e8me quiz<\/a> et dernier du chapitre porte sur les aspirations des Fran\u00e7ais \u00e0 la veille de la R\u00e9volution.<\/p>\n<p>&nbsp;<\/p>\n<p><span style=\"text-decoration: underline; color: #993366;\">Chapitre 5<\/span><span style=\"color: #993366;\"> :<\/span> <span style=\"color: #0000ff;\">Les temps forts de la R\u00e9volution<\/span><\/p>\n<p>Une <a href=\"http:\/\/histoirencours.fr\/quizz\/mots4eme\/revolution_html_1\/index.html\" target=\"_blank\">grille de mots crois\u00e9s<\/a> pour r\u00e9viser l&#8217;essentiel du vocabulaire de ce chapitre.<\/p>\n<p><a href=\"http:\/\/histoirencours.fr\/quizz\/Quizz4eme\/Les-temps-forts-de-la-Revol-Web\/index.html\" target=\"_blank\">Un quiz<\/a> pour r\u00e9viser la chronologie et les dates principales.<\/p>\n<p>Un <a href=\"http:\/\/histoirencours.fr\/quizz\/Quizz4eme\/Les-temps-forts-de-la-Revo2-Web\/index.html\" target=\"_blank\">2\u00e8me quiz<\/a> pour r\u00e9viser 8 \u00e9v\u00e8nements importants de la R\u00e9volution.<\/p>\n<p>&nbsp;<\/p>\n<p><span style=\"text-decoration: underline;\"><span style=\"color: #993366; text-decoration: underline;\">chapitre 6 :<\/span><\/span> <span style=\"color: #0000ff;\">Une France nouvelle<\/span><\/p>\n<p><a href=\"http:\/\/histoirencours.fr\/quizz\/Quizz4eme\/Une-France-nouvelle-Web\/index.html\" target=\"_blank\">Un quiz<\/a> pour faire le bilan des transformations de la p\u00e9riode r\u00e9volutionnaire et imp\u00e9riale.<\/p>\n<p>&nbsp;<\/p>\n<p><span style=\"text-decoration: underline;\"><span style=\"color: #993366; text-decoration: underline;\">Chapitre 7 :<\/span><\/span> <span style=\"color: #0000ff;\">La France et l&#8217;Europe en 1815<\/span><\/p>\n<p><a href=\"http:\/\/histoirencours.fr\/quizz\/Quizz4eme\/Europe-1815-Web\/index.html\" target=\"_blank\">Un quiz<\/a> sur les transformations territoriales et la diffusion des id\u00e9es r\u00e9volutionnaires.<\/p>\n<p>&nbsp;<\/p>\n<p><span style=\"text-decoration: underline;\"><span style=\"color: #993366; text-decoration: underline;\">Chapitre 8 :<\/span><\/span> <span style=\"color: #0000ff;\">L&#8217;\u00e2ge industriel<\/span><\/p>\n<p>Le\u00a0<a href=\"http:\/\/histoirencours.fr\/quizz\/Quizz4eme\/chemin-de-fer-Web\/index.html\" target=\"_blank\">premier\u00a0<\/a>\u00a0quiz\u00a0sur le chemin de fer et ses cons\u00e9quences.<\/p>\n<p>Le\u00a0<a href=\"http:\/\/histoirencours.fr\/quizz\/Quizz4eme\/age-industriel-2-Web\/index.html\" target=\"_blank\">deuxi\u00e8me\u00a0<\/a>\u00a0sur les transformations \u00e9conomiques de l&#8217;\u00e2ge industriel.<\/p>\n<p>Le\u00a0<a href=\"http:\/\/histoirencours.fr\/quizz\/Quizz4eme\/age-industriel-3-Web\/index.html\" target=\"_blank\">troisi\u00e8me\u00a0<\/a>\u00a0sur les transformations sociales.<\/p>\n<p>Le\u00a0<a href=\"http:\/\/histoirencours.fr\/quizz\/Quizz4eme\/age-industriel-4-Web\/index.html\" target=\"_blank\">quatri\u00e8me<\/a>\u00a0sur les nouvelles id\u00e9ologies.<\/p>\n<p>Ce chapitre comprend pas mal de vocabulaire nouveau alors une <a title=\"mots crois\u00e9s sur l'\u00e2ge industriel\" href=\"http:\/\/histoirencours.fr\/quizz\/mots4eme\/grille_ageind_html_1\/default.html\" target=\"_blank\">grille <\/a>de mots crois\u00e9s semble bien utile pour le r\u00e9viser. (Le lien semble ne pas fonctionner sans raison apparente : probl\u00e8me en cours -j&#8217;esp\u00e8re- de r\u00e9solution)<\/p>\n<p>&nbsp;<\/p>\n<p>Views: 855<\/p>","protected":false},"excerpt":{"rendered":"<p>Les quiz d&#8217;Histoire de 4\u00e8me sont ici! &nbsp; Bonnes r\u00e9visions \u00e0 vous&#8230; Chapitre 1 : L&#8217;Europe dans le monde au d\u00e9but du XVIII\u00e8me si\u00e8cle\u00a0 &nbsp; Chapitre 2 : Les traites n\u00e9gri\u00e8res et l&#8217;esclavage &nbsp; Chapitre 3 : pas de quiz &hellip; <a href=\"https:\/\/histoirencours.fr\/blog\/?page_id=362\">Continuer la lecture <span class=\"meta-nav\">&rarr;<\/span><\/a><\/p>\n","protected":false},"author":1,"featured_media":0,"parent":360,"menu_order":0,"comment_status":"closed","ping_status":"open","template":"","meta":{"_monsterinsights_skip_tracking":false,"_monsterinsights_sitenote_active":false,"_monsterinsights_sitenote_note":"","_monsterinsights_sitenote_category":0,"ngg_post_thumbnail":0,"footnotes":""},"class_list":["post-362","page","type-page","status-publish","hentry"],"aioseo_notices":[],"amp_enabled":true,"_links":{"self":[{"href":"https:\/\/histoirencours.fr\/blog\/index.php?rest_route=\/wp\/v2\/pages\/362","targetHints":{"allow":["GET"]}}],"collection":[{"href":"https:\/\/histoirencours.fr\/blog\/index.php?rest_route=\/wp\/v2\/pages"}],"about":[{"href":"https:\/\/histoirencours.fr\/blog\/index.php?rest_route=\/wp\/v2\/types\/page"}],"author":[{"embeddable":true,"href":"https:\/\/histoirencours.fr\/blog\/index.php?rest_route=\/wp\/v2\/users\/1"}],"replies":[{"embeddable":true,"href":"https:\/\/histoirencours.fr\/blog\/index.php?rest_route=%2Fwp%2Fv2%2Fcomments&post=362"}],"version-history":[{"count":38,"href":"https:\/\/histoirencours.fr\/blog\/index.php?rest_route=\/wp\/v2\/pages\/362\/revisions"}],"predecessor-version":[{"id":427,"href":"https:\/\/histoirencours.fr\/blog\/index.php?rest_route=\/wp\/v2\/pages\/362\/revisions\/427"}],"up":[{"embeddable":true,"href":"https:\/\/histoirencours.fr\/blog\/index.php?rest_route=\/wp\/v2\/pages\/360"}],"wp:attachment":[{"href":"https:\/\/histoirencours.fr\/blog\/index.php?rest_route=%2Fwp%2Fv2%2Fmedia&parent=362"}],"curies":[{"name":"wp","href":"https:\/\/api.w.org\/{rel}","templated":true}]}}