{"id":4023,"date":"2017-08-29T11:58:27","date_gmt":"2017-08-29T09:58:27","guid":{"rendered":"http:\/\/histoirencours.fr\/blog\/?page_id=4023"},"modified":"2017-09-03T22:15:11","modified_gmt":"2017-09-03T20:15:11","slug":"lhistoire-geographie-en-6eme-au-college","status":"publish","type":"page","link":"https:\/\/histoirencours.fr\/blog\/?page_id=4023","title":{"rendered":"L&#8217;Histoire-G\u00e9ographie en 6\u00e8me au coll\u00e8ge"},"content":{"rendered":"<h3 style=\"text-align: center;\"><strong><span style=\"color: #000080;\">Cette page sert de portail pour toutes les ressources de 6\u00e8me en Histoire-G\u00e9ographie et EMC (Education Morale et Civique).<\/span><\/strong><\/h3>\n<h2>&nbsp;<\/h2>\n<h2 style=\"text-align: center;\"><strong><span style=\"color: #800080;\">L&#8217;Histoire en 6\u00e8me<\/span><\/strong><\/h2>\n<p><a href=\"http:\/\/histoirencours.fr\/blog\/wp-admin\/post.php?post=4023&amp;action=edit\"><img loading=\"lazy\" decoding=\"async\" class=\"aligncenter\" src=\"http:\/\/3.bp.blogspot.com\/-anUrP0Qj288\/VUUft9dfTfI\/AAAAAAAAMGo\/1sfkJ83W61c\/s1600\/2015_Rose%2Bdessin.JPG\" alt=\"\" width=\"162\" height=\"144\"><\/a><\/p>\n<h2 style=\"text-align: center;\"><strong><span style=\"color: #339966;\">La G\u00e9ographie en 6\u00e8me<\/span><\/strong><\/h2>\n<p style=\"text-align: center;\"><a href=\"http:\/\/histoirencours.fr\/blog\/?page_id=4035\"><img loading=\"lazy\" decoding=\"async\" class=\"\" src=\"https:\/\/www.populationdata.net\/wp-content\/uploads\/monde-densite.png\" width=\"206\" height=\"103\"><\/a><\/p>\n<h2 style=\"text-align: center;\"><strong><span style=\"color: #ff9900;\">L&#8217;EMC en 6\u00e8me<\/span><\/strong><\/h2>\n<p style=\"text-align: center;\">\u00e0 venir&#8230;<\/p>\n<p>Views: 135<\/p>","protected":false},"excerpt":{"rendered":"<p>Cette page sert de portail pour toutes les ressources de 6\u00e8me en Histoire-G\u00e9ographie et EMC (Education Morale et Civique). &nbsp; L&#8217;Histoire en 6\u00e8me La G\u00e9ographie en 6\u00e8me L&#8217;EMC en 6\u00e8me \u00e0 venir&#8230; Views: 135<\/p>\n","protected":false},"author":1,"featured_media":0,"parent":0,"menu_order":0,"comment_status":"closed","ping_status":"closed","template":"","meta":{"_monsterinsights_skip_tracking":false,"_monsterinsights_sitenote_active":false,"_monsterinsights_sitenote_note":"","_monsterinsights_sitenote_category":0,"ngg_post_thumbnail":0,"footnotes":""},"class_list":["post-4023","page","type-page","status-publish","hentry"],"aioseo_notices":[],"amp_enabled":true,"_links":{"self":[{"href":"https:\/\/histoirencours.fr\/blog\/index.php?rest_route=\/wp\/v2\/pages\/4023","targetHints":{"allow":["GET"]}}],"collection":[{"href":"https:\/\/histoirencours.fr\/blog\/index.php?rest_route=\/wp\/v2\/pages"}],"about":[{"href":"https:\/\/histoirencours.fr\/blog\/index.php?rest_route=\/wp\/v2\/types\/page"}],"author":[{"embeddable":true,"href":"https:\/\/histoirencours.fr\/blog\/index.php?rest_route=\/wp\/v2\/users\/1"}],"replies":[{"embeddable":true,"href":"https:\/\/histoirencours.fr\/blog\/index.php?rest_route=%2Fwp%2Fv2%2Fcomments&post=4023"}],"version-history":[{"count":6,"href":"https:\/\/histoirencours.fr\/blog\/index.php?rest_route=\/wp\/v2\/pages\/4023\/revisions"}],"predecessor-version":[{"id":4050,"href":"https:\/\/histoirencours.fr\/blog\/index.php?rest_route=\/wp\/v2\/pages\/4023\/revisions\/4050"}],"wp:attachment":[{"href":"https:\/\/histoirencours.fr\/blog\/index.php?rest_route=%2Fwp%2Fv2%2Fmedia&parent=4023"}],"curies":[{"name":"wp","href":"https:\/\/api.w.org\/{rel}","templated":true}]}}