{"id":578,"date":"2011-10-12T14:07:12","date_gmt":"2011-10-12T12:07:12","guid":{"rendered":"http:\/\/histoirencours.fr\/blog\/?page_id=578"},"modified":"2013-10-31T22:19:10","modified_gmt":"2013-10-31T21:19:10","slug":"quiz-et-mots-croises-de-geographie-de-4eme","status":"publish","type":"page","link":"https:\/\/histoirencours.fr\/blog\/?page_id=578","title":{"rendered":"Quiz et mots crois\u00e9s de G\u00e9ographie de 4\u00e8me"},"content":{"rendered":"<p><img loading=\"lazy\" decoding=\"async\" class=\"alignleft\" alt=\"porte conteneur, en mer, de face\" src=\"http:\/\/navigateur.info\/sites\/navigateur\/Image\/cargo\/conteneur_1.png\" width=\"201\" height=\"295\" \/>Les quiz et mots crois\u00e9s pour vous aider \u00e0 pr\u00e9parer les contr\u00f4les de G\u00e9ographie<\/p>\n<p>source de la photo :\u00a0<a href=\"http:\/\/navigateur.info\/cargo\/porte-conteneurs\">http:\/\/navigateur.info\/cargo\/porte-conteneurs<\/a><\/p>\n<p>&nbsp;<\/p>\n<p>&nbsp;<\/p>\n<p><span style=\"text-decoration: underline;\"><span style=\"color: #800080; text-decoration: underline;\">Chapitre 1 :<\/span><\/span><span style=\"color: #0000ff;\"> Les espaces majeurs de production et d&#8217;\u00e9changes<\/span><\/p>\n<p><span style=\"text-decoration: underline;\"><span style=\"color: #800080; text-decoration: underline;\">Chapitre 2 :<\/span><\/span> <span style=\"color: #0000ff;\">Les \u00e9changes de marchandises<\/span><\/p>\n<p><a href=\"http:\/\/histoirencours.fr\/quizz\/Quizz4eme\/Echanges-de-marchandises-Web\/index.html\" target=\"_blank\">Un seul quiz<\/a> pour les deux chapitres (surtout sur les cartes \u00e0 conna\u00eetre et quelques questions du cours). On en remettra un autre en plus l&#8217;an prochain peut-\u00eatre&#8230;<\/p>\n<p style=\"text-align: left;\">Une grille de <span style=\"color: #ff0000;\">mots crois\u00e9s<\/span> sur le vocabulaire essentiel <span style=\"color: #3366ff;\">des deux premiers chapitres<\/span> :<\/p>\n<p style=\"text-align: left;\"><a href=\"http:\/\/histoirencours.fr\/quizz\/mots4eme\/grille_echanges_marchandises_html_1\/default.html\" target=\"_blank\"><img loading=\"lazy\" decoding=\"async\" class=\"size-thumbnail wp-image-42 aligncenter\" title=\"image grille\" alt=\"\" src=\"http:\/\/histoirencours.fr\/blog\/wp-content\/uploads\/2011\/07\/image-grille-150x150.jpg\" width=\"90\" height=\"90\" \/><\/a><\/p>\n<p style=\"text-align: left;\"><span style=\"color: #ff0000;\">Deux cartes interactives sur les grands ports<\/span>, les d\u00e9troits et sur un croquis des grands flux commerciaux.<\/p>\n<p><iframe loading=\"lazy\" src=\"http:\/\/fr.educaplay.com\/fr\/activiteeducatives\/1076903\/html5\/ports_et_fa_ades_maritimes.htm?idColeccion=15483\" height=\"640\" width=\"640\" frameborder=\"0\"><\/iframe><\/p>\n<p style=\"text-align: left;\"><span style=\"color: #ff0000;\">Un jeu de localisation bas\u00e9 sur la rapidit\u00e9<\/span> pour conna\u00eetre <span style=\"color: #ff0000;\">ports et fa\u00e7ades<\/span> <span style=\"color: #ff0000;\">maritimes<\/span> :<\/p>\n<p><object id=\"umapper_embed\" width=\"600\" height=\"260\" classid=\"clsid:d27cdb6e-ae6d-11cf-96b8-444553540000\" codebase=\"http:\/\/download.macromedia.com\/pub\/shockwave\/cabs\/flash\/swflash.cab#version=6,0,40,0\"><param name=\"FlashVars\" value=\"kmlPath=http:\/\/umapper.s3.amazonaws.com\/maps\/kml\/115432.kml\" \/><param name=\"allowScriptAccess\" value=\"always\" \/><param name=\"allowFullScreen\" value=\"true\" \/><param name=\"quality\" value=\"high\" \/><param name=\"src\" value=\"http:\/\/umapper.s3.amazonaws.com\/templates\/swf\/embed_geodart.swf\" \/><param name=\"flashvars\" value=\"kmlPath=http:\/\/umapper.s3.amazonaws.com\/maps\/kml\/115432.kml\" \/><param name=\"allowscriptaccess\" value=\"always\" \/><param name=\"allowfullscreen\" value=\"true\" \/><param name=\"pluginspage\" value=\"http:\/\/www.macromedia.com\/go\/getflashplayer\" \/><embed id=\"umapper_embed\" width=\"600\" height=\"260\" type=\"application\/x-shockwave-flash\" src=\"http:\/\/umapper.s3.amazonaws.com\/templates\/swf\/embed_geodart.swf\" FlashVars=\"kmlPath=http:\/\/umapper.s3.amazonaws.com\/maps\/kml\/115432.kml\" allowScriptAccess=\"always\" allowFullScreen=\"true\" quality=\"high\" flashvars=\"kmlPath=http:\/\/umapper.s3.amazonaws.com\/maps\/kml\/115432.kml\" allowscriptaccess=\"always\" allowfullscreen=\"true\" pluginspage=\"http:\/\/www.macromedia.com\/go\/getflashplayer\" \/><\/object><\/p>\n<p>Le croquis interactif du port comme interface maritime :<br \/>\n<iframe loading=\"lazy\" src=\"http:\/\/fr.educaplay.com\/fr\/activiteeducatives\/1060545\/html5\/le_port.htm\" height=\"640\" width=\"640\" frameborder=\"0\"><\/iframe><a href=\"http:\/\/fr.educaplay.com\/fr\/activiteeducatives\/1060545\/le_port.htm\">le port<\/a><\/p>\n<p style=\"text-align: left;\"><span style=\"text-decoration: underline;\"><span style=\"color: #800080; text-decoration: underline;\">Chapitre 5 :<\/span><\/span> <span style=\"color: #0000ff;\">Les Etats-Unis<\/span><\/p>\n<p style=\"text-align: left;\"><a href=\"http:\/\/histoirencours.fr\/quizz\/Quizz4eme\/USA-Web\/index.html\" target=\"_blank\">Un quiz<\/a> pour r\u00e9viser les caract\u00e9ristiques de la puissance am\u00e9ricaine.<\/p>\n<p style=\"text-align: left;\">Pas de quiz sur les cons\u00e9quences de la mondialisation sur l&#8217;organisation du territoire par manque de temps&#8230; L&#8217;an prochain j&#8217;esp\u00e8re.<\/p>\n<p style=\"text-align: left;\">Une <strong>carte interactive<\/strong> pour r\u00e9viser les principaux rep\u00e8res sur les Etats-Unis (pensez \u00e0 mettre en plein \u00e9cran avant de d\u00e9buter le jeu).<\/p>\n<p><object id=\"umapper_embed\" width=\"600\" height=\"260\" classid=\"clsid:d27cdb6e-ae6d-11cf-96b8-444553540000\" codebase=\"http:\/\/download.macromedia.com\/pub\/shockwave\/cabs\/flash\/swflash.cab#version=6,0,40,0\"><param name=\"FlashVars\" value=\"kmlPath=http:\/\/umapper.s3.amazonaws.com\/maps\/kml\/127212.kml\" \/><param name=\"allowScriptAccess\" value=\"always\" \/><param name=\"allowFullScreen\" value=\"true\" \/><param name=\"quality\" value=\"high\" \/><param name=\"src\" value=\"http:\/\/umapper.s3.amazonaws.com\/templates\/swf\/embed_geodart.swf\" \/><param name=\"flashvars\" value=\"kmlPath=http:\/\/umapper.s3.amazonaws.com\/maps\/kml\/127212.kml\" \/><param name=\"allowscriptaccess\" value=\"always\" \/><param name=\"allowfullscreen\" value=\"true\" \/><param name=\"pluginspage\" value=\"http:\/\/www.macromedia.com\/go\/getflashplayer\" \/><embed id=\"umapper_embed\" width=\"600\" height=\"260\" type=\"application\/x-shockwave-flash\" src=\"http:\/\/umapper.s3.amazonaws.com\/templates\/swf\/embed_geodart.swf\" FlashVars=\"kmlPath=http:\/\/umapper.s3.amazonaws.com\/maps\/kml\/127212.kml\" allowScriptAccess=\"always\" allowFullScreen=\"true\" quality=\"high\" flashvars=\"kmlPath=http:\/\/umapper.s3.amazonaws.com\/maps\/kml\/127212.kml\" allowscriptaccess=\"always\" allowfullscreen=\"true\" pluginspage=\"http:\/\/www.macromedia.com\/go\/getflashplayer\" \/><\/object><\/p>\n<p>Views: 365<\/p>","protected":false},"excerpt":{"rendered":"<p>Les quiz et mots crois\u00e9s pour vous aider \u00e0 pr\u00e9parer les contr\u00f4les de G\u00e9ographie source de la photo :\u00a0http:\/\/navigateur.info\/cargo\/porte-conteneurs &nbsp; &nbsp; Chapitre 1 : Les espaces majeurs de production et d&#8217;\u00e9changes Chapitre 2 : Les \u00e9changes de marchandises Un seul &hellip; <a href=\"https:\/\/histoirencours.fr\/blog\/?page_id=578\">Continuer la lecture <span class=\"meta-nav\">&rarr;<\/span><\/a><\/p>\n","protected":false},"author":1,"featured_media":0,"parent":360,"menu_order":2,"comment_status":"closed","ping_status":"open","template":"","meta":{"_monsterinsights_skip_tracking":false,"_monsterinsights_sitenote_active":false,"_monsterinsights_sitenote_note":"","_monsterinsights_sitenote_category":0,"ngg_post_thumbnail":0,"footnotes":""},"class_list":["post-578","page","type-page","status-publish","hentry"],"aioseo_notices":[],"amp_enabled":true,"_links":{"self":[{"href":"https:\/\/histoirencours.fr\/blog\/index.php?rest_route=\/wp\/v2\/pages\/578","targetHints":{"allow":["GET"]}}],"collection":[{"href":"https:\/\/histoirencours.fr\/blog\/index.php?rest_route=\/wp\/v2\/pages"}],"about":[{"href":"https:\/\/histoirencours.fr\/blog\/index.php?rest_route=\/wp\/v2\/types\/page"}],"author":[{"embeddable":true,"href":"https:\/\/histoirencours.fr\/blog\/index.php?rest_route=\/wp\/v2\/users\/1"}],"replies":[{"embeddable":true,"href":"https:\/\/histoirencours.fr\/blog\/index.php?rest_route=%2Fwp%2Fv2%2Fcomments&post=578"}],"version-history":[{"count":13,"href":"https:\/\/histoirencours.fr\/blog\/index.php?rest_route=\/wp\/v2\/pages\/578\/revisions"}],"predecessor-version":[{"id":2944,"href":"https:\/\/histoirencours.fr\/blog\/index.php?rest_route=\/wp\/v2\/pages\/578\/revisions\/2944"}],"up":[{"embeddable":true,"href":"https:\/\/histoirencours.fr\/blog\/index.php?rest_route=\/wp\/v2\/pages\/360"}],"wp:attachment":[{"href":"https:\/\/histoirencours.fr\/blog\/index.php?rest_route=%2Fwp%2Fv2%2Fmedia&parent=578"}],"curies":[{"name":"wp","href":"https:\/\/api.w.org\/{rel}","templated":true}]}}