{"id":653,"date":"2011-10-24T14:08:04","date_gmt":"2011-10-24T12:08:04","guid":{"rendered":"http:\/\/histoirencours.fr\/blog\/?page_id=653"},"modified":"2011-10-24T18:24:39","modified_gmt":"2011-10-24T16:24:39","slug":"assr-quest-ce-que-cest","status":"publish","type":"page","link":"https:\/\/histoirencours.fr\/blog\/?page_id=653","title":{"rendered":"ASSR : Qu&#8217;est-ce que c&#8217;est ?"},"content":{"rendered":"<p><span style=\"color: #ff0000;\">Au coll\u00e8ge, l&#8217;\u00e9ducation \u00e0 la s\u00e9curit\u00e9 routi\u00e8re prend une place importante.<\/span> En effet, les \u00e9l\u00e8ves de <span style=\"color: #ff0000;\">5\u00e8me doivent passer l&#8217;ASSR 1<\/span>. Les \u00e9l\u00e8ves de <span style=\"color: #ff0000;\">3\u00e8me passent l&#8217;ASSR 2<\/span>. Ces \u00e9preuves ont lieu en mars ou en avril.<\/p>\n<p><a href=\"http:\/\/histoirencours.fr\/blog\/wp-content\/uploads\/2011\/10\/assr_logo-300x161.png\"><img loading=\"lazy\" decoding=\"async\" class=\"alignleft size-full wp-image-654\" title=\"assr_logo-300x161\" src=\"http:\/\/histoirencours.fr\/blog\/wp-content\/uploads\/2011\/10\/assr_logo-300x161.png\" alt=\"\" width=\"300\" height=\"161\" \/><\/a>Voici le texte tir\u00e9 du site <a href=\"http:\/\/eduscol.education.fr\/cid45642\/l-education-a-la-securite-routiere-au-college.html\" target=\"_blank\">Eduscol <\/a>qui pr\u00e9cise que tout le monde doit passer l&#8217;ASSR1 et l&#8217;ASSR2 et \u00e0 quoi cela sert :<\/p>\n<p><span style=\"font-size: small;\">&#8220;Au coll\u00e8ge, l&#8217;\u00e9ducation \u00e0 la s\u00e9curit\u00e9 routi\u00e8re est finalis\u00e9e par la pr\u00e9paration des deux\u00a0<strong>attestations scolaires de s\u00e9curit\u00e9 routi\u00e8re<\/strong>\u00a0(ASSR) de niveaux 1 et 2 (&#8230;).<\/span><\/p>\n<p><span style=\"font-size: small;\">Tout \u00e9l\u00e8ve, quel que soit son lieu de scolarisation, doit avoir pass\u00e9 :<\/span><\/p>\n<ul>\n<li><span style=\"font-size: small;\">l&#8217;<strong>ASSR de 1er niveau<\/strong>\u00a0le jour o\u00f9 il atteint ses\u00a0<strong>14 ans<\/strong>, \u00e2ge \u00e0 partir duquel il est possible de conduire un cyclomoteur. L&#8217;ASSR 1 et une formation pratique de cinq heures constituent le\u00a0<strong>BSR<\/strong>, obligatoire pour conduire un cyclomoteur (deux roues motoris\u00e9 ayant une puissance allant jusqu&#8217;\u00e0 50 cm3) en l&#8217;absence de permis.<\/span><\/li>\n<li><span style=\"font-size: small;\">l&#8217;<strong>ASSR de 2nd niveau<\/strong>\u00a0le jour o\u00f9 il atteint ses\u00a0<strong>16 ans<\/strong>, \u00e2ge \u00e0 partir duquel il peut commencer l&#8217;apprentissage \u00e0 la conduite accompagn\u00e9e d&#8217;un v\u00e9hicule \u00e0 moteur. L&#8217;ASSR 2 est obligatoire pour s&#8217;inscrire \u00e0 l&#8217;\u00e9preuve th\u00e9orique du\u00a0<strong>permis de conduire<\/strong>. Comme l&#8217;ASSR 1, l&#8217;ASSR 2 peut aussi avec une formation pratique de cinq heures constituer le\u00a0<strong>BSR<\/strong>, obligatoire pour conduire un cyclomoteur en l&#8217;absence de permis.<\/span><\/li>\n<\/ul>\n<p><span style=\"font-size: small;\">Ces attestations sont obligatoires pour toutes les personnes n\u00e9es \u00e0 compter du 1er janvier 1988 qui souhaitent conduire.&#8221;<\/span><\/p>\n<p style=\"text-align: center;\"><a href=\"http:\/\/histoirencours.fr\/blog\/?page_id=656\">Revenir au sommaire de l&#8217;ASSR<\/a><\/p>\n<p>Views: 315<\/p>","protected":false},"excerpt":{"rendered":"<p>Au coll\u00e8ge, l&#8217;\u00e9ducation \u00e0 la s\u00e9curit\u00e9 routi\u00e8re prend une place importante. En effet, les \u00e9l\u00e8ves de 5\u00e8me doivent passer l&#8217;ASSR 1. Les \u00e9l\u00e8ves de 3\u00e8me passent l&#8217;ASSR 2. Ces \u00e9preuves ont lieu en mars ou en avril. Voici le texte &hellip; <a href=\"https:\/\/histoirencours.fr\/blog\/?page_id=653\">Continuer la lecture <span class=\"meta-nav\">&rarr;<\/span><\/a><\/p>\n","protected":false},"author":1,"featured_media":0,"parent":656,"menu_order":1,"comment_status":"closed","ping_status":"open","template":"","meta":{"_monsterinsights_skip_tracking":false,"_monsterinsights_sitenote_active":false,"_monsterinsights_sitenote_note":"","_monsterinsights_sitenote_category":0,"ngg_post_thumbnail":0,"footnotes":""},"class_list":["post-653","page","type-page","status-publish","hentry"],"aioseo_notices":[],"amp_enabled":true,"_links":{"self":[{"href":"https:\/\/histoirencours.fr\/blog\/index.php?rest_route=\/wp\/v2\/pages\/653","targetHints":{"allow":["GET"]}}],"collection":[{"href":"https:\/\/histoirencours.fr\/blog\/index.php?rest_route=\/wp\/v2\/pages"}],"about":[{"href":"https:\/\/histoirencours.fr\/blog\/index.php?rest_route=\/wp\/v2\/types\/page"}],"author":[{"embeddable":true,"href":"https:\/\/histoirencours.fr\/blog\/index.php?rest_route=\/wp\/v2\/users\/1"}],"replies":[{"embeddable":true,"href":"https:\/\/histoirencours.fr\/blog\/index.php?rest_route=%2Fwp%2Fv2%2Fcomments&post=653"}],"version-history":[{"count":5,"href":"https:\/\/histoirencours.fr\/blog\/index.php?rest_route=\/wp\/v2\/pages\/653\/revisions"}],"predecessor-version":[{"id":658,"href":"https:\/\/histoirencours.fr\/blog\/index.php?rest_route=\/wp\/v2\/pages\/653\/revisions\/658"}],"up":[{"embeddable":true,"href":"https:\/\/histoirencours.fr\/blog\/index.php?rest_route=\/wp\/v2\/pages\/656"}],"wp:attachment":[{"href":"https:\/\/histoirencours.fr\/blog\/index.php?rest_route=%2Fwp%2Fv2%2Fmedia&parent=653"}],"curies":[{"name":"wp","href":"https:\/\/api.w.org\/{rel}","templated":true}]}}