{"id":656,"date":"2011-10-24T14:19:15","date_gmt":"2011-10-24T12:19:15","guid":{"rendered":"http:\/\/histoirencours.fr\/blog\/?page_id=656"},"modified":"2014-03-05T10:38:56","modified_gmt":"2014-03-05T09:38:56","slug":"assr","status":"publish","type":"page","link":"https:\/\/histoirencours.fr\/blog\/?page_id=656","title":{"rendered":"ASSR"},"content":{"rendered":"<p><span style=\"color: #ff0000;\"><img loading=\"lazy\" decoding=\"async\" class=\"alignleft\" alt=\"\" src=\"http:\/\/www.baratti-paris12.com\/wp-content\/uploads\/2010\/07\/201007-securite_routiere.png\" width=\"398\" height=\"266\" \/>L&#8217;ASSR est l&#8217;attestation de S\u00e9curit\u00e9 routi\u00e8re.<\/span> L&#8217;examen est pass\u00e9 au coll\u00e8ge en 5\u00e8me et 3\u00e8me sous la responsabilit\u00e9 du d\u00e9l\u00e9gu\u00e9 S\u00e9curit\u00e9 routi\u00e8re (c&#8217;est-\u00e0 dire votre serviteur au coll\u00e8ge de Signy-l&#8217;Abbaye).<\/p>\n<p><span style=\"color: #cc99ff;\"><span style=\"color: #000000;\">Voici plusieurs pages pour s&#8217;y pr\u00e9parer efficacement et conna\u00eetre les r\u00e8gles et comportements n\u00e9cessaires pour \u00eatre en s\u00e9curit\u00e9 sur la route.<\/span><span style=\"color: #000000;\">\u00a0Cliquer sur le lien pour rejoindre la page souhait\u00e9e.\u00a0<\/span><\/span><\/p>\n<ul>\n<li><a href=\"http:\/\/histoirencours.fr\/blog\/?page_id=653\">L&#8217;ASSR, qu&#8217;est-ce que c&#8217;est ?<\/a><\/li>\n<li><a href=\"http:\/\/histoirencours.fr\/blog\/?page_id=661\">Apprendre et r\u00e9viser<\/a> le Code de la route, mais aussi l&#8217;ensemble de ce qui est utile pour pr\u00e9parer l&#8217;ASSR.<\/li>\n<li><a href=\"http:\/\/histoirencours.fr\/blog\/?page_id=670\">S&#8217;entra\u00eener \u00e0 passer l&#8217;ASSR<\/a> avec des tests, des annales de l&#8217;\u00e9preuve.<\/li>\n<li><a href=\"http:\/\/histoirencours.fr\/blog\/?page_id=680\">Des vid\u00e9os<\/a> pour r\u00e9viser, mais aussi pour s&#8217;informer et se rendre compte des dangers de la route.<\/li>\n<\/ul>\n<p>Views: 523<\/p>","protected":false},"excerpt":{"rendered":"<p>L&#8217;ASSR est l&#8217;attestation de S\u00e9curit\u00e9 routi\u00e8re. L&#8217;examen est pass\u00e9 au coll\u00e8ge en 5\u00e8me et 3\u00e8me sous la responsabilit\u00e9 du d\u00e9l\u00e9gu\u00e9 S\u00e9curit\u00e9 routi\u00e8re (c&#8217;est-\u00e0 dire votre serviteur au coll\u00e8ge de Signy-l&#8217;Abbaye). Voici plusieurs pages pour s&#8217;y pr\u00e9parer efficacement et conna\u00eetre les &hellip; <a href=\"https:\/\/histoirencours.fr\/blog\/?page_id=656\">Continuer la lecture <span class=\"meta-nav\">&rarr;<\/span><\/a><\/p>\n","protected":false},"author":1,"featured_media":0,"parent":0,"menu_order":5,"comment_status":"closed","ping_status":"open","template":"","meta":{"_monsterinsights_skip_tracking":false,"_monsterinsights_sitenote_active":false,"_monsterinsights_sitenote_note":"","_monsterinsights_sitenote_category":0,"ngg_post_thumbnail":0,"footnotes":""},"class_list":["post-656","page","type-page","status-publish","hentry"],"aioseo_notices":[],"amp_enabled":true,"_links":{"self":[{"href":"https:\/\/histoirencours.fr\/blog\/index.php?rest_route=\/wp\/v2\/pages\/656","targetHints":{"allow":["GET"]}}],"collection":[{"href":"https:\/\/histoirencours.fr\/blog\/index.php?rest_route=\/wp\/v2\/pages"}],"about":[{"href":"https:\/\/histoirencours.fr\/blog\/index.php?rest_route=\/wp\/v2\/types\/page"}],"author":[{"embeddable":true,"href":"https:\/\/histoirencours.fr\/blog\/index.php?rest_route=\/wp\/v2\/users\/1"}],"replies":[{"embeddable":true,"href":"https:\/\/histoirencours.fr\/blog\/index.php?rest_route=%2Fwp%2Fv2%2Fcomments&post=656"}],"version-history":[{"count":10,"href":"https:\/\/histoirencours.fr\/blog\/index.php?rest_route=\/wp\/v2\/pages\/656\/revisions"}],"predecessor-version":[{"id":3182,"href":"https:\/\/histoirencours.fr\/blog\/index.php?rest_route=\/wp\/v2\/pages\/656\/revisions\/3182"}],"wp:attachment":[{"href":"https:\/\/histoirencours.fr\/blog\/index.php?rest_route=%2Fwp%2Fv2%2Fmedia&parent=656"}],"curies":[{"name":"wp","href":"https:\/\/api.w.org\/{rel}","templated":true}]}}