{"id":670,"date":"2011-10-24T16:05:48","date_gmt":"2011-10-24T14:05:48","guid":{"rendered":"http:\/\/histoirencours.fr\/blog\/?page_id=670"},"modified":"2014-03-05T10:35:22","modified_gmt":"2014-03-05T09:35:22","slug":"sentrainer-a-passer-lassr","status":"publish","type":"page","link":"https:\/\/histoirencours.fr\/blog\/?page_id=670","title":{"rendered":"S&#8217;entra\u00eener \u00e0 passer l&#8217;ASSR"},"content":{"rendered":"<p><a href=\"http:\/\/histoirencours.fr\/blog\/wp-content\/uploads\/2011\/10\/ASSR1.jpg\"><img loading=\"lazy\" decoding=\"async\" class=\"alignleft size-thumbnail wp-image-671\" title=\"ASSR1\" alt=\"\" src=\"http:\/\/histoirencours.fr\/blog\/wp-content\/uploads\/2011\/10\/ASSR1-150x150.jpg\" width=\"150\" height=\"150\" \/><\/a>Fini de r\u00e9viser, il est temps de savoir si vous \u00eates pr\u00eats. Cette page regroupe donc les liens vers<span style=\"color: #ff0000;\"> des tests comme \u00e0 l&#8217;\u00e9preuve de l&#8217;ASSR. <span style=\"color: #000000;\">Elle est compl\u00e9mentaire de la page de r\u00e9visions, certains sites figurent d&#8217;ailleurs dans les deux pages.<\/span><\/span><\/p>\n<p><span style=\"color: #ff0000;\">Bonne chance dans vos tentatives!<\/span><\/p>\n<p>En premier, les sites avec les \u00e9preuves ASSR 1 et ASSR 2 des ann\u00e9es pr\u00e9c\u00e9dentes (les annales). N&#8217;oubliez pas que vous pouvez pour la plupart <span style=\"text-decoration: underline;\">t\u00e9l\u00e9charger et imprimer la fiche de r\u00e9ponses<\/span> pour faire comme en vrai! <strong><span style=\"color: #ff0000;\">Il faut 10\/20 pour obtenir le dipl\u00f4me!<\/span><\/strong><\/p>\n<p>Sur ESR, un ensemble de questions class\u00e9es par niveau comme lors de l&#8217;\u00e9preuve <a href=\"http:\/\/eduscol.education.fr\/education-securite-routiere\/spip.php?article235\" target=\"_blank\">ici<\/a>, les <a href=\"http:\/\/www.education-securite-routiere.fr\/spip.php?article38\" target=\"_blank\">annales 2007 de l&#8217;ASSR 1<\/a>\u00a0et les <a href=\"http:\/\/www.education-securite-routiere.fr\/spip.php?article47\" target=\"_blank\">annales 2007 et 2009 de l&#8217;ASSR 2<\/a>.<\/p>\n<p>Les <a href=\"http:\/\/www.college-lapierre.fr\/spip.php?article410\" target=\"_blank\">annales 2011<\/a> du coll\u00e8ge Lapierre avec les vid\u00e9os des ASSR1 et ASSR2 ainsi que le rattrapage et les fiches r\u00e9ponses \u00e0 t\u00e9l\u00e9charger.<\/p>\n<p>Toujours sur ESR, <a href=\"http:\/\/preparer-assr.education-securite-routiere.fr\/\" target=\"_blank\">se pr\u00e9parer \u00e0 l&#8217;ASSR<\/a>, id\u00e9al pour r\u00e9viser et s&#8217;entra\u00eener puisque les questions sont comment\u00e9es.<\/p>\n<p>Une soci\u00e9t\u00e9 d&#8217;assurance vient de cr\u00e9er une application Facebook pour r\u00e9viser et s&#8217;entra\u00eener \u00e0 l&#8217;ASSR. Elle est tr\u00e8s pratique et permet de te mesurer \u00e0 tes amis :\u00a0<a href=\"https:\/\/www.facebook.com\/zerotracasmma?sk=app_358916624141004\">https:\/\/www.facebook.com\/zerotracasmma?sk=app_358916624141004<\/a><\/p>\n<p>Elle a cr\u00e9\u00e9 \u00e9galement son <span style=\"color: #ff0000;\">appli Android &#8220;ASSR 1 et 2&#8221;<\/span> que vous pouvez retrouver sur Google Play. Sa description est <a href=\"https:\/\/play.google.com\/store\/apps\/details?id=com.mma.assr&amp;feature=search_result#?t=W251bGwsMSwyLDEsImNvbS5tbWEuYXNzciJd\" target=\"_blank\">ici<\/a>.<\/p>\n<p>Sur le site Code 3000.net, <a href=\"http:\/\/www.code3000.net\/bsr-assr-cyclo.php\" target=\"_blank\">15 tests de Code de la route<\/a> niveau ASSR. A consommer sans mod\u00e9ration!<\/p>\n<p>Sur Z\u00e9rotracas.com, <a href=\"http:\/\/www.zerotracas.com\/code-de-la-route-attestation-scolaire-de-securite-routiere-assr-1-et-2.html\" target=\"_blank\">des tests au choix ASSR 1 ou 2<\/a> et class\u00e9s par th\u00e8me. L\u00e0 encore, c&#8217;est tr\u00e8s bien fait.<\/p>\n<p>Sur Aviva, <a href=\"http:\/\/www.aviva.fr\/assurances\/conseil-assurance\/prevention-routiere\/securite-routiere\/code-de-la-route-gratuit\" target=\"_blank\">des tests de Code de la route<\/a> class\u00e9s par th\u00e8me.<\/p>\n<p>Un<a href=\"http:\/\/eduroute.ac-rouen.fr\/prepassr\/presentation.html\" target=\"_blank\"> test ASSR<\/a> de l&#8217;acad\u00e9mie de Rouen avec les explications sur les r\u00e9ponses, mais avec un petit probl\u00e8me d&#8217;affichage de la correction avec Google Chrome.<\/p>\n<p>Une <a href=\"http:\/\/samtris.free.fr\/3e\/securiteroutiere\/index.html\" target=\"_blank\">\u00e9valuation ASSR 2<\/a> sous forme de livre Didapages.<\/p>\n<p>Une <a href=\"http:\/\/www.cooldriving.ch\/fr\/index.htm#\" target=\"_blank\">excellente animation interactive<\/a> r\u00e9alis\u00e9e en Suisse sur la conduite en v\u00e9lo ou en voiture (\u00e0 essayer au moins une fois).<\/p>\n<p style=\"text-align: center;\"><em><span style=\"color: #ff0000;\"><a href=\"http:\/\/histoirencours.fr\/blog\/wp-content\/uploads\/2011\/10\/assr2.jpg\"><img loading=\"lazy\" decoding=\"async\" class=\"alignleft size-thumbnail wp-image-672\" title=\"assr2\" alt=\"\" src=\"http:\/\/histoirencours.fr\/blog\/wp-content\/uploads\/2011\/10\/assr2-150x137.jpg\" width=\"150\" height=\"137\" \/><\/a>Alors, maintenant vous \u00eates au top avec tout cela j&#8217;esp\u00e8re!<\/span><\/em><\/p>\n<p style=\"text-align: center;\">\u00a0<a href=\"http:\/\/histoirencours.fr\/blog\/?page_id=656\">retour au sommaire de l&#8217;ASSR<\/a><\/p>\n<p>Views: 681<\/p>","protected":false},"excerpt":{"rendered":"<p>Fini de r\u00e9viser, il est temps de savoir si vous \u00eates pr\u00eats. Cette page regroupe donc les liens vers des tests comme \u00e0 l&#8217;\u00e9preuve de l&#8217;ASSR. Elle est compl\u00e9mentaire de la page de r\u00e9visions, certains sites figurent d&#8217;ailleurs dans les &hellip; <a href=\"https:\/\/histoirencours.fr\/blog\/?page_id=670\">Continuer la lecture <span class=\"meta-nav\">&rarr;<\/span><\/a><\/p>\n","protected":false},"author":1,"featured_media":0,"parent":656,"menu_order":3,"comment_status":"open","ping_status":"open","template":"","meta":{"_monsterinsights_skip_tracking":false,"_monsterinsights_sitenote_active":false,"_monsterinsights_sitenote_note":"","_monsterinsights_sitenote_category":0,"ngg_post_thumbnail":0,"footnotes":""},"class_list":["post-670","page","type-page","status-publish","hentry"],"aioseo_notices":[],"amp_enabled":true,"_links":{"self":[{"href":"https:\/\/histoirencours.fr\/blog\/index.php?rest_route=\/wp\/v2\/pages\/670","targetHints":{"allow":["GET"]}}],"collection":[{"href":"https:\/\/histoirencours.fr\/blog\/index.php?rest_route=\/wp\/v2\/pages"}],"about":[{"href":"https:\/\/histoirencours.fr\/blog\/index.php?rest_route=\/wp\/v2\/types\/page"}],"author":[{"embeddable":true,"href":"https:\/\/histoirencours.fr\/blog\/index.php?rest_route=\/wp\/v2\/users\/1"}],"replies":[{"embeddable":true,"href":"https:\/\/histoirencours.fr\/blog\/index.php?rest_route=%2Fwp%2Fv2%2Fcomments&post=670"}],"version-history":[{"count":11,"href":"https:\/\/histoirencours.fr\/blog\/index.php?rest_route=\/wp\/v2\/pages\/670\/revisions"}],"predecessor-version":[{"id":3178,"href":"https:\/\/histoirencours.fr\/blog\/index.php?rest_route=\/wp\/v2\/pages\/670\/revisions\/3178"}],"up":[{"embeddable":true,"href":"https:\/\/histoirencours.fr\/blog\/index.php?rest_route=\/wp\/v2\/pages\/656"}],"wp:attachment":[{"href":"https:\/\/histoirencours.fr\/blog\/index.php?rest_route=%2Fwp%2Fv2%2Fmedia&parent=670"}],"curies":[{"name":"wp","href":"https:\/\/api.w.org\/{rel}","templated":true}]}}