{"id":68,"date":"2011-07-15T16:42:35","date_gmt":"2011-07-15T14:42:35","guid":{"rendered":"http:\/\/histoirencours.fr\/blog\/?page_id=68"},"modified":"2013-10-19T22:14:58","modified_gmt":"2013-10-19T20:14:58","slug":"quiz-de-geographie-de-6eme","status":"publish","type":"page","link":"https:\/\/histoirencours.fr\/blog\/?page_id=68","title":{"rendered":"Quiz de G\u00e9ographie de 6\u00e8me"},"content":{"rendered":"<h2><img decoding=\"async\" class=\"aligncenter\" alt=\"\" src=\"http:\/\/jdorilleau.pagesperso-orange.fr\/image_885.jpg\" \/><\/h2>\n<h2><span style=\"color: #ff0000;\">Cette page regroupe tous les quiz que j&#8217;ai r\u00e9alis\u00e9s pour r\u00e9viser les le\u00e7ons de G\u00e9ographie. Ils sont class\u00e9s en suivant les chapitres du programme.<\/span><\/h2>\n<p><span style=\"text-decoration: underline; font-size: large;\"><strong><span style=\"color: #000080; text-decoration: underline;\">Chapitre 1 : Mon espace proche<\/span><\/strong><\/span> Le quiz se concentre sur les rep\u00e8res terrestres de base et quelques d\u00e9finitions. <a href=\"http:\/\/histoirencours.fr\/quizz\/Quizz6eme\/Reperes-Sixieme-Web\/index.html\" target=\"_blank\"><img loading=\"lazy\" decoding=\"async\" class=\"aligncenter size-full wp-image-61\" title=\"Netquiz Pro_Francais\" alt=\"\" src=\"http:\/\/histoirencours.fr\/blog\/wp-content\/uploads\/2011\/07\/Netquiz-Pro_Francais.png\" width=\"64\" height=\"64\" \/><\/a><\/p>\n<p>&nbsp;<\/p>\n<p>Un test interactif sur oc\u00e9ans, continents et lignes imaginaires.<\/p>\n<p><iframe loading=\"lazy\" src=\"http:\/\/fr.educaplay.com\/fr\/activiteeducatives\/1054357\/html5\/se_reperer_sur_le_planisphere.htm?idColeccion=14841\" height=\"600\" width=\"640\" frameborder=\"0\"><\/iframe><\/p>\n<p>En cliquant sur ce lien, jouez \u00e0 un test de 5 cartes sur ce sujet, parfois un peu surprenantes&#8230;\u00a0<a href=\"http:\/\/fr.educaplay.com\/fr\/collection\/14841\/1\/se_reperer_sur_le_planisphere.htm\">http:\/\/fr.educaplay.com\/fr\/collection\/14841\/1\/se_reperer_sur_le_planisphere.htm<\/a><\/p>\n<h3><span style=\"text-decoration: underline;\"><strong><span style=\"color: #000080; text-decoration: underline;\">Chapitre 2:\u00a0O\u00f9 sont les Hommes sur la Terre ?<\/span><\/strong><\/span><\/h3>\n<p style=\"text-align: left;\" align=\"center\">Le premier consacr\u00e9 surtout\u00a0aux <a href=\"http:\/\/histoirencours.fr\/quizz\/Quizz6eme\/HommesTerre-Web\/index.html\" target=\"_blank\">densit\u00e9s contrast\u00e9es\u00a0de population sur la plan\u00e8te\u00a0et \u00e0\u00a0leurs localisations<\/a><\/p>\n<p style=\"text-align: left;\" align=\"center\">Le deuxi\u00e8me consacr\u00e9 surtout aux <a href=\"http:\/\/histoirencours.fr\/quizz\/Quizz6eme\/HommesTerre2-Web\/index.html\" target=\"_blank\">contraintes naturelles, au relief terrestre et aux zones climatiques<\/a><\/p>\n<p style=\"text-align: left;\" align=\"center\">Le troisi\u00e8me consacr\u00e9 \u00e0 <a href=\"http:\/\/histoirencours.fr\/quizz\/Quizz6eme\/HommesTerre3-Web\/index.html\" target=\"_blank\">l&#8217;\u00e9tude de l&#8217;Asie de l&#8217;Est<\/a><\/p>\n<p style=\"text-align: left;\" align=\"center\"><span style=\"color: #ff0000;\">Une carte UMapper<\/span> r\u00e9alis\u00e9e par mes soins pour r\u00e9viser les endroits \u00e0 localiser. Il faut mettre en plein \u00e9cran et &#8220;d\u00e9zoomer&#8221; pour voir tout le planisph\u00e8re :<object id=\"umapper_embed\" width=\"500\" height=\"300\" classid=\"clsid:d27cdb6e-ae6d-11cf-96b8-444553540000\" codebase=\"http:\/\/download.macromedia.com\/pub\/shockwave\/cabs\/flash\/swflash.cab#version=6,0,40,0\"><param name=\"FlashVars\" value=\"kmlPath=http:\/\/umapper.s3.amazonaws.com\/maps\/kml\/118407.kml\" \/><param name=\"allowScriptAccess\" value=\"always\" \/><param name=\"allowFullScreen\" value=\"true\" \/><param name=\"quality\" value=\"high\" \/><param name=\"src\" value=\"http:\/\/umapper.s3.amazonaws.com\/templates\/swf\/embed_geodart.swf\" \/><param name=\"flashvars\" value=\"kmlPath=http:\/\/umapper.s3.amazonaws.com\/maps\/kml\/118407.kml\" \/><param name=\"allowscriptaccess\" value=\"always\" \/><param name=\"allowfullscreen\" value=\"true\" \/><param name=\"pluginspage\" value=\"http:\/\/www.macromedia.com\/go\/getflashplayer\" \/><embed id=\"umapper_embed\" width=\"500\" height=\"300\" type=\"application\/x-shockwave-flash\" src=\"http:\/\/umapper.s3.amazonaws.com\/templates\/swf\/embed_geodart.swf\" FlashVars=\"kmlPath=http:\/\/umapper.s3.amazonaws.com\/maps\/kml\/118407.kml\" allowScriptAccess=\"always\" allowFullScreen=\"true\" quality=\"high\" flashvars=\"kmlPath=http:\/\/umapper.s3.amazonaws.com\/maps\/kml\/118407.kml\" allowscriptaccess=\"always\" allowfullscreen=\"true\" pluginspage=\"http:\/\/www.macromedia.com\/go\/getflashplayer\" \/><\/object><\/p>\n<p style=\"text-align: left;\" align=\"center\">Enfin, un lien vers un exercice de localisation des contraintes naturelles r\u00e9alis\u00e9 par un autre professeur d&#8217;Histoire-G\u00e9ographie :\u00a0<a href=\"http:\/\/wontu.fr\/CONTRAINTES_DENSITES.html\" target=\"_blank\"><span><span style=\"color: #0066cc;\">http:\/\/wontu.fr\/CONTRAINTES_DENSITES.html<\/span><\/span><\/a><\/p>\n<h3 style=\"text-align: left;\" align=\"center\"><\/h3>\n<h3 style=\"text-align: left;\" align=\"center\"><span style=\"text-decoration: underline;\"><strong><span style=\"color: #000080; text-decoration: underline;\">Chapitre 3 :\u00a0Habiter la ville<\/span><\/strong><\/span><\/h3>\n<p style=\"text-align: left;\" align=\"center\">Un quizz bas\u00e9 sur <a href=\"http:\/\/histoirencours.fr\/quizz\/Quizz6eme\/Habiter-la-ville-Web\/index.html\" target=\"_blank\">Paris et Le Caire<\/a><\/p>\n<p>\u00a0 <a title=\"Quiz et mots crois\u00e9s de 6\u00e8me\" href=\"http:\/\/histoirencours.fr\/blog\/?page_id=27\">Retour \u00e0 la page Quiz et mots crois\u00e9s de 6\u00e8me<\/a><\/p>\n<p>Views: 1031<\/p>","protected":false},"excerpt":{"rendered":"<p>Cette page regroupe tous les quiz que j&#8217;ai r\u00e9alis\u00e9s pour r\u00e9viser les le\u00e7ons de G\u00e9ographie. Ils sont class\u00e9s en suivant les chapitres du programme. Chapitre 1 : Mon espace proche Le quiz se concentre sur les rep\u00e8res terrestres de base &hellip; <a href=\"https:\/\/histoirencours.fr\/blog\/?page_id=68\">Continuer la lecture <span class=\"meta-nav\">&rarr;<\/span><\/a><\/p>\n","protected":false},"author":1,"featured_media":0,"parent":27,"menu_order":0,"comment_status":"closed","ping_status":"open","template":"","meta":{"_monsterinsights_skip_tracking":false,"_monsterinsights_sitenote_active":false,"_monsterinsights_sitenote_note":"","_monsterinsights_sitenote_category":0,"ngg_post_thumbnail":0,"footnotes":""},"class_list":["post-68","page","type-page","status-publish","hentry"],"aioseo_notices":[],"amp_enabled":true,"_links":{"self":[{"href":"https:\/\/histoirencours.fr\/blog\/index.php?rest_route=\/wp\/v2\/pages\/68","targetHints":{"allow":["GET"]}}],"collection":[{"href":"https:\/\/histoirencours.fr\/blog\/index.php?rest_route=\/wp\/v2\/pages"}],"about":[{"href":"https:\/\/histoirencours.fr\/blog\/index.php?rest_route=\/wp\/v2\/types\/page"}],"author":[{"embeddable":true,"href":"https:\/\/histoirencours.fr\/blog\/index.php?rest_route=\/wp\/v2\/users\/1"}],"replies":[{"embeddable":true,"href":"https:\/\/histoirencours.fr\/blog\/index.php?rest_route=%2Fwp%2Fv2%2Fcomments&post=68"}],"version-history":[{"count":26,"href":"https:\/\/histoirencours.fr\/blog\/index.php?rest_route=\/wp\/v2\/pages\/68\/revisions"}],"predecessor-version":[{"id":2910,"href":"https:\/\/histoirencours.fr\/blog\/index.php?rest_route=\/wp\/v2\/pages\/68\/revisions\/2910"}],"up":[{"embeddable":true,"href":"https:\/\/histoirencours.fr\/blog\/index.php?rest_route=\/wp\/v2\/pages\/27"}],"wp:attachment":[{"href":"https:\/\/histoirencours.fr\/blog\/index.php?rest_route=%2Fwp%2Fv2%2Fmedia&parent=68"}],"curies":[{"name":"wp","href":"https:\/\/api.w.org\/{rel}","templated":true}]}}