{"id":680,"date":"2011-10-24T18:19:42","date_gmt":"2011-10-24T16:19:42","guid":{"rendered":"http:\/\/histoirencours.fr\/blog\/?page_id=680"},"modified":"2014-03-05T11:01:53","modified_gmt":"2014-03-05T10:01:53","slug":"la-securite-routiere-en-videos","status":"publish","type":"page","link":"https:\/\/histoirencours.fr\/blog\/?page_id=680","title":{"rendered":"La s\u00e9curit\u00e9 routi\u00e8re en vid\u00e9os"},"content":{"rendered":"<p>On trouve beaucoup de <span style=\"color: #ff0000;\">vid\u00e9os sur la S\u00e9curit\u00e9 routi\u00e8re<\/span> sur Internet. Voici quelques liens pour apprendre en vid\u00e9os, mais aussi pour voir ce qui peut malheureusement se passer sur la route.<\/p>\n<p>Le<span style=\"color: #ff0000;\"> scooter<\/span> c&#8217;est sympa, mais ce n&#8217;est pas sans dangers. Quand on est un poulet ou une citrouille, c&#8217;est risqu\u00e9 mais \u00e7a n&#8217;a pas trop de cons\u00e9quences, quand on est un homme&#8230;<\/p>\n<p><iframe loading=\"lazy\" src=\"\/\/www.youtube.com\/embed\/NrbRC1i9quY?list=UUjWHUoshj58bqm-ci7No5Pw\" height=\"315\" width=\"560\" allowfullscreen=\"\" frameborder=\"0\"><\/iframe><br \/>\nD&#8217;autres vid\u00e9os du m\u00eame genre \u00e0 retrouver sur <a href=\"http:\/\/www.youtube.com\/user\/LucOlivierLafeuille\/videos\" target=\"_blank\">cette cha\u00eene<\/a> YouTube.<a href=\"http:\/\/www.scootexperience.com\/\"><br \/>\n<\/a><\/p>\n<p>Beaucoup moins dr\u00f4les, des t\u00e9moignages sur des accidents de scooter \u00e0 voir <a href=\"http:\/\/eduscol.education.fr\/education-securite-routiere\/spip.php?article116\" target=\"_blank\">ici\u00a0<\/a>(ces vid\u00e9os concernent les plus de 14 ans qui peuvent conduire ce genre d&#8217;engin avec le BSR, les autres doivent attendre cet \u00e2ge).<\/p>\n<p>Les vid\u00e9os consacr\u00e9es \u00e0 la s\u00e9curit\u00e9 routi\u00e8re de l&#8217;\u00e9mission Turbo de M6 <a href=\"http:\/\/www.securite-routiere.gouv.fr\/medias-outils\/galerie-videos\" target=\"_blank\">ici<\/a>.\u00a0<a href=\"http:\/\/www.gouvernement.fr\/politiques-publiques\/Developpement-durable\/Securite-routiere\/videos?page=1\" target=\"_blank\"><br \/>\n<\/a><\/p>\n<p style=\"text-align: center;\"><a href=\"http:\/\/histoirencours.fr\/blog\/?page_id=656\">retour au sommaire ASSR<\/a><\/p>\n<p>Views: 45<\/p>","protected":false},"excerpt":{"rendered":"<p>On trouve beaucoup de vid\u00e9os sur la S\u00e9curit\u00e9 routi\u00e8re sur Internet. Voici quelques liens pour apprendre en vid\u00e9os, mais aussi pour voir ce qui peut malheureusement se passer sur la route. Le scooter c&#8217;est sympa, mais ce n&#8217;est pas sans &hellip; <a href=\"https:\/\/histoirencours.fr\/blog\/?page_id=680\">Continuer la lecture <span class=\"meta-nav\">&rarr;<\/span><\/a><\/p>\n","protected":false},"author":1,"featured_media":0,"parent":656,"menu_order":4,"comment_status":"open","ping_status":"open","template":"","meta":{"_monsterinsights_skip_tracking":false,"_monsterinsights_sitenote_active":false,"_monsterinsights_sitenote_note":"","_monsterinsights_sitenote_category":0,"ngg_post_thumbnail":0,"footnotes":""},"class_list":["post-680","page","type-page","status-publish","hentry"],"aioseo_notices":[],"amp_enabled":true,"_links":{"self":[{"href":"https:\/\/histoirencours.fr\/blog\/index.php?rest_route=\/wp\/v2\/pages\/680","targetHints":{"allow":["GET"]}}],"collection":[{"href":"https:\/\/histoirencours.fr\/blog\/index.php?rest_route=\/wp\/v2\/pages"}],"about":[{"href":"https:\/\/histoirencours.fr\/blog\/index.php?rest_route=\/wp\/v2\/types\/page"}],"author":[{"embeddable":true,"href":"https:\/\/histoirencours.fr\/blog\/index.php?rest_route=\/wp\/v2\/users\/1"}],"replies":[{"embeddable":true,"href":"https:\/\/histoirencours.fr\/blog\/index.php?rest_route=%2Fwp%2Fv2%2Fcomments&post=680"}],"version-history":[{"count":6,"href":"https:\/\/histoirencours.fr\/blog\/index.php?rest_route=\/wp\/v2\/pages\/680\/revisions"}],"predecessor-version":[{"id":3184,"href":"https:\/\/histoirencours.fr\/blog\/index.php?rest_route=\/wp\/v2\/pages\/680\/revisions\/3184"}],"up":[{"embeddable":true,"href":"https:\/\/histoirencours.fr\/blog\/index.php?rest_route=\/wp\/v2\/pages\/656"}],"wp:attachment":[{"href":"https:\/\/histoirencours.fr\/blog\/index.php?rest_route=%2Fwp%2Fv2%2Fmedia&parent=680"}],"curies":[{"name":"wp","href":"https:\/\/api.w.org\/{rel}","templated":true}]}}