{"id":72,"date":"2011-07-15T16:49:47","date_gmt":"2011-07-15T14:49:47","guid":{"rendered":"http:\/\/histoirencours.fr\/blog\/?page_id=72"},"modified":"2011-10-05T11:00:18","modified_gmt":"2011-10-05T09:00:18","slug":"quiz-deducation-civique-de-6eme","status":"publish","type":"page","link":"https:\/\/histoirencours.fr\/blog\/?page_id=72","title":{"rendered":"Quiz d&#8217;Education civique de 6\u00e8me"},"content":{"rendered":"<h2><img loading=\"lazy\" decoding=\"async\" class=\"aligncenter\" src=\"http:\/\/jdorilleau.pagesperso-orange.fr\/image_905.jpg\" alt=\"\" width=\"180\" height=\"143\" \/><\/h2>\n<h2><span style=\"color: #ff0000;\">Cette page regroupe les quelques quiz d&#8217;Education civique de 6\u00e8me<\/span><\/h2>\n<h3><strong><span style=\"text-decoration: underline;\"><span style=\"color: #000080; text-decoration: underline;\">Chapitre 1 : Le coll\u00e9gien<\/span><\/span><\/strong><\/h3>\n<p><span class=\"Apple-style-span\" style=\"color: #000000;\">Une <span style=\"color: #ff0000;\">grille de mots crois\u00e9s<\/span> pour conna\u00eetre le \u00a0coll\u00e8ge et le droit \u00e0 l&#8217;\u00e9ducation.<\/span><\/p>\n<p style=\"text-align: center;\"><a href=\"http:\/\/histoirencours.fr\/quizz\/mots6eme\/grille_collegien_html_1\/index.html\" target=\"_blank\"><img loading=\"lazy\" decoding=\"async\" class=\"aligncenter size-thumbnail wp-image-42\" title=\"image grille\" src=\"http:\/\/histoirencours.fr\/blog\/wp-content\/uploads\/2011\/07\/image-grille-150x150.jpg\" alt=\"\" width=\"90\" height=\"90\" \/><\/a><\/p>\n<h3><strong><span style=\"text-decoration: underline;\"><span style=\"color: #000080; text-decoration: underline;\">Chapitre 2\u00a0: L&#8217;enfant<\/span><\/span><\/strong><\/h3>\n<p>Un\u00a0<span style=\"color: #ff0000;\">quiz<\/span>\u00a0pour r\u00e9viser\u00a0ce chapitre consacr\u00e9 \u00e0 <a href=\"http:\/\/histoirencours.fr\/quizz\/Quizz6eme\/Lenfant-Web\/index.html\" target=\"_blank\">l&#8217;enfant, une personne mineure<\/a><\/p>\n<p>&nbsp;<\/p>\n<p><a title=\"Quiz et mots crois\u00e9s de 6\u00e8me\" href=\"http:\/\/histoirencours.fr\/blog\/?page_id=27\">Retour \u00e0 la page Quiz et mots crois\u00e9s de 6\u00e8me<\/a><\/p>\n<p>Views: 486<\/p>","protected":false},"excerpt":{"rendered":"<p>Cette page regroupe les quelques quiz d&#8217;Education civique de 6\u00e8me Chapitre 1 : Le coll\u00e9gien Une grille de mots crois\u00e9s pour conna\u00eetre le \u00a0coll\u00e8ge et le droit \u00e0 l&#8217;\u00e9ducation. Chapitre 2\u00a0: L&#8217;enfant Un\u00a0quiz\u00a0pour r\u00e9viser\u00a0ce chapitre consacr\u00e9 \u00e0 l&#8217;enfant, une personne &hellip; <a href=\"https:\/\/histoirencours.fr\/blog\/?page_id=72\">Continuer la lecture <span class=\"meta-nav\">&rarr;<\/span><\/a><\/p>\n","protected":false},"author":1,"featured_media":0,"parent":27,"menu_order":0,"comment_status":"closed","ping_status":"open","template":"","meta":{"_monsterinsights_skip_tracking":false,"_monsterinsights_sitenote_active":false,"_monsterinsights_sitenote_note":"","_monsterinsights_sitenote_category":0,"ngg_post_thumbnail":0,"footnotes":""},"class_list":["post-72","page","type-page","status-publish","hentry"],"aioseo_notices":[],"amp_enabled":true,"_links":{"self":[{"href":"https:\/\/histoirencours.fr\/blog\/index.php?rest_route=\/wp\/v2\/pages\/72","targetHints":{"allow":["GET"]}}],"collection":[{"href":"https:\/\/histoirencours.fr\/blog\/index.php?rest_route=\/wp\/v2\/pages"}],"about":[{"href":"https:\/\/histoirencours.fr\/blog\/index.php?rest_route=\/wp\/v2\/types\/page"}],"author":[{"embeddable":true,"href":"https:\/\/histoirencours.fr\/blog\/index.php?rest_route=\/wp\/v2\/users\/1"}],"replies":[{"embeddable":true,"href":"https:\/\/histoirencours.fr\/blog\/index.php?rest_route=%2Fwp%2Fv2%2Fcomments&post=72"}],"version-history":[{"count":9,"href":"https:\/\/histoirencours.fr\/blog\/index.php?rest_route=\/wp\/v2\/pages\/72\/revisions"}],"predecessor-version":[{"id":74,"href":"https:\/\/histoirencours.fr\/blog\/index.php?rest_route=\/wp\/v2\/pages\/72\/revisions\/74"}],"up":[{"embeddable":true,"href":"https:\/\/histoirencours.fr\/blog\/index.php?rest_route=\/wp\/v2\/pages\/27"}],"wp:attachment":[{"href":"https:\/\/histoirencours.fr\/blog\/index.php?rest_route=%2Fwp%2Fv2%2Fmedia&parent=72"}],"curies":[{"name":"wp","href":"https:\/\/api.w.org\/{rel}","templated":true}]}}